{"id":17716,"date":"2024-08-22T19:38:35","date_gmt":"2024-08-22T19:38:35","guid":{"rendered":"https:\/\/topholds.com\/?page_id=17716"},"modified":"2024-08-22T19:38:37","modified_gmt":"2024-08-22T19:38:37","slug":"frais-livraison","status":"publish","type":"page","link":"https:\/\/topholds.com\/fr\/frais-livraison\/","title":{"rendered":"Frais de livraison"},"content":{"rendered":"\n<p><b>P\u00e9ninsule<\/b>\u00a0 :<\/p>\n<p>\u2013 3,99 \u20ac Pour les articles de faible poids<\/p>\n<p>\u2013\u00a0Tarif forfaitaire de 7,95 \u20ac pour les commandes inf\u00e9rieures \u00e0\u00a0169 \u20ac<\/p>\n<p>\u2013 GRATUIT pour les commandes \u00e9gales ou sup\u00e9rieures \u00e0 169 \u20ac<\/p>\n<p><b>\u00celes Bal\u00e9ares :<\/b><\/p>\n<p>\u2013 Tarif forfaitaire de 9,95 \u20ac pour les commandes inf\u00e9rieures \u00e0 189 \u20ac<\/p>\n<p>\u2013 GRATUIT pour les commandes \u00e9gales ou sup\u00e9rieures \u00e0 189 \u20ac<\/p>\n<p><strong>\u00celes Canaries, Ceuta et Melilla :<\/strong><\/p>\n<p>\u2013 Tarif forfaitaire de 16,95 \u20ac<\/p>\n<p>*les produits envoy\u00e9s \u00e0 ces 3 communaut\u00e9s sont exon\u00e9r\u00e9s de TVA.<\/p>\n<p>\u00c0 la douane, le paiement des taxes en vigueur dans chaque communaut\u00e9 pourrait \u00eatre r\u00e9clam\u00e9.<\/p>\n<p><strong><span style=\"color: #000000;\"><span style=\"color: #333333;\">Portugal, \u00e0 l&rsquo;exclusion des \u00eeles :<\/span><\/span><\/strong><\/p>\n<p>\u2013\u00a0Tarif forfaitaire de 7,95 \u20ac pour les commandes inf\u00e9rieures \u00e0\u00a0169 \u20ac<\/p>\n<p>\u2013 GRATUIT pour les commandes \u00e9gales ou sup\u00e9rieures \u00e0 169 \u20ac<\/p>\n<p>**Pour les \u00eeles du Portugal, veuillez consulter les tarifs au pr\u00e9alable avant de passer commande.<\/p>\n<p><strong>Pays membres de l&rsquo;Union Europ\u00e9enne :<\/strong><\/p>\n<p>-Tarif forfaitaire de 25,35 \u20ac<\/p>\n<p><strong>Reste de l&rsquo;Europe :<\/strong><\/p>\n<p>-Tarif forfaitaire de 49,35 \u20ac<\/p>\n<p><strong>Reste des Pays :<\/strong><\/p>\n<p>Pour le reste des pays, veuillez nous consulter au pr\u00e9alable avant de passer commande<\/p>\n","protected":false},"excerpt":{"rendered":"<p>P\u00e9ninsule\u00a0 : \u2013 3,99 \u20ac Pour les articles de faible poids \u2013\u00a0Tarif forfaitaire de 7,95 \u20ac pour les commandes inf\u00e9rieures&#8230;<\/p>\n","protected":false},"author":2,"featured_media":0,"parent":0,"menu_order":0,"comment_status":"closed","ping_status":"closed","template":"","meta":{"footnotes":""},"class_list":["post-17716","page","type-page","status-publish","hentry"],"_links":{"self":[{"href":"https:\/\/topholds.com\/fr\/wp-json\/wp\/v2\/pages\/17716","targetHints":{"allow":["GET"]}}],"collection":[{"href":"https:\/\/topholds.com\/fr\/wp-json\/wp\/v2\/pages"}],"about":[{"href":"https:\/\/topholds.com\/fr\/wp-json\/wp\/v2\/types\/page"}],"author":[{"embeddable":true,"href":"https:\/\/topholds.com\/fr\/wp-json\/wp\/v2\/users\/2"}],"replies":[{"embeddable":true,"href":"https:\/\/topholds.com\/fr\/wp-json\/wp\/v2\/comments?post=17716"}],"version-history":[{"count":1,"href":"https:\/\/topholds.com\/fr\/wp-json\/wp\/v2\/pages\/17716\/revisions"}],"predecessor-version":[{"id":17717,"href":"https:\/\/topholds.com\/fr\/wp-json\/wp\/v2\/pages\/17716\/revisions\/17717"}],"wp:attachment":[{"href":"https:\/\/topholds.com\/fr\/wp-json\/wp\/v2\/media?parent=17716"}],"curies":[{"name":"wp","href":"https:\/\/api.w.org\/{rel}","templated":true}]}}