{"id":17739,"date":"2024-08-22T22:56:08","date_gmt":"2024-08-22T22:56:08","guid":{"rendered":"https:\/\/topholds.com\/?page_id=17739"},"modified":"2024-08-22T22:56:10","modified_gmt":"2024-08-22T22:56:10","slug":"politique-onfidentialite","status":"publish","type":"page","link":"https:\/\/topholds.com\/fr\/politique-onfidentialite\/","title":{"rendered":"Politique de confidentialit\u00e9"},"content":{"rendered":"\n<p><b>POLITIQUE DE CONFIDENTIALIT\u00c9<\/b><\/p>\n<p><b>Responsable du traitement<\/b><b>\u00a0<\/b><\/p>\n<p><b>Identit\u00e9<\/b>: <b>TECNICOS DE DISE\u00d1OS Y ESPACIOS, S.L.U.<\/b><b>\u00a0<\/b><\/p>\n<p><b>CIF<\/b>: B49238389\u00a0<\/p>\n<p><b>Adresse postale<\/b>: C\/ CHURRUCA, N\u00ba 7, ESC A, 2\u00ba DRCHA<i>, <\/i>C.P. 49030, ZAMORA \u00a0(ZAMORA)\u00a0<\/p>\n<p><b>T\u00e9l\u00e9phone<\/b>: 654528678 <b>E-mail<\/b>: info@topholds.com\u00a0<\/p>\n<p><b>Activit\u00e9: <\/b>ARTICLES DE SPORT\u00a0<\/p>\n<p><b>Finalit\u00e9 du traitement des donn\u00e9es et conservation<\/b><b>\u00a0<\/b><\/p>\n<p>\u25aa Nous traitons les informations que vous nous fournissez pour la gestion des contacts qui nous sont adress\u00e9s pour toute sorte de consultation, ainsi que pour la prestation de nos services. Vos donn\u00e9es seront collect\u00e9es exclusivement \u00e0 ces fins et ne seront pas trait\u00e9es ult\u00e9rieurement de mani\u00e8re incompatible avec ces derni\u00e8res. Nous vous enverrons des informations relatives \u00e0 nos activit\u00e9s et services qui peuvent vous int\u00e9resser. Aucune d\u00e9cision automatis\u00e9e ne sera prise sur la base de votre profil.\u00a0<\/p>\n<p>\u25aa Vous pouvez r\u00e9voquer \u00e0 tout moment le consentement que vous nous avez accord\u00e9.\u00a0<\/p>\n<p>\u25aa Les donn\u00e9es que vous nous fournissez seront conserv\u00e9es pendant la dur\u00e9e du d\u00e9veloppement de la relation commerciale et\/ou contractuelle ou, le cas \u00e9ch\u00e9ant, tant que vous ne r\u00e9voquez pas votre consentement \u00e0 ce traitement et, en tout \u00e9tat de cause, pendant les ann\u00e9es n\u00e9cessaires pour se conformer aux obligations l\u00e9gales.\u00a0<\/p>\n<p><b>L\u00e9gitimation pour le traitement des donn\u00e9es<\/b><b>\u00a0<\/b><\/p>\n<p>\u25aa La base l\u00e9gale pour le traitement de vos donn\u00e9es est le consentement que vous nous fournissez et\/ou l&rsquo;ex\u00e9cution du contrat ayant pour objet la prestation de nos services.\u00a0<\/p>\n<p>\u25aa \u00c0 cet \u00e9gard, le retrait de votre consentement ne peut conditionner cette ex\u00e9cution, tant que le contrat reste en vigueur, le traitement de vos donn\u00e9es \u00e9tant n\u00e9cessaire pour son ex\u00e9cution effective.\u00a0<\/p>\n<p><b>Destinataires de vos donn\u00e9es<\/b><b>\u00a0<\/b><\/p>\n<p>\u25aa Il n&rsquo;est pas pr\u00e9vu de communiquer les donn\u00e9es personnelles \u00e0 des tiers, sauf en cas d&rsquo;obligation l\u00e9gale ou lorsque cela est n\u00e9cessaire pour la prestation de nos services et, dans tous les cas, en respectant les mesures de s\u00e9curit\u00e9 de la r\u00e9glementation en vigueur. Aucune transferts internationaux de donn\u00e9es n&rsquo;est pr\u00e9vu.<\/p>\n<p><b>Quels sont vos droits?<\/b><b>\u00a0<\/b><\/p>\n<p>\u25aa En tant que titulaire des donn\u00e9es trait\u00e9es par <b>TECNICOS DE DISE\u00d1OS Y <\/b><b>\u00a0<\/b><b>ESPACIOS, S.L.U. <\/b>vous avez le droit \u00e0 tout moment d&rsquo;acc\u00e9der \u00e0 vos donn\u00e9es, de les rectifier, de vous opposer \u00e0 leur traitement ou de les supprimer. De plus, si vous le souhaitez, vous pouvez demander la portabilit\u00e9 de vos donn\u00e9es et la limitation de leur traitement, auquel cas nous ne les conserverons que pour l&rsquo;exercice ou la d\u00e9fense de r\u00e9clamations. Vous pouvez \u00e9galement r\u00e9voquer \u00e0 tout moment le consentement que vous avez accord\u00e9.\u00a0<\/p>\n<p>\u25aa En cons\u00e9quence de l&rsquo;application du droit \u00e0 l&rsquo;effacement ou \u00e0 l&rsquo;opposition au traitement des donn\u00e9es personnelles en ligne, les personnes concern\u00e9es ont droit \u00e0 l&rsquo;oubli conform\u00e9ment \u00e0 la jurisprudence de la Cour de justice de l&rsquo;UE.\u00a0<\/p>\n<p>\u25aa Les personnes concern\u00e9es peuvent s&rsquo;opposer au traitement de leurs donn\u00e9es \u00e0 des fins de marketing, y compris l&rsquo;\u00e9laboration de profils.\u00a0<\/p>\n<p>\u25aa Pour exercer ces droits, vous pouvez nous contacter en envoyant un courrier, accompagn\u00e9 d&rsquo;une preuve valide de votre identit\u00e9, telle qu&rsquo;une photocopie de votre carte d&rsquo;identit\u00e9 ou un document \u00e9quivalent, \u00e0 l&rsquo;adresse : C\/ CHURRUCA, N\u00ba 7, ESC A, 2\u00ba DRCHA<i>, <\/i>C.P. 49030, ZAMORA (ZAMORA), ou par courrier \u00e9lectronique \u00e0 info@topholds.com, en fournissant une copie num\u00e9ris\u00e9e de votre carte d&rsquo;identit\u00e9 ou un autre moyen de prouver votre identit\u00e9, et en indiquant en objet \u00ab\u00a0PROTECTION DES DONN\u00c9ES\u00a0\u00bb. Vous pouvez \u00e9galement demander les formulaires ou mod\u00e8les de demande appropri\u00e9s par cette voie.\u00a0\u00a0<\/p>\n<p>\u25aa Vous avez le droit de d\u00e9poser toute r\u00e9clamation que vous jugez appropri\u00e9e aupr\u00e8s de l&rsquo;Agence Espagnole de Protection des Donn\u00e9es (AEPD), via son si\u00e8ge \u00e9lectronique www.aepd.es\u00a0<\/p>\n<p><b>Envoi et enregistrement de donn\u00e9es personnelles<\/b><b>\u00a0<\/b><\/p>\n<p>\u25aa L&rsquo;envoi de donn\u00e9es personnelles est obligatoire pour contacter et recevoir des informations sur les produits et services que <b>TECNICOS DE DISE\u00d1OS Y <\/b><b>\u00a0ESPACIOS, S.L.U. <\/b>offre \u00e0 travers ses diff\u00e9rentes marques.\u00a0<\/p>\n<p>\u25aa Le fait de ne pas fournir les donn\u00e9es personnelles demand\u00e9es ou de ne pas accepter la pr\u00e9sente Politique de Protection des Donn\u00e9es rend impossible de s&rsquo;abonner, de s&rsquo;enregistrer ou de recevoir des informations sur les produits et services de <b>TECNICOS DE DISE\u00d1OS Y <\/b><b>\u00a0ESPACIOS, S.L.U.<\/b>.\u00a0<\/p>\n<p><b>Exactitude et v\u00e9racit\u00e9 des donn\u00e9es fournies<\/b><b>\u00a0<\/b><\/p>\n<p>\u25aa L&rsquo;utilisateur qui envoie les informations \u00e0 <b>TECNICOS DE DISE\u00d1OS Y ESPACIOS, <\/b><b>\u00a0<\/b><b>S.L.U. <\/b>est le seul responsable de la v\u00e9racit\u00e9 et de l&rsquo;exactitude de ses donn\u00e9es, exon\u00e9rant cette entit\u00e9 de toute responsabilit\u00e9 \u00e0 cet \u00e9gard. Les utilisateurs ga\u00a0<\/p>\n<p>rantissent et sont responsables, en tout cas, de l&rsquo;exactitude, de la validit\u00e9 et de l&rsquo;authenticit\u00e9 des donn\u00e9es personnelles fournies, et s&rsquo;engagent \u00e0 les tenir d\u00fbment \u00e0 jour. L&rsquo;utilisateur accepte de fournir des informations compl\u00e8tes et correctes dans le formulaire d&rsquo;inscription ou d&rsquo;abonnement.<\/p>\n<p>\u25aa <b>TECNICOS DE DISE\u00d1OS Y ESPACIOS, S.L.U. <\/b>ne r\u00e9pond pas de la v\u00e9racit\u00e9 des informations qui ne sont pas de son \u00e9laboration et pour lesquelles une autre source est indiqu\u00e9e, donc n&rsquo;assume aucune responsabilit\u00e9 quant \u00e0 d&rsquo;\u00e9ventuels pr\u00e9judices pouvant r\u00e9sulter de l&rsquo;utilisation de ces informations.\u00a0<\/p>\n<p>TECNICOS DE DISE\u00d1OS Y ESPACIOS, S.L.U. est exon\u00e9r\u00e9 de toute responsabilit\u00e9 pour tout dommage ou pr\u00e9judice que l&rsquo;utilisateur pourrait subir en raison d&rsquo;erreurs, de d\u00e9fauts ou d&rsquo;omissions dans les informations fournies par <b>TECNICOS DE <\/b><b>\u00a0<\/b><b>DISE\u00d1OS Y ESPACIOS, S.L.U. <\/b>lorsque celles-ci proviennent de sources ext\u00e9rieures.\u00a0<\/p>\n<p><b>Mesures de s\u00e9curit\u00e9 informatique<\/b><b>\u00a0<\/b><\/p>\n<p>\u25aa <b>TECNICOS DE DISE\u00d1OS Y ESPACIOS, S.L.U. <\/b>a adopt\u00e9 les niveaux de s\u00e9curit\u00e9 de protection des donn\u00e9es personnelles l\u00e9galement requis. Cependant, nous disposons d&rsquo;autres moyens suppl\u00e9mentaires, tels que des pare-feu de derni\u00e8re g\u00e9n\u00e9ration, ainsi que des mesures techniques telles que des logiciels de cryptage des informations confidentielles et un contr\u00f4le d&rsquo;acc\u00e8s aux informations personnelles, des utilisateurs restreints, des politiques de s\u00e9curit\u00e9, des utilisateurs et des mots de passe qui expirent selon les exigences de la r\u00e9glementation sur la protection des donn\u00e9es, ainsi que d&rsquo;autres syst\u00e8mes destin\u00e9s \u00e0 \u00e9viter l&rsquo;utilisation abusive, la modification, l&rsquo;acc\u00e8s non autoris\u00e9 et le vol des donn\u00e9es personnelles fournies \u00e0 notre entreprise.\u00a0<\/p>\n<p>\u25aa <b>TECNICOS DE DISE\u00d1OS Y ESPACIOS, S.L.U. <\/b>ne sera pas responsable des \u00e9ventuels dommages ou pr\u00e9judices pouvant r\u00e9sulter d&rsquo;interf\u00e9rences, d&rsquo;omissions, d&rsquo;interruptions, de virus informatiques, de pannes t\u00e9l\u00e9phoniques ou de d\u00e9connexions dans le fonctionnement de ce syst\u00e8me \u00e9lectronique, caus\u00e9es par des raisons ind\u00e9pendantes de la volont\u00e9 de <b>TECNICOS DE DISE\u00d1OS Y ESPACIOS, S.L.U.<\/b>, et ne sera pas non plus responsable des retards ou blocages dans l&rsquo;utilisation de ce syst\u00e8me \u00e9lectronique caus\u00e9s par des d\u00e9faillances ou des surcharges des lignes t\u00e9l\u00e9phoniques ou des surcharges du CPD (Centre de Traitement de Donn\u00e9es), du syst\u00e8me Internet ou d&rsquo;autres syst\u00e8mes \u00e9lectroniques, ainsi que des dommages pouvant \u00eatre caus\u00e9s par des tiers par le biais d&rsquo;intrusions ill\u00e9gitimes hors du contr\u00f4le de <b>TECNICOS DE DISE\u00d1OS Y ESPACIOS, S.L.U..\u00a0<\/b><\/p>\n<p><b>Acceptation et consentement<\/b><b>\u00a0<\/b><\/p>\n<p>L&rsquo;utilisateur d\u00e9clare avoir \u00e9t\u00e9 inform\u00e9 des conditions relatives \u00e0 la protection des donn\u00e9es personnelles, acceptant et consentant au traitement de celles-ci par <b>TECNICOS DE DISE\u00d1OS Y ESPACIOS, S.L.U.<\/b>, de la mani\u00e8re et pour les finalit\u00e9s indiqu\u00e9es dans la pr\u00e9sente Politique de Protection des Donn\u00e9es Personnelles.<\/p>\n","protected":false},"excerpt":{"rendered":"<p>POLITIQUE DE CONFIDENTIALIT\u00c9 Responsable du traitement\u00a0 Identit\u00e9: TECNICOS DE DISE\u00d1OS Y ESPACIOS, S.L.U.\u00a0 CIF: B49238389\u00a0 Adresse postale: C\/ CHURRUCA, N\u00ba&#8230;<\/p>\n","protected":false},"author":2,"featured_media":0,"parent":0,"menu_order":0,"comment_status":"closed","ping_status":"closed","template":"","meta":{"footnotes":""},"class_list":["post-17739","page","type-page","status-publish","hentry"],"_links":{"self":[{"href":"https:\/\/topholds.com\/fr\/wp-json\/wp\/v2\/pages\/17739","targetHints":{"allow":["GET"]}}],"collection":[{"href":"https:\/\/topholds.com\/fr\/wp-json\/wp\/v2\/pages"}],"about":[{"href":"https:\/\/topholds.com\/fr\/wp-json\/wp\/v2\/types\/page"}],"author":[{"embeddable":true,"href":"https:\/\/topholds.com\/fr\/wp-json\/wp\/v2\/users\/2"}],"replies":[{"embeddable":true,"href":"https:\/\/topholds.com\/fr\/wp-json\/wp\/v2\/comments?post=17739"}],"version-history":[{"count":1,"href":"https:\/\/topholds.com\/fr\/wp-json\/wp\/v2\/pages\/17739\/revisions"}],"predecessor-version":[{"id":17740,"href":"https:\/\/topholds.com\/fr\/wp-json\/wp\/v2\/pages\/17739\/revisions\/17740"}],"wp:attachment":[{"href":"https:\/\/topholds.com\/fr\/wp-json\/wp\/v2\/media?parent=17739"}],"curies":[{"name":"wp","href":"https:\/\/api.w.org\/{rel}","templated":true}]}}