{"id":17767,"date":"2024-08-22T23:35:49","date_gmt":"2024-08-22T23:35:49","guid":{"rendered":"https:\/\/topholds.com\/?page_id=17767"},"modified":"2024-08-22T23:36:21","modified_gmt":"2024-08-22T23:36:21","slug":"qui-sommes-nous","status":"publish","type":"page","link":"https:\/\/topholds.com\/fr\/qui-sommes-nous\/","title":{"rendered":"Qui sommes-nous"},"content":{"rendered":"\n\n\n<h3 style=\"margin-top: 0px; margin-bottom: 14px; color: #3b4550; font-size: 18px; line-height: 18px; font-weight: bold;\">Qui sommes-nous<\/h3>\n<p>Nous sommes des fabricants sp\u00e9cialis\u00e9s dans les obstacles OCR et les prises d&rsquo;escalade. Des milliers de sportifs font confiance \u00e0 nos prises pour pr\u00e9parer leurs comp\u00e9titions. En raison de notre implication avec l&rsquo;\u00e9cole d&rsquo;escalade pour enfants de la ville, ainsi que de notre longue exp\u00e9rience, nous sommes sp\u00e9cialis\u00e9s dans le d\u00e9veloppement de zones d&rsquo;escalade pour le secteur \u00e9ducatif \u00e0 toutes les \u00e9tapes de l&rsquo;enseignement. Nous nous adaptons \u00e0 tous les budgets pour permettre \u00e0 chacun de profiter des bienfaits de l&rsquo;escalade. Pourquoi faisons-nous ce que nous faisons ? Nous voulons aider les sportifs de tous niveaux \u00e0 obtenir les meilleurs r\u00e9sultats et \u00e0 tirer le meilleur parti de leurs entra\u00eenements. Nous utilisons le savoir-faire de nos clients pour obtenir les meilleures finitions\/r\u00e9sultats. Avant de lancer une gamme de produits, nous les testons avec les meilleurs athl\u00e8tes et centres de pointe du secteur. Un autre point important \u00e0 souligner est que nos produits sont pratiquement indestructibles et que leurs conceptions sont minutieusement \u00e9tudi\u00e9es pour obtenir les meilleurs r\u00e9sultats et \u00e9viter les blessures de nos clients. Nous fabriquons toutes nos prises en polyur\u00e9thane de derni\u00e8re g\u00e9n\u00e9ration.<\/p>\n<p>Si vous recherchez quelque chose de sp\u00e9cial et que vous ne le trouvez pas dans la <a href=\"\/fr\/\">boutique<\/a>, n&rsquo;h\u00e9sitez pas \u00e0 <a href=\"\/fr\/contact\/\">nous contacter<\/a> pour que nous puissions vous aider.<\/p>\n","protected":false},"excerpt":{"rendered":"<p>Qui sommes-nous Nous sommes des fabricants sp\u00e9cialis\u00e9s dans les obstacles OCR et les prises d&rsquo;escalade. Des milliers de sportifs font&#8230;<\/p>\n","protected":false},"author":2,"featured_media":0,"parent":0,"menu_order":0,"comment_status":"closed","ping_status":"closed","template":"","meta":{"footnotes":""},"class_list":["post-17767","page","type-page","status-publish","hentry"],"_links":{"self":[{"href":"https:\/\/topholds.com\/fr\/wp-json\/wp\/v2\/pages\/17767","targetHints":{"allow":["GET"]}}],"collection":[{"href":"https:\/\/topholds.com\/fr\/wp-json\/wp\/v2\/pages"}],"about":[{"href":"https:\/\/topholds.com\/fr\/wp-json\/wp\/v2\/types\/page"}],"author":[{"embeddable":true,"href":"https:\/\/topholds.com\/fr\/wp-json\/wp\/v2\/users\/2"}],"replies":[{"embeddable":true,"href":"https:\/\/topholds.com\/fr\/wp-json\/wp\/v2\/comments?post=17767"}],"version-history":[{"count":2,"href":"https:\/\/topholds.com\/fr\/wp-json\/wp\/v2\/pages\/17767\/revisions"}],"predecessor-version":[{"id":17775,"href":"https:\/\/topholds.com\/fr\/wp-json\/wp\/v2\/pages\/17767\/revisions\/17775"}],"wp:attachment":[{"href":"https:\/\/topholds.com\/fr\/wp-json\/wp\/v2\/media?parent=17767"}],"curies":[{"name":"wp","href":"https:\/\/api.w.org\/{rel}","templated":true}]}}