{"id":16237,"date":"2016-02-29T19:38:16","date_gmt":"2016-02-29T19:38:16","guid":{"rendered":"http:\/\/topholds.com\/grooves\/"},"modified":"2024-08-26T02:17:14","modified_gmt":"2024-08-26T02:17:14","slug":"grooves","status":"publish","type":"product","link":"https:\/\/topholds.com\/fr\/offre\/prises-escalade\/grooves\/","title":{"rendered":"Pack Prises d&rsquo;escalade Grooves"},"content":{"rendered":"<p><strong>Grooves est un pack de 4 prises d&rsquo;escalade<\/strong> avec une texture r\u00e9aliste en gr\u00e8s, con\u00e7ues pour vous offrir une exp\u00e9rience de prise optimale et s\u00fbre lors de vos activit\u00e9s d&rsquo;escalade et d&rsquo;entra\u00eenement en salle.<\/p>\n<p>Chaque prise de Grooves <strong>dispose d&rsquo;un trou sp\u00e9cial pour vis anti-rotation<\/strong>, ce qui garantit une plus grande stabilit\u00e9 et \u00e9vite les mouvements ind\u00e9sirables pendant son utilisation, vous apportant la s\u00e9curit\u00e9 n\u00e9cessaire pour relever des d\u00e9fis plus complexes.<\/p>\n<p>Pour assurer une installation ad\u00e9quate et solide des prises, nous vous recommandons <strong>d&rsquo;utiliser des vis M10x40<\/strong>, m\u00eame si vous pouvez \u00e9galement opter pour <strong>des vis M8x40<\/strong> si vous le souhaitez. Veuillez noter que les vis ne sont pas incluses dans le pack.<\/p>\n<p>Veuillez \u00e9galement prendre en compte que les couleurs du produit peuvent varier par rapport \u00e0 l&rsquo;image affich\u00e9e. Si vous d\u00e9sirez une couleur sp\u00e9cifique, n&rsquo;h\u00e9sitez pas \u00e0 nous contacter.<\/p>\n","protected":false},"excerpt":{"rendered":"<ul>\n<li>Grooves est un lot de 4 prises d&rsquo;escalade.<\/li>\n<li>Texture sablonneuse.<\/li>\n<li>Toutes avec un trou pour vis anti-rotation.<\/li>\n<\/ul>\n<p>&nbsp;<\/p>\n","protected":false},"featured_media":18016,"comment_status":"open","ping_status":"closed","template":"","meta":[],"product_brand":[],"product_cat":[429],"product_tag":[],"class_list":{"0":"post-16237","1":"product","2":"type-product","3":"status-publish","4":"has-post-thumbnail","6":"product_cat-prises-escalade","8":"first","9":"instock","10":"taxable","11":"shipping-taxable","12":"purchasable","13":"product-type-simple"},"_links":{"self":[{"href":"https:\/\/topholds.com\/fr\/wp-json\/wp\/v2\/product\/16237","targetHints":{"allow":["GET"]}}],"collection":[{"href":"https:\/\/topholds.com\/fr\/wp-json\/wp\/v2\/product"}],"about":[{"href":"https:\/\/topholds.com\/fr\/wp-json\/wp\/v2\/types\/product"}],"replies":[{"embeddable":true,"href":"https:\/\/topholds.com\/fr\/wp-json\/wp\/v2\/comments?post=16237"}],"wp:featuredmedia":[{"embeddable":true,"href":"https:\/\/topholds.com\/fr\/wp-json\/wp\/v2\/media\/18016"}],"wp:attachment":[{"href":"https:\/\/topholds.com\/fr\/wp-json\/wp\/v2\/media?parent=16237"}],"wp:term":[{"taxonomy":"product_brand","embeddable":true,"href":"https:\/\/topholds.com\/fr\/wp-json\/wp\/v2\/product_brand?post=16237"},{"taxonomy":"product_cat","embeddable":true,"href":"https:\/\/topholds.com\/fr\/wp-json\/wp\/v2\/product_cat?post=16237"},{"taxonomy":"product_tag","embeddable":true,"href":"https:\/\/topholds.com\/fr\/wp-json\/wp\/v2\/product_tag?post=16237"}],"curies":[{"name":"wp","href":"https:\/\/api.w.org\/{rel}","templated":true}]}}