{"id":16247,"date":"2016-02-29T20:53:36","date_gmt":"2016-02-29T20:53:36","guid":{"rendered":"http:\/\/topholds.com\/talos\/"},"modified":"2024-08-26T02:18:20","modified_gmt":"2024-08-26T02:18:20","slug":"talos","status":"publish","type":"product","link":"https:\/\/topholds.com\/fr\/offre\/prises-escalade\/talos\/","title":{"rendered":"Pack Prises d&rsquo;escalade Talos"},"content":{"rendered":"<p><strong>Talos est un pack de 4 prises d&rsquo;escalade<\/strong> avec une texture de gr\u00e8s r\u00e9aliste, con\u00e7ues pour vous offrir une exp\u00e9rience d&rsquo;escalade authentique et stimulante, similaire \u00e0 celle de l&rsquo;escalade sur roche naturelle.<\/p>\n<p>Une caract\u00e9ristique remarquable des <em>prises Talos<\/em> est le <strong>trou suppl\u00e9mentaire pour vis anti-rotation<\/strong>, qui augmente la stabilit\u00e9 et la s\u00e9curit\u00e9 durant leur utilisation, \u00e9vitant les mouvements inattendus ou les glissements des prises.<\/p>\n<p>Pour garantir une installation s\u00fbre et solide, nous vous recommandons <strong>d&rsquo;utiliser des vis M10x40<\/strong>. Cependant, vous pouvez \u00e9galement opter pour des vis M8x40 si vous le pr\u00e9f\u00e9rez. Notez que les vis ne sont pas incluses dans le paquet.<\/p>\n<p>Veuillez noter que les couleurs du produit peuvent varier par rapport \u00e0 l&rsquo;image affich\u00e9e. Si vous souhaitez une couleur sp\u00e9cifique, n&rsquo;h\u00e9sitez pas \u00e0 nous contacter.<\/p>\n","protected":false},"excerpt":{"rendered":"<ul>\n<li>Talos est un lot de 4 prises d&rsquo;escalade.<\/li>\n<li>Texture sablonneuse.<\/li>\n<li>Dot\u00e9es d&rsquo;un trou pour vis anti-rotation.<\/li>\n<\/ul>\n","protected":false},"featured_media":18066,"comment_status":"open","ping_status":"closed","template":"","meta":[],"product_brand":[],"product_cat":[429],"product_tag":[],"class_list":{"0":"post-16247","1":"product","2":"type-product","3":"status-publish","4":"has-post-thumbnail","6":"product_cat-prises-escalade","8":"first","9":"instock","10":"taxable","11":"shipping-taxable","12":"purchasable","13":"product-type-simple"},"_links":{"self":[{"href":"https:\/\/topholds.com\/fr\/wp-json\/wp\/v2\/product\/16247","targetHints":{"allow":["GET"]}}],"collection":[{"href":"https:\/\/topholds.com\/fr\/wp-json\/wp\/v2\/product"}],"about":[{"href":"https:\/\/topholds.com\/fr\/wp-json\/wp\/v2\/types\/product"}],"replies":[{"embeddable":true,"href":"https:\/\/topholds.com\/fr\/wp-json\/wp\/v2\/comments?post=16247"}],"wp:featuredmedia":[{"embeddable":true,"href":"https:\/\/topholds.com\/fr\/wp-json\/wp\/v2\/media\/18066"}],"wp:attachment":[{"href":"https:\/\/topholds.com\/fr\/wp-json\/wp\/v2\/media?parent=16247"}],"wp:term":[{"taxonomy":"product_brand","embeddable":true,"href":"https:\/\/topholds.com\/fr\/wp-json\/wp\/v2\/product_brand?post=16247"},{"taxonomy":"product_cat","embeddable":true,"href":"https:\/\/topholds.com\/fr\/wp-json\/wp\/v2\/product_cat?post=16247"},{"taxonomy":"product_tag","embeddable":true,"href":"https:\/\/topholds.com\/fr\/wp-json\/wp\/v2\/product_tag?post=16247"}],"curies":[{"name":"wp","href":"https:\/\/api.w.org\/{rel}","templated":true}]}}