{"id":16252,"date":"2016-02-29T20:56:22","date_gmt":"2016-02-29T20:56:22","guid":{"rendered":"http:\/\/topholds.com\/syna\/"},"modified":"2024-08-26T02:18:58","modified_gmt":"2024-08-26T02:18:58","slug":"syna","status":"publish","type":"product","link":"https:\/\/topholds.com\/fr\/offre\/prises-escalade\/syna\/","title":{"rendered":"Pack Prises d&rsquo;escalade Syna"},"content":{"rendered":"<p><strong>Synia est un pack de 6 prises d&rsquo;escalade<\/strong> avec une v\u00e9ritable texture de gr\u00e8s, qui imite les conditions de la roche naturelle pour te fournir une exp\u00e9rience d&rsquo;escalade plus r\u00e9aliste.<\/p>\n<p>Ces prises polyvalentes disposent d&rsquo;une <strong>vari\u00e9t\u00e9 de prises qui te permettront de vivre diff\u00e9rents d\u00e9fis et techniques d&rsquo;escalade<\/strong>, tout en \u00e9tant extr\u00eamement confortables pour tes mains. Sans aucun doute, Synia deviendra un \u00e9l\u00e9ment incontournable sur ton mur d&rsquo;escalade.<\/p>\n<p>Pour garantir une installation ferme et s\u00fbre, nous recommandons <strong>d&rsquo;utiliser des vis M10x40<\/strong>, bien que des vis M8x40 puissent \u00e9galement \u00eatre utilis\u00e9es si tu le pr\u00e9f\u00e8res. Note que les vis ne sont pas incluses dans le paquet.<\/p>\n<p>Veuillez noter que les couleurs du produit peuvent varier par rapport \u00e0 l&rsquo;image affich\u00e9e. Si tu souhaites une couleur sp\u00e9cifique, n&rsquo;h\u00e9site pas \u00e0 nous contacter.<\/p>\n","protected":false},"excerpt":{"rendered":"<ul>\n<li>Syna est un lot de 6 prises d&rsquo;escalade.<\/li>\n<li>Texture gr\u00e9seuse.<\/li>\n<\/ul>\n","protected":false},"featured_media":5148,"comment_status":"open","ping_status":"closed","template":"","meta":[],"product_brand":[],"product_cat":[429],"product_tag":[],"class_list":{"0":"post-16252","1":"product","2":"type-product","3":"status-publish","4":"has-post-thumbnail","6":"product_cat-prises-escalade","8":"first","9":"instock","10":"taxable","11":"shipping-taxable","12":"purchasable","13":"product-type-simple"},"_links":{"self":[{"href":"https:\/\/topholds.com\/fr\/wp-json\/wp\/v2\/product\/16252","targetHints":{"allow":["GET"]}}],"collection":[{"href":"https:\/\/topholds.com\/fr\/wp-json\/wp\/v2\/product"}],"about":[{"href":"https:\/\/topholds.com\/fr\/wp-json\/wp\/v2\/types\/product"}],"replies":[{"embeddable":true,"href":"https:\/\/topholds.com\/fr\/wp-json\/wp\/v2\/comments?post=16252"}],"wp:featuredmedia":[{"embeddable":true,"href":"https:\/\/topholds.com\/fr\/wp-json\/wp\/v2\/media\/5148"}],"wp:attachment":[{"href":"https:\/\/topholds.com\/fr\/wp-json\/wp\/v2\/media?parent=16252"}],"wp:term":[{"taxonomy":"product_brand","embeddable":true,"href":"https:\/\/topholds.com\/fr\/wp-json\/wp\/v2\/product_brand?post=16252"},{"taxonomy":"product_cat","embeddable":true,"href":"https:\/\/topholds.com\/fr\/wp-json\/wp\/v2\/product_cat?post=16252"},{"taxonomy":"product_tag","embeddable":true,"href":"https:\/\/topholds.com\/fr\/wp-json\/wp\/v2\/product_tag?post=16252"}],"curies":[{"name":"wp","href":"https:\/\/api.w.org\/{rel}","templated":true}]}}