{"id":16262,"date":"2016-03-17T19:35:08","date_gmt":"2016-03-17T19:35:08","guid":{"rendered":"http:\/\/topholds.com\/hiedra\/"},"modified":"2025-03-26T07:46:05","modified_gmt":"2025-03-26T07:46:05","slug":"hiedra","status":"publish","type":"product","link":"https:\/\/topholds.com\/fr\/offre\/prises-escalade\/hiedra\/","title":{"rendered":"Pack Prises d&rsquo;escalade Hiedra"},"content":{"rendered":"<p><strong>Hiedra est un ensemble de 4 prises d&rsquo;escalade avec une d\u00e9licate texture de gr\u00e8s doux<\/strong>, con\u00e7u pour offrir une exp\u00e9rience d&rsquo;escalade confortable et stimulante.<\/p>\n<p>Chaque prise de cette collection <strong>offre des prises vari\u00e9es et de haute qualit\u00e9<\/strong>, permettant aux grimpeurs de tous niveaux de b\u00e9n\u00e9ficier d&rsquo;une large gamme de mouvements et de d\u00e9fis sur toute inclination.<\/p>\n<p>Pour assurer une installation optimale et durable, il est recommand\u00e9 d&rsquo;utiliser des <strong>vis M10x40<\/strong>; cependant, vous pouvez \u00e9galement opter pour des M8x40 si vous le pr\u00e9f\u00e9rez. De plus, toutes les prises sont \u00e9quip\u00e9es d&rsquo;un trou pour vis anti-rotation, garantissant une plus grande stabilit\u00e9 et emp\u00eachant la rotation pendant l&rsquo;utilisation.<\/p>\n<p>Veuillez noter que les couleurs du produit peuvent varier par rapport \u00e0 l&rsquo;image affich\u00e9e. Si vous souhaitez une couleur sp\u00e9cifique, n&rsquo;h\u00e9sitez pas \u00e0 nous contacter.<\/p>\n","protected":false},"excerpt":{"rendered":"<ul>\n<li>Hiedra est un lot de 4 prises d&rsquo;escalade.<\/li>\n<li>Texture sableuse douce.<\/li>\n<li>Toutes avec un trou pour vis anti-rotation.<\/li>\n<\/ul>\n","protected":false},"featured_media":4887,"comment_status":"open","ping_status":"closed","template":"","meta":[],"product_brand":[],"product_cat":[429],"product_tag":[],"class_list":{"0":"post-16262","1":"product","2":"type-product","3":"status-publish","4":"has-post-thumbnail","6":"product_cat-prises-escalade","8":"first","9":"instock","10":"taxable","11":"shipping-taxable","12":"purchasable","13":"product-type-simple"},"_links":{"self":[{"href":"https:\/\/topholds.com\/fr\/wp-json\/wp\/v2\/product\/16262","targetHints":{"allow":["GET"]}}],"collection":[{"href":"https:\/\/topholds.com\/fr\/wp-json\/wp\/v2\/product"}],"about":[{"href":"https:\/\/topholds.com\/fr\/wp-json\/wp\/v2\/types\/product"}],"replies":[{"embeddable":true,"href":"https:\/\/topholds.com\/fr\/wp-json\/wp\/v2\/comments?post=16262"}],"wp:featuredmedia":[{"embeddable":true,"href":"https:\/\/topholds.com\/fr\/wp-json\/wp\/v2\/media\/4887"}],"wp:attachment":[{"href":"https:\/\/topholds.com\/fr\/wp-json\/wp\/v2\/media?parent=16262"}],"wp:term":[{"taxonomy":"product_brand","embeddable":true,"href":"https:\/\/topholds.com\/fr\/wp-json\/wp\/v2\/product_brand?post=16262"},{"taxonomy":"product_cat","embeddable":true,"href":"https:\/\/topholds.com\/fr\/wp-json\/wp\/v2\/product_cat?post=16262"},{"taxonomy":"product_tag","embeddable":true,"href":"https:\/\/topholds.com\/fr\/wp-json\/wp\/v2\/product_tag?post=16262"}],"curies":[{"name":"wp","href":"https:\/\/api.w.org\/{rel}","templated":true}]}}