{"id":16272,"date":"2016-03-17T19:51:27","date_gmt":"2016-03-17T19:51:27","guid":{"rendered":"http:\/\/topholds.com\/lander\/"},"modified":"2024-08-26T02:21:32","modified_gmt":"2024-08-26T02:21:32","slug":"lander","status":"publish","type":"product","link":"https:\/\/topholds.com\/fr\/offre\/prises-escalade\/lander\/","title":{"rendered":"Pack Prises d&rsquo;escalade Lander"},"content":{"rendered":"<p><strong>Lander est un pack de 4 prises d&rsquo;escalade de texture sableuse douce<\/strong> qui offre des prises vari\u00e9es et de haute qualit\u00e9, s&rsquo;adaptant \u00e0 tout type d&rsquo;inclinaison sur ton mur d&rsquo;escalade.<\/p>\n<p>Cet ensemble complet <em>de prises<\/em> <strong>propose une large gamme de prises, allant des bonnes \u00e9chancrures aux pinces et aux plats<\/strong>, ce qui le rend id\u00e9al tant pour les d\u00e9butants que pour les grimpeurs exp\u00e9riment\u00e9s.<\/p>\n<p>Pour garantir une installation appropri\u00e9e, il est recommand\u00e9 <strong>d&rsquo;utiliser des vis M10x40<\/strong>, bien que tu puisses \u00e9galement opter pour des M8x40 si tu le pr\u00e9f\u00e8res. De plus, chaque prise dispose d&rsquo;un trou pour vis anti-rotation, offrant une plus grande stabilit\u00e9 et s\u00e9curit\u00e9 pendant son utilisation.<\/p>\n<p>N&rsquo;oublie pas que les couleurs du produit peuvent varier par rapport \u00e0 l&rsquo;image pr\u00e9sent\u00e9e. Si tu souhaites une couleur sp\u00e9cifique, n&rsquo;h\u00e9site pas \u00e0 nous contacter.<\/p>\n","protected":false},"excerpt":{"rendered":"<ul>\n<li>Lander est un lot de 4 prises d&rsquo;escalade.<\/li>\n<li>Texture de gr\u00e8s douce.<\/li>\n<li>Convient \u00e0 tout type d&rsquo;inclinaison.<\/li>\n<li>Orifice pour vis anti-rotation.<\/li>\n<\/ul>\n","protected":false},"featured_media":18171,"comment_status":"open","ping_status":"closed","template":"","meta":[],"product_brand":[],"product_cat":[429],"product_tag":[],"class_list":{"0":"post-16272","1":"product","2":"type-product","3":"status-publish","4":"has-post-thumbnail","6":"product_cat-prises-escalade","8":"first","9":"instock","10":"taxable","11":"shipping-taxable","12":"purchasable","13":"product-type-simple"},"_links":{"self":[{"href":"https:\/\/topholds.com\/fr\/wp-json\/wp\/v2\/product\/16272","targetHints":{"allow":["GET"]}}],"collection":[{"href":"https:\/\/topholds.com\/fr\/wp-json\/wp\/v2\/product"}],"about":[{"href":"https:\/\/topholds.com\/fr\/wp-json\/wp\/v2\/types\/product"}],"replies":[{"embeddable":true,"href":"https:\/\/topholds.com\/fr\/wp-json\/wp\/v2\/comments?post=16272"}],"wp:featuredmedia":[{"embeddable":true,"href":"https:\/\/topholds.com\/fr\/wp-json\/wp\/v2\/media\/18171"}],"wp:attachment":[{"href":"https:\/\/topholds.com\/fr\/wp-json\/wp\/v2\/media?parent=16272"}],"wp:term":[{"taxonomy":"product_brand","embeddable":true,"href":"https:\/\/topholds.com\/fr\/wp-json\/wp\/v2\/product_brand?post=16272"},{"taxonomy":"product_cat","embeddable":true,"href":"https:\/\/topholds.com\/fr\/wp-json\/wp\/v2\/product_cat?post=16272"},{"taxonomy":"product_tag","embeddable":true,"href":"https:\/\/topholds.com\/fr\/wp-json\/wp\/v2\/product_tag?post=16272"}],"curies":[{"name":"wp","href":"https:\/\/api.w.org\/{rel}","templated":true}]}}