{"id":16277,"date":"2016-03-17T20:00:18","date_gmt":"2016-03-17T20:00:18","guid":{"rendered":"http:\/\/topholds.com\/terra\/"},"modified":"2024-08-26T02:22:10","modified_gmt":"2024-08-26T02:22:10","slug":"terra","status":"publish","type":"product","link":"https:\/\/topholds.com\/fr\/offre\/prises-escalade\/terra\/","title":{"rendered":"Pack Prises d&rsquo;escalade Terra"},"content":{"rendered":"<p><strong>Terra est un pack de 14 prises d&rsquo;escalade \u00e0 texture de gr\u00e8s doux<\/strong> qui offre une prise confortable et s\u00fbre lors de l&rsquo;escalade.<\/p>\n<p>Pour garantir une installation ad\u00e9quate sur votre mur d&rsquo;escalade, il est recommand\u00e9 d&rsquo;<strong>utiliser des vis M10x40<\/strong>, bien que vous puissiez \u00e9galement opter pour des M8x40 si vous le souhaitez.<\/p>\n<p>Veuillez noter que les couleurs du produit peuvent varier par rapport \u00e0 l&rsquo;image affich\u00e9e. Si vous souhaitez une couleur sp\u00e9cifique, n&rsquo;h\u00e9sitez pas \u00e0 nous contacter.<\/p>\n","protected":false},"excerpt":{"rendered":"<ul>\n<li>Terra est un lot de 14 prises d&rsquo;escalade.<\/li>\n<li>Texture de gr\u00e8s tr\u00e8s douce.<\/li>\n<\/ul>\n","protected":false},"featured_media":18176,"comment_status":"open","ping_status":"closed","template":"","meta":[],"product_brand":[],"product_cat":[429],"product_tag":[],"class_list":{"0":"post-16277","1":"product","2":"type-product","3":"status-publish","4":"has-post-thumbnail","6":"product_cat-prises-escalade","8":"first","9":"instock","10":"taxable","11":"shipping-taxable","12":"purchasable","13":"product-type-simple"},"_links":{"self":[{"href":"https:\/\/topholds.com\/fr\/wp-json\/wp\/v2\/product\/16277","targetHints":{"allow":["GET"]}}],"collection":[{"href":"https:\/\/topholds.com\/fr\/wp-json\/wp\/v2\/product"}],"about":[{"href":"https:\/\/topholds.com\/fr\/wp-json\/wp\/v2\/types\/product"}],"replies":[{"embeddable":true,"href":"https:\/\/topholds.com\/fr\/wp-json\/wp\/v2\/comments?post=16277"}],"wp:featuredmedia":[{"embeddable":true,"href":"https:\/\/topholds.com\/fr\/wp-json\/wp\/v2\/media\/18176"}],"wp:attachment":[{"href":"https:\/\/topholds.com\/fr\/wp-json\/wp\/v2\/media?parent=16277"}],"wp:term":[{"taxonomy":"product_brand","embeddable":true,"href":"https:\/\/topholds.com\/fr\/wp-json\/wp\/v2\/product_brand?post=16277"},{"taxonomy":"product_cat","embeddable":true,"href":"https:\/\/topholds.com\/fr\/wp-json\/wp\/v2\/product_cat?post=16277"},{"taxonomy":"product_tag","embeddable":true,"href":"https:\/\/topholds.com\/fr\/wp-json\/wp\/v2\/product_tag?post=16277"}],"curies":[{"name":"wp","href":"https:\/\/api.w.org\/{rel}","templated":true}]}}