{"id":16282,"date":"2016-03-19T14:10:50","date_gmt":"2016-03-19T14:10:50","guid":{"rendered":"http:\/\/topholds.com\/ecrou-araignee-m10\/"},"modified":"2024-08-26T02:22:43","modified_gmt":"2024-08-26T02:22:43","slug":"ecrou-araignee-m10","status":"publish","type":"product","link":"https:\/\/topholds.com\/fr\/offre\/ancrages\/ecrous\/ecrou-araignee-m10\/","title":{"rendered":"\u00c9crou Araign\u00e9e M10"},"content":{"rendered":"<p>Tuerca d&rsquo;insertion galvanis\u00e9e de haute qualit\u00e9 avec 4 dents aiguis\u00e9es pour faciliter sa fixation.<\/p>\n","protected":false},"excerpt":{"rendered":"<ul>\n<li>Ecrou d&rsquo;insertion galvanis\u00e9 avec 4 pointes pour enfoncer.<\/li>\n<\/ul>\n","protected":false},"featured_media":4417,"comment_status":"open","ping_status":"closed","template":"","meta":[],"product_brand":[],"product_cat":[430,433],"product_tag":[],"class_list":{"0":"post-16282","1":"product","2":"type-product","3":"status-publish","4":"has-post-thumbnail","6":"product_cat-ancrages","7":"product_cat-ecrous","9":"first","10":"instock","11":"taxable","12":"shipping-taxable","13":"purchasable","14":"product-type-simple"},"_links":{"self":[{"href":"https:\/\/topholds.com\/fr\/wp-json\/wp\/v2\/product\/16282","targetHints":{"allow":["GET"]}}],"collection":[{"href":"https:\/\/topholds.com\/fr\/wp-json\/wp\/v2\/product"}],"about":[{"href":"https:\/\/topholds.com\/fr\/wp-json\/wp\/v2\/types\/product"}],"replies":[{"embeddable":true,"href":"https:\/\/topholds.com\/fr\/wp-json\/wp\/v2\/comments?post=16282"}],"wp:featuredmedia":[{"embeddable":true,"href":"https:\/\/topholds.com\/fr\/wp-json\/wp\/v2\/media\/4417"}],"wp:attachment":[{"href":"https:\/\/topholds.com\/fr\/wp-json\/wp\/v2\/media?parent=16282"}],"wp:term":[{"taxonomy":"product_brand","embeddable":true,"href":"https:\/\/topholds.com\/fr\/wp-json\/wp\/v2\/product_brand?post=16282"},{"taxonomy":"product_cat","embeddable":true,"href":"https:\/\/topholds.com\/fr\/wp-json\/wp\/v2\/product_cat?post=16282"},{"taxonomy":"product_tag","embeddable":true,"href":"https:\/\/topholds.com\/fr\/wp-json\/wp\/v2\/product_tag?post=16282"}],"curies":[{"name":"wp","href":"https:\/\/api.w.org\/{rel}","templated":true}]}}