{"id":16292,"date":"2016-03-19T15:31:18","date_gmt":"2016-03-19T15:31:18","guid":{"rendered":"http:\/\/topholds.com\/vesna\/"},"modified":"2026-03-30T19:11:56","modified_gmt":"2026-03-30T19:11:56","slug":"vesna","status":"publish","type":"product","link":"https:\/\/topholds.com\/fr\/offre\/prises-escalade\/vesna\/","title":{"rendered":"Pack Prises d&rsquo;escalade Vesna"},"content":{"rendered":"<p><strong>Vesna est un pack de 14 prises d&rsquo;escalade en texture de gr\u00e8s<\/strong> doux qui garantit une prise confortable et s\u00e9curis\u00e9e pendant l&rsquo;escalade.<\/p>\n<p>Pour installer ces prises sur votre mur, il est recommand\u00e9 <strong>d&rsquo;utiliser des vis M10x40<\/strong>, bien que vous puissiez \u00e9galement opter pour M8x40 si vous le pr\u00e9f\u00e9rez.<\/p>\n<p>Veuillez noter que les couleurs du produit peuvent varier par rapport \u00e0 l&rsquo;image affich\u00e9e. Si vous souhaitez une couleur sp\u00e9cifique, n&rsquo;h\u00e9sitez pas \u00e0 nous contacter.<\/p>\n","protected":false},"excerpt":{"rendered":"<ul>\n<li>Vesna est un lot de 14 prises d&rsquo;escalade.<\/li>\n<li>Texture de gr\u00e8s doux.<\/li>\n<\/ul>\n","protected":false},"featured_media":18211,"comment_status":"open","ping_status":"closed","template":"","meta":[],"product_brand":[],"product_cat":[429],"product_tag":[],"class_list":{"0":"post-16292","1":"product","2":"type-product","3":"status-publish","4":"has-post-thumbnail","6":"product_cat-prises-escalade","8":"first","9":"outofstock","10":"taxable","11":"shipping-taxable","12":"purchasable","13":"product-type-simple"},"_links":{"self":[{"href":"https:\/\/topholds.com\/fr\/wp-json\/wp\/v2\/product\/16292","targetHints":{"allow":["GET"]}}],"collection":[{"href":"https:\/\/topholds.com\/fr\/wp-json\/wp\/v2\/product"}],"about":[{"href":"https:\/\/topholds.com\/fr\/wp-json\/wp\/v2\/types\/product"}],"replies":[{"embeddable":true,"href":"https:\/\/topholds.com\/fr\/wp-json\/wp\/v2\/comments?post=16292"}],"wp:featuredmedia":[{"embeddable":true,"href":"https:\/\/topholds.com\/fr\/wp-json\/wp\/v2\/media\/18211"}],"wp:attachment":[{"href":"https:\/\/topholds.com\/fr\/wp-json\/wp\/v2\/media?parent=16292"}],"wp:term":[{"taxonomy":"product_brand","embeddable":true,"href":"https:\/\/topholds.com\/fr\/wp-json\/wp\/v2\/product_brand?post=16292"},{"taxonomy":"product_cat","embeddable":true,"href":"https:\/\/topholds.com\/fr\/wp-json\/wp\/v2\/product_cat?post=16292"},{"taxonomy":"product_tag","embeddable":true,"href":"https:\/\/topholds.com\/fr\/wp-json\/wp\/v2\/product_tag?post=16292"}],"curies":[{"name":"wp","href":"https:\/\/api.w.org\/{rel}","templated":true}]}}