{"id":16302,"date":"2016-03-19T16:05:33","date_gmt":"2016-03-19T16:05:33","guid":{"rendered":"http:\/\/topholds.com\/volumen-titan9\/"},"modified":"2024-08-26T02:25:14","modified_gmt":"2024-08-26T02:25:14","slug":"volumen-titan9","status":"publish","type":"product","link":"https:\/\/topholds.com\/fr\/offre\/prises-escalade\/volumen-titan9\/","title":{"rendered":"Volume d&rsquo;escalade Titan 9"},"content":{"rendered":"<p><strong>Titan9 est un volume d&rsquo;escalade en texture de gr\u00e8s doux<\/strong> qui garantit une adh\u00e9rence parfaite sur sa surface.<\/p>\n<p>Ce volume dispose de <strong>3 ancrages con\u00e7us pour placer des prises suppl\u00e9mentaires<\/strong>, permettant de multiplier les options de configuration et en faisant un \u00e9l\u00e9ment cl\u00e9 pour am\u00e9liorer et diversifier votre mur d&rsquo;escalade.<\/p>\n<p>Deux de ses c\u00f4t\u00e9s ont une <strong>longueur de 29 cm chacun, le c\u00f4t\u00e9 court mesure 25 cm, et sa hauteur est de 12 cm<\/strong>, offrant des dimensions polyvalentes pour s&rsquo;adapter \u00e0 une large gamme de configurations et de niveaux de comp\u00e9tence.<\/p>\n<p>Veuillez noter que les couleurs du produit peuvent varier par rapport \u00e0 l&rsquo;image affich\u00e9e. Si vous souhaitez une couleur sp\u00e9cifique, n&rsquo;h\u00e9sitez pas \u00e0 nous contacter.<\/p>\n","protected":false},"excerpt":{"rendered":"<ul>\n<li>Titan 9 est un volume d&rsquo;escalade.<\/li>\n<li>Texture de gr\u00e8s douce.<\/li>\n<li>L&rsquo;adh\u00e9rence de sa surface est parfaite.<\/li>\n<li>Il a 3 ancrages pour placer des prises et multiplier ainsi les possibilit\u00e9s.<\/li>\n<\/ul>\n","protected":false},"featured_media":18246,"comment_status":"open","ping_status":"closed","template":"","meta":[],"product_brand":[],"product_cat":[429],"product_tag":[],"class_list":{"0":"post-16302","1":"product","2":"type-product","3":"status-publish","4":"has-post-thumbnail","6":"product_cat-prises-escalade","8":"first","9":"instock","10":"taxable","11":"shipping-taxable","12":"purchasable","13":"product-type-simple"},"_links":{"self":[{"href":"https:\/\/topholds.com\/fr\/wp-json\/wp\/v2\/product\/16302","targetHints":{"allow":["GET"]}}],"collection":[{"href":"https:\/\/topholds.com\/fr\/wp-json\/wp\/v2\/product"}],"about":[{"href":"https:\/\/topholds.com\/fr\/wp-json\/wp\/v2\/types\/product"}],"replies":[{"embeddable":true,"href":"https:\/\/topholds.com\/fr\/wp-json\/wp\/v2\/comments?post=16302"}],"wp:featuredmedia":[{"embeddable":true,"href":"https:\/\/topholds.com\/fr\/wp-json\/wp\/v2\/media\/18246"}],"wp:attachment":[{"href":"https:\/\/topholds.com\/fr\/wp-json\/wp\/v2\/media?parent=16302"}],"wp:term":[{"taxonomy":"product_brand","embeddable":true,"href":"https:\/\/topholds.com\/fr\/wp-json\/wp\/v2\/product_brand?post=16302"},{"taxonomy":"product_cat","embeddable":true,"href":"https:\/\/topholds.com\/fr\/wp-json\/wp\/v2\/product_cat?post=16302"},{"taxonomy":"product_tag","embeddable":true,"href":"https:\/\/topholds.com\/fr\/wp-json\/wp\/v2\/product_tag?post=16302"}],"curies":[{"name":"wp","href":"https:\/\/api.w.org\/{rel}","templated":true}]}}