{"id":16312,"date":"2016-03-19T19:17:40","date_gmt":"2016-03-19T19:17:40","guid":{"rendered":"http:\/\/topholds.com\/esferas\/"},"modified":"2024-08-26T02:26:25","modified_gmt":"2024-08-26T02:26:25","slug":"esferas","status":"publish","type":"product","link":"https:\/\/topholds.com\/fr\/offre\/prises-escalade\/enfants\/esferas\/","title":{"rendered":"Pack Prises d&rsquo;escalade Esferas"},"content":{"rendered":"<p><strong>Esferas est un pack de 7 prises d&rsquo;escalade de texture gr\u00e9seuse tr\u00e8s douce<\/strong>, id\u00e9ales pour apporter vari\u00e9t\u00e9 et d\u00e9fis \u00e0 votre mur d&rsquo;escalade.<\/p>\n<p>Ce <em>lot de prises<\/em> <strong>comprend 7 sph\u00e8res parfaites avec des diam\u00e8tres de 35, 40, 45, 50, 55, 60 et 70 mm<\/strong>, offrant une large gamme d&rsquo;options pour s&rsquo;adapter \u00e0 diff\u00e9rents niveaux de comp\u00e9tence et pr\u00e9f\u00e9rences de prise.<\/p>\n<p>Pour garantir une fixation s\u00e9curis\u00e9e et stable, il est recommand\u00e9 d&rsquo;<strong>utiliser des vis M10x40 ou M8x40<\/strong>.<\/p>\n<p>Veuillez noter que les couleurs du produit peuvent varier par rapport \u00e0 l&rsquo;image affich\u00e9e. Si vous souhaitez une couleur sp\u00e9cifique, n&rsquo;h\u00e9sitez pas \u00e0 nous contacter.<\/p>\n","protected":false},"excerpt":{"rendered":"<ul>\n<li>Esferas est un lot de 7 prises d&rsquo;escalade.<\/li>\n<li>Texture de gr\u00e8s tr\u00e8s douce.<\/li>\n<li>Il s&rsquo;agit de 7 sph\u00e8res parfaites de 35, 40, 45, 50, 55, 60 et 70 mm de diam\u00e8tre.<\/li>\n<\/ul>\n","protected":false},"featured_media":17545,"comment_status":"open","ping_status":"closed","template":"","meta":[],"product_brand":[],"product_cat":[431],"product_tag":[],"class_list":{"0":"post-16312","1":"product","2":"type-product","3":"status-publish","4":"has-post-thumbnail","6":"product_cat-enfants","8":"first","9":"instock","10":"taxable","11":"shipping-taxable","12":"purchasable","13":"product-type-simple"},"_links":{"self":[{"href":"https:\/\/topholds.com\/fr\/wp-json\/wp\/v2\/product\/16312","targetHints":{"allow":["GET"]}}],"collection":[{"href":"https:\/\/topholds.com\/fr\/wp-json\/wp\/v2\/product"}],"about":[{"href":"https:\/\/topholds.com\/fr\/wp-json\/wp\/v2\/types\/product"}],"replies":[{"embeddable":true,"href":"https:\/\/topholds.com\/fr\/wp-json\/wp\/v2\/comments?post=16312"}],"wp:featuredmedia":[{"embeddable":true,"href":"https:\/\/topholds.com\/fr\/wp-json\/wp\/v2\/media\/17545"}],"wp:attachment":[{"href":"https:\/\/topholds.com\/fr\/wp-json\/wp\/v2\/media?parent=16312"}],"wp:term":[{"taxonomy":"product_brand","embeddable":true,"href":"https:\/\/topholds.com\/fr\/wp-json\/wp\/v2\/product_brand?post=16312"},{"taxonomy":"product_cat","embeddable":true,"href":"https:\/\/topholds.com\/fr\/wp-json\/wp\/v2\/product_cat?post=16312"},{"taxonomy":"product_tag","embeddable":true,"href":"https:\/\/topholds.com\/fr\/wp-json\/wp\/v2\/product_tag?post=16312"}],"curies":[{"name":"wp","href":"https:\/\/api.w.org\/{rel}","templated":true}]}}