{"id":16317,"date":"2016-03-19T19:22:35","date_gmt":"2016-03-19T19:22:35","guid":{"rendered":"http:\/\/topholds.com\/esfera2\/"},"modified":"2024-08-26T02:27:05","modified_gmt":"2024-08-26T02:27:05","slug":"esfera2","status":"publish","type":"product","link":"https:\/\/topholds.com\/fr\/offre\/prises-escalade\/esfera2\/","title":{"rendered":"Pack Prises d&rsquo;escalade Esfera 2"},"content":{"rendered":"<p><strong>Esfera2 est un pack de 10 prises d&rsquo;escalade de texture sablonneuse<\/strong>, con\u00e7ues pour enrichir votre exp\u00e9rience d&rsquo;escalade en salle sans d\u00e9penser beaucoup d&rsquo;argent.<\/p>\n<p>Avec des hauteurs variant entre 20 et 26 mm, ces prises sont <strong>id\u00e9al pour les r\u00e9partir dans votre salle d&rsquo;escalade<\/strong>, vous permettant de cr\u00e9er de nouveaux et stimulants blocs qui am\u00e9lioreront vos comp\u00e9tences en escalade.<\/p>\n<p>Pour garantir une fixation s\u00fbre et stable, il est recommand\u00e9 <strong>d&rsquo;utiliser des vis M10x30 ou M8x30<\/strong>.<\/p>\n<p>Veuillez noter que les couleurs du produit peuvent varier par rapport \u00e0 l&rsquo;image affich\u00e9e. Si vous souhaitez une couleur sp\u00e9cifique, n&rsquo;h\u00e9sitez pas \u00e0 nous contacter.<\/p>\n","protected":false},"excerpt":{"rendered":"<ul>\n<li>Esfera2 est un lot de 10 prises d&rsquo;escalade.<\/li>\n<li>Texture \u00a0sableuse.<\/li>\n<li>Id\u00e9ales pour les r\u00e9partir dans un mur d&rsquo;escalade.<\/li>\n<\/ul>\n","protected":false},"featured_media":18271,"comment_status":"open","ping_status":"closed","template":"","meta":[],"product_brand":[],"product_cat":[429],"product_tag":[],"class_list":{"0":"post-16317","1":"product","2":"type-product","3":"status-publish","4":"has-post-thumbnail","6":"product_cat-prises-escalade","8":"first","9":"outofstock","10":"taxable","11":"shipping-taxable","12":"purchasable","13":"product-type-simple"},"_links":{"self":[{"href":"https:\/\/topholds.com\/fr\/wp-json\/wp\/v2\/product\/16317","targetHints":{"allow":["GET"]}}],"collection":[{"href":"https:\/\/topholds.com\/fr\/wp-json\/wp\/v2\/product"}],"about":[{"href":"https:\/\/topholds.com\/fr\/wp-json\/wp\/v2\/types\/product"}],"replies":[{"embeddable":true,"href":"https:\/\/topholds.com\/fr\/wp-json\/wp\/v2\/comments?post=16317"}],"wp:featuredmedia":[{"embeddable":true,"href":"https:\/\/topholds.com\/fr\/wp-json\/wp\/v2\/media\/18271"}],"wp:attachment":[{"href":"https:\/\/topholds.com\/fr\/wp-json\/wp\/v2\/media?parent=16317"}],"wp:term":[{"taxonomy":"product_brand","embeddable":true,"href":"https:\/\/topholds.com\/fr\/wp-json\/wp\/v2\/product_brand?post=16317"},{"taxonomy":"product_cat","embeddable":true,"href":"https:\/\/topholds.com\/fr\/wp-json\/wp\/v2\/product_cat?post=16317"},{"taxonomy":"product_tag","embeddable":true,"href":"https:\/\/topholds.com\/fr\/wp-json\/wp\/v2\/product_tag?post=16317"}],"curies":[{"name":"wp","href":"https:\/\/api.w.org\/{rel}","templated":true}]}}