{"id":16322,"date":"2016-03-19T19:36:59","date_gmt":"2016-03-19T19:36:59","guid":{"rendered":"http:\/\/topholds.com\/asa\/"},"modified":"2026-01-28T15:45:27","modified_gmt":"2026-01-28T15:45:27","slug":"asa","status":"publish","type":"product","link":"https:\/\/topholds.com\/fr\/offre\/prises-escalade\/asa\/","title":{"rendered":"Pack Prises d&rsquo;escalade Asa"},"content":{"rendered":"<p>Asa est un <strong>pack de 4 prises d&rsquo;escalade en texture gr\u00e9seuse<\/strong>, con\u00e7ues pour offrir des prises confortables et s\u00fbres dans tout d\u00e9vers ou toit.<\/p>\n<p>Ces prises, avec <strong>leur texture r\u00e9aliste et prises ergonomiques<\/strong>, sont parfaites pour am\u00e9liorer vos comp\u00e9tences en escalade sur une large vari\u00e9t\u00e9 d&rsquo;angles et d&rsquo;inclinaisons.<\/p>\n<p>Pour assurer un montage appropri\u00e9 et stable, il est recommand\u00e9 <strong>d&rsquo;utiliser des vis M10x40 ou M8x40<\/strong>.<\/p>\n<p>Veuillez noter que les couleurs du produit peuvent varier par rapport \u00e0 l&rsquo;image affich\u00e9e. Si vous souhaitez une couleur sp\u00e9cifique, n&rsquo;h\u00e9sitez pas \u00e0 nous contacter.<\/p>\n","protected":false},"excerpt":{"rendered":"<ul>\n<li>Asa est un lot de 4 prises d&rsquo;escalade.<\/li>\n<li>Texture sablonneuse.<\/li>\n<li>Bonnes prises pour tout surplomb et plafond.<\/li>\n<\/ul>\n","protected":false},"featured_media":18316,"comment_status":"open","ping_status":"closed","template":"","meta":[],"product_brand":[],"product_cat":[429],"product_tag":[],"class_list":{"0":"post-16322","1":"product","2":"type-product","3":"status-publish","4":"has-post-thumbnail","6":"product_cat-prises-escalade","8":"first","9":"instock","10":"taxable","11":"shipping-taxable","12":"purchasable","13":"product-type-simple"},"_links":{"self":[{"href":"https:\/\/topholds.com\/fr\/wp-json\/wp\/v2\/product\/16322","targetHints":{"allow":["GET"]}}],"collection":[{"href":"https:\/\/topholds.com\/fr\/wp-json\/wp\/v2\/product"}],"about":[{"href":"https:\/\/topholds.com\/fr\/wp-json\/wp\/v2\/types\/product"}],"replies":[{"embeddable":true,"href":"https:\/\/topholds.com\/fr\/wp-json\/wp\/v2\/comments?post=16322"}],"wp:featuredmedia":[{"embeddable":true,"href":"https:\/\/topholds.com\/fr\/wp-json\/wp\/v2\/media\/18316"}],"wp:attachment":[{"href":"https:\/\/topholds.com\/fr\/wp-json\/wp\/v2\/media?parent=16322"}],"wp:term":[{"taxonomy":"product_brand","embeddable":true,"href":"https:\/\/topholds.com\/fr\/wp-json\/wp\/v2\/product_brand?post=16322"},{"taxonomy":"product_cat","embeddable":true,"href":"https:\/\/topholds.com\/fr\/wp-json\/wp\/v2\/product_cat?post=16322"},{"taxonomy":"product_tag","embeddable":true,"href":"https:\/\/topholds.com\/fr\/wp-json\/wp\/v2\/product_tag?post=16322"}],"curies":[{"name":"wp","href":"https:\/\/api.w.org\/{rel}","templated":true}]}}