{"id":16327,"date":"2016-03-19T20:00:29","date_gmt":"2016-03-19T20:00:29","guid":{"rendered":"http:\/\/topholds.com\/regleta\/"},"modified":"2024-08-26T02:28:25","modified_gmt":"2024-08-26T02:28:25","slug":"regleta","status":"publish","type":"product","link":"https:\/\/topholds.com\/fr\/offre\/prises-escalade\/regleta\/","title":{"rendered":"Pack Prises d&rsquo;escalade Regleta"},"content":{"rendered":"<p><strong>Regleta est un pack de 5 prises d&rsquo;escalade avec texture duale<\/strong>, offrant une surface brillante sur l&rsquo;ensemble de la prise, sauf sur le bord.<\/p>\n<p>Ce <em>lot de prises<\/em> est une <strong>fa\u00e7on id\u00e9ale et \u00e9conomique d&rsquo;optimiser votre mur d&rsquo;escalade<\/strong>, car vous pouvez les combiner avec des prises conventionnelles pour cr\u00e9er une grande vari\u00e9t\u00e9 de blocages stimulants et difficiles.<\/p>\n<p>Pour garantir une fixation s\u00e9curis\u00e9e, il <strong>est n\u00e9cessaire d&rsquo;utiliser des tire-fonds<\/strong>.<\/p>\n<p>Veuillez noter que les couleurs du produit peuvent varier par rapport \u00e0 l&rsquo;image affich\u00e9e. Si vous d\u00e9sirez une couleur sp\u00e9cifique, n&rsquo;h\u00e9sitez pas \u00e0 nous contacter.<\/p>\n","protected":false},"excerpt":{"rendered":"<ul>\n<li>Regleta est un lot de 5 prises d&rsquo;escalade.<\/li>\n<li>Texture duale.<\/li>\n<li>Toute la prise avec brillance sauf le bord.<\/li>\n<\/ul>\n","protected":false},"featured_media":5746,"comment_status":"open","ping_status":"closed","template":"","meta":[],"product_brand":[],"product_cat":[429],"product_tag":[],"class_list":{"0":"post-16327","1":"product","2":"type-product","3":"status-publish","4":"has-post-thumbnail","6":"product_cat-prises-escalade","8":"first","9":"instock","10":"taxable","11":"shipping-taxable","12":"purchasable","13":"product-type-simple"},"_links":{"self":[{"href":"https:\/\/topholds.com\/fr\/wp-json\/wp\/v2\/product\/16327","targetHints":{"allow":["GET"]}}],"collection":[{"href":"https:\/\/topholds.com\/fr\/wp-json\/wp\/v2\/product"}],"about":[{"href":"https:\/\/topholds.com\/fr\/wp-json\/wp\/v2\/types\/product"}],"replies":[{"embeddable":true,"href":"https:\/\/topholds.com\/fr\/wp-json\/wp\/v2\/comments?post=16327"}],"wp:featuredmedia":[{"embeddable":true,"href":"https:\/\/topholds.com\/fr\/wp-json\/wp\/v2\/media\/5746"}],"wp:attachment":[{"href":"https:\/\/topholds.com\/fr\/wp-json\/wp\/v2\/media?parent=16327"}],"wp:term":[{"taxonomy":"product_brand","embeddable":true,"href":"https:\/\/topholds.com\/fr\/wp-json\/wp\/v2\/product_brand?post=16327"},{"taxonomy":"product_cat","embeddable":true,"href":"https:\/\/topholds.com\/fr\/wp-json\/wp\/v2\/product_cat?post=16327"},{"taxonomy":"product_tag","embeddable":true,"href":"https:\/\/topholds.com\/fr\/wp-json\/wp\/v2\/product_tag?post=16327"}],"curies":[{"name":"wp","href":"https:\/\/api.w.org\/{rel}","templated":true}]}}