{"id":16337,"date":"2016-03-20T09:57:05","date_gmt":"2016-03-20T09:57:05","guid":{"rendered":"http:\/\/topholds.com\/kineta\/"},"modified":"2026-03-29T10:49:37","modified_gmt":"2026-03-29T10:49:37","slug":"kineta","status":"publish","type":"product","link":"https:\/\/topholds.com\/fr\/offre\/prises-escalade\/kineta\/","title":{"rendered":"Pack Prises d&rsquo;escalade Kineta"},"content":{"rendered":"<p><strong>Kineta est un pack de 4 prises d&rsquo;escalade<\/strong> avec texture de gr\u00e8s, con\u00e7ues pour se compl\u00e9ter et offrir une exp\u00e9rience d&rsquo;escalade polyvalente et stimulante.<\/p>\n<p>Ces prises sont <strong>id\u00e9ales pour cr\u00e9er des fissures et ajuster la difficult\u00e9 du bloc<\/strong> selon vos pr\u00e9f\u00e9rences. Gr\u00e2ce aux deux vis suppl\u00e9mentaires, vous pouvez fixer chaque prise fermement dans la position souhait\u00e9e, assurant une prise stable et s\u00e9curis\u00e9e.<\/p>\n<p>S\u00e9par\u00e9ment, les prises <strong>pr\u00e9sentent des surfaces \u00e9mouss\u00e9es d&rsquo;un c\u00f4t\u00e9 et des arr\u00eates tr\u00e8s positives de l&rsquo;autre<\/strong>, ce qui les rend adapt\u00e9es \u00e0 toute inclinaison.<\/p>\n<p>Pour garantir un maintien optimal, il est recommand\u00e9 <strong>d&rsquo;utiliser des vis M10x40 ou M8x40<\/strong>. De plus, les prises disposent de deux trous suppl\u00e9mentaires pour vis \u00e0 bois, offrant une plus grande stabilit\u00e9 et s\u00e9curit\u00e9.<\/p>\n<p>Veuillez noter que les couleurs du produit peuvent varier par rapport \u00e0 l&rsquo;image affich\u00e9e. Si vous souhaitez une couleur sp\u00e9cifique, n&rsquo;h\u00e9sitez pas \u00e0 nous contacter.<\/p>\n","protected":false},"excerpt":{"rendered":"<ul>\n<li>Kineta est une collection de 4 prises en texture gr\u00e9s.<\/li>\n<li>Ces prises se compl\u00e8tent entre elles.<\/li>\n<li>Id\u00e9ales pour cr\u00e9er des fissures et augmenter ou diminuer la difficult\u00e9 du bloc.<\/li>\n<li>Aptes pour toutes les inclinaisons.<\/li>\n<li>\u00c9quip\u00e9es de deux trous pour vis \u00e0 bois.<\/li>\n<\/ul>\n<p>&nbsp;<\/p>\n","protected":false},"featured_media":18366,"comment_status":"open","ping_status":"closed","template":"","meta":[],"product_brand":[],"product_cat":[429],"product_tag":[],"class_list":{"0":"post-16337","1":"product","2":"type-product","3":"status-publish","4":"has-post-thumbnail","6":"product_cat-prises-escalade","8":"first","9":"instock","10":"taxable","11":"shipping-taxable","12":"purchasable","13":"product-type-simple"},"_links":{"self":[{"href":"https:\/\/topholds.com\/fr\/wp-json\/wp\/v2\/product\/16337","targetHints":{"allow":["GET"]}}],"collection":[{"href":"https:\/\/topholds.com\/fr\/wp-json\/wp\/v2\/product"}],"about":[{"href":"https:\/\/topholds.com\/fr\/wp-json\/wp\/v2\/types\/product"}],"replies":[{"embeddable":true,"href":"https:\/\/topholds.com\/fr\/wp-json\/wp\/v2\/comments?post=16337"}],"wp:featuredmedia":[{"embeddable":true,"href":"https:\/\/topholds.com\/fr\/wp-json\/wp\/v2\/media\/18366"}],"wp:attachment":[{"href":"https:\/\/topholds.com\/fr\/wp-json\/wp\/v2\/media?parent=16337"}],"wp:term":[{"taxonomy":"product_brand","embeddable":true,"href":"https:\/\/topholds.com\/fr\/wp-json\/wp\/v2\/product_brand?post=16337"},{"taxonomy":"product_cat","embeddable":true,"href":"https:\/\/topholds.com\/fr\/wp-json\/wp\/v2\/product_cat?post=16337"},{"taxonomy":"product_tag","embeddable":true,"href":"https:\/\/topholds.com\/fr\/wp-json\/wp\/v2\/product_tag?post=16337"}],"curies":[{"name":"wp","href":"https:\/\/api.w.org\/{rel}","templated":true}]}}