{"id":16352,"date":"2016-03-20T13:38:08","date_gmt":"2016-03-20T13:38:08","guid":{"rendered":"http:\/\/topholds.com\/roma-campus-9cm\/"},"modified":"2025-06-04T16:02:40","modified_gmt":"2025-06-04T16:02:40","slug":"roma-campus-9cm","status":"publish","type":"product","link":"https:\/\/topholds.com\/fr\/offre\/course-obstacles\/entrainements\/prises\/roma-campus-9cm\/","title":{"rendered":"Prises d&rsquo;escalade Balle Roma Campus 9 cm"},"content":{"rendered":"<p><strong>Bola Roma Campus 9 cm est une prise d&rsquo;escalade<\/strong> avec une forme parfaitement arrondie pour d\u00e9fier vos comp\u00e9tences.<\/p>\n<p>Sa texture douce offre une <strong>prise confortable et s\u00e9curis\u00e9e<\/strong> pendant vos entra\u00eenements d&rsquo;escalade.<\/p>\n<p>Avec un diam\u00e8tre de 90 mm et une hauteur de 60 mm, cette prise est <strong>id\u00e9ale pour les grimpeurs de diff\u00e9rents niveaux de comp\u00e9tence<\/strong>.<\/p>\n<p>Pour fixer correctement la prise, il est recommand\u00e9 <strong>d&rsquo;utiliser des vis M10x60 ou M8x60<\/strong>.<\/p>\n<p>Veuillez noter que les couleurs du produit peuvent varier par rapport \u00e0 l&rsquo;image affich\u00e9e. Si vous souhaitez une couleur sp\u00e9cifique, n&rsquo;h\u00e9sitez pas \u00e0 nous contacter.<\/p>\n","protected":false},"excerpt":{"rendered":"<ul>\n<li>Boule Roma totalement parfaite.<\/li>\n<li>Texture douce.<\/li>\n<li>Diam\u00e8tre de 90 mm x 60 mm de hauteur.<\/li>\n<\/ul>\n","protected":false},"featured_media":5056,"comment_status":"open","ping_status":"closed","template":"","meta":[],"product_brand":[],"product_cat":[402,450,429,432,454],"product_tag":[],"class_list":{"0":"post-16352","1":"product","2":"type-product","3":"status-publish","4":"has-post-thumbnail","6":"product_cat-course-obstacles","7":"product_cat-entrainements","8":"product_cat-prises-escalade","9":"product_cat-entrainement","10":"product_cat-prises","12":"first","13":"instock","14":"taxable","15":"shipping-taxable","16":"purchasable","17":"product-type-simple"},"_links":{"self":[{"href":"https:\/\/topholds.com\/fr\/wp-json\/wp\/v2\/product\/16352","targetHints":{"allow":["GET"]}}],"collection":[{"href":"https:\/\/topholds.com\/fr\/wp-json\/wp\/v2\/product"}],"about":[{"href":"https:\/\/topholds.com\/fr\/wp-json\/wp\/v2\/types\/product"}],"replies":[{"embeddable":true,"href":"https:\/\/topholds.com\/fr\/wp-json\/wp\/v2\/comments?post=16352"}],"wp:featuredmedia":[{"embeddable":true,"href":"https:\/\/topholds.com\/fr\/wp-json\/wp\/v2\/media\/5056"}],"wp:attachment":[{"href":"https:\/\/topholds.com\/fr\/wp-json\/wp\/v2\/media?parent=16352"}],"wp:term":[{"taxonomy":"product_brand","embeddable":true,"href":"https:\/\/topholds.com\/fr\/wp-json\/wp\/v2\/product_brand?post=16352"},{"taxonomy":"product_cat","embeddable":true,"href":"https:\/\/topholds.com\/fr\/wp-json\/wp\/v2\/product_cat?post=16352"},{"taxonomy":"product_tag","embeddable":true,"href":"https:\/\/topholds.com\/fr\/wp-json\/wp\/v2\/product_tag?post=16352"}],"curies":[{"name":"wp","href":"https:\/\/api.w.org\/{rel}","templated":true}]}}