{"id":16357,"date":"2016-03-20T14:19:53","date_gmt":"2016-03-20T14:19:53","guid":{"rendered":"http:\/\/topholds.com\/campus-12\/"},"modified":"2025-04-01T14:12:14","modified_gmt":"2025-04-01T14:12:14","slug":"campus-12","status":"publish","type":"product","link":"https:\/\/topholds.com\/fr\/offre\/course-obstacles\/entrainements\/prises\/campus-12\/","title":{"rendered":"Prises d&rsquo;escalade Pinch Campus 12"},"content":{"rendered":"<p><strong>Pinza Campus est une prise d&rsquo;escalade<\/strong> pour panneaux sym\u00e9triques ou \u00e0 utiliser dans votre Campus, offrant ainsi polyvalence dans vos entra\u00eenements d&rsquo;escalade.<\/p>\n<p>Avec une texture de gr\u00e8s douce, elle procure une prise confortable et s\u00e9curis\u00e9e. <strong>En faisant pivoter la prise, vous pouvez vous entra\u00eener avec des pinces larges<\/strong> sous diff\u00e9rents angles, am\u00e9liorant ainsi votre technique et votre force.<\/p>\n<p>Le plat parfait a un <strong>diam\u00e8tre de 120 mm, une largeur de prise de 65 mm et une hauteur de 60 mm<\/strong>, ce qui le rend adapt\u00e9 aux grimpeurs de divers niveaux de comp\u00e9tence.<\/p>\n<p>Il est recommand\u00e9 <strong>d&rsquo;utiliser des vis M10x60 ou M8x60 pour s\u00e9curiser la prise<\/strong>, et elle dispose d&rsquo;un trou suppl\u00e9mentaire pour une vis anti-rotation, garantissant ainsi sa stabilit\u00e9 durant l&rsquo;utilisation.<\/p>\n<p>Veuillez noter que les couleurs du produit peuvent varier par rapport \u00e0 l&rsquo;image pr\u00e9sent\u00e9e. Si vous souhaitez une couleur sp\u00e9cifique, n&rsquo;h\u00e9sitez pas \u00e0 nous contacter.<\/p>\n","protected":false},"excerpt":{"rendered":"<ul>\n<li>Id\u00e9al pour des panneaux sym\u00e9triques ou pour les placer dans notre Campus.<\/li>\n<li>Texture sablonneuse douce.<\/li>\n<li>Avec diff\u00e9rentes rotations, nous pouvons entra\u00eener les pinces larges sous diff\u00e9rents angles.<\/li>\n<li>Rond parfait de 120 mm de diam\u00e8tre, largeur de pince 65 mm et hauteur de 60 mm.<\/li>\n<li>Orifice pour vis anti-rotation suppl\u00e9mentaire.<\/li>\n<\/ul>\n","protected":false},"featured_media":18391,"comment_status":"open","ping_status":"closed","template":"","meta":[],"product_brand":[],"product_cat":[402,450,429,432,454],"product_tag":[],"class_list":{"0":"post-16357","1":"product","2":"type-product","3":"status-publish","4":"has-post-thumbnail","6":"product_cat-course-obstacles","7":"product_cat-entrainements","8":"product_cat-prises-escalade","9":"product_cat-entrainement","10":"product_cat-prises","12":"first","13":"instock","14":"taxable","15":"shipping-taxable","16":"purchasable","17":"product-type-simple"},"_links":{"self":[{"href":"https:\/\/topholds.com\/fr\/wp-json\/wp\/v2\/product\/16357","targetHints":{"allow":["GET"]}}],"collection":[{"href":"https:\/\/topholds.com\/fr\/wp-json\/wp\/v2\/product"}],"about":[{"href":"https:\/\/topholds.com\/fr\/wp-json\/wp\/v2\/types\/product"}],"replies":[{"embeddable":true,"href":"https:\/\/topholds.com\/fr\/wp-json\/wp\/v2\/comments?post=16357"}],"wp:featuredmedia":[{"embeddable":true,"href":"https:\/\/topholds.com\/fr\/wp-json\/wp\/v2\/media\/18391"}],"wp:attachment":[{"href":"https:\/\/topholds.com\/fr\/wp-json\/wp\/v2\/media?parent=16357"}],"wp:term":[{"taxonomy":"product_brand","embeddable":true,"href":"https:\/\/topholds.com\/fr\/wp-json\/wp\/v2\/product_brand?post=16357"},{"taxonomy":"product_cat","embeddable":true,"href":"https:\/\/topholds.com\/fr\/wp-json\/wp\/v2\/product_cat?post=16357"},{"taxonomy":"product_tag","embeddable":true,"href":"https:\/\/topholds.com\/fr\/wp-json\/wp\/v2\/product_tag?post=16357"}],"curies":[{"name":"wp","href":"https:\/\/api.w.org\/{rel}","templated":true}]}}