{"id":16362,"date":"2016-03-20T16:30:26","date_gmt":"2016-03-20T16:30:26","guid":{"rendered":"http:\/\/topholds.com\/althea\/"},"modified":"2024-08-26T02:32:52","modified_gmt":"2024-08-26T02:32:52","slug":"althea","status":"publish","type":"product","link":"https:\/\/topholds.com\/fr\/offre\/course-obstacles\/entrainements\/prises\/althea\/","title":{"rendered":"Prises d&rsquo;escalade Althea"},"content":{"rendered":"<p><strong>Althea est une prise d&rsquo;escalade<\/strong> id\u00e9ale pour des panneaux sym\u00e9triques, avec une texture de gr\u00e8s qui offre une adh\u00e9rence optimale.<\/p>\n<p>Cette prise parfaite, <strong>avec un diam\u00e8tre de 120 mm, dispose d&rsquo;un bord neutre de 4 doigts d&rsquo;un c\u00f4t\u00e9<\/strong> et d&rsquo;une combinaison de bord positif\/n\u00e9gatif de l&rsquo;autre c\u00f4t\u00e9, offrant de la polyvalence pour diff\u00e9rents niveaux de comp\u00e9tence.<\/p>\n<p>Il est recommand\u00e9 <strong>d&rsquo;utiliser des vis M10x60 ou M8x60 pour une fixation s\u00e9curis\u00e9e<\/strong>, et elle dispose d&rsquo;un trou suppl\u00e9mentaire pour une vis anti-rotation, garantissant la stabilit\u00e9 de la prise pendant son utilisation.<\/p>\n<p>Veuillez noter que les couleurs du produit peuvent varier par rapport \u00e0 l&rsquo;image montr\u00e9e. Si vous souhaitez une couleur sp\u00e9cifique, n&rsquo;h\u00e9sitez pas \u00e0 nous contacter.<\/p>\n","protected":false},"excerpt":{"rendered":"<ul>\n<li>Althea est une prise d&rsquo;escalade id\u00e9ale pour panneaux sym\u00e9triques.<\/li>\n<li>Texture sablonneuse.<\/li>\n<li>Rond parfait de 120 mm de diam\u00e8tre.<\/li>\n<li>Prise neutre de 4 doigts d&rsquo;un c\u00f4t\u00e9 et positive\/n\u00e9gative de l&rsquo;autre.<\/li>\n<\/ul>\n","protected":false},"featured_media":18411,"comment_status":"open","ping_status":"closed","template":"","meta":[],"product_brand":[],"product_cat":[402,450,429,432,454],"product_tag":[],"class_list":{"0":"post-16362","1":"product","2":"type-product","3":"status-publish","4":"has-post-thumbnail","6":"product_cat-course-obstacles","7":"product_cat-entrainements","8":"product_cat-prises-escalade","9":"product_cat-entrainement","10":"product_cat-prises","12":"first","13":"instock","14":"taxable","15":"shipping-taxable","16":"purchasable","17":"product-type-simple"},"_links":{"self":[{"href":"https:\/\/topholds.com\/fr\/wp-json\/wp\/v2\/product\/16362","targetHints":{"allow":["GET"]}}],"collection":[{"href":"https:\/\/topholds.com\/fr\/wp-json\/wp\/v2\/product"}],"about":[{"href":"https:\/\/topholds.com\/fr\/wp-json\/wp\/v2\/types\/product"}],"replies":[{"embeddable":true,"href":"https:\/\/topholds.com\/fr\/wp-json\/wp\/v2\/comments?post=16362"}],"wp:featuredmedia":[{"embeddable":true,"href":"https:\/\/topholds.com\/fr\/wp-json\/wp\/v2\/media\/18411"}],"wp:attachment":[{"href":"https:\/\/topholds.com\/fr\/wp-json\/wp\/v2\/media?parent=16362"}],"wp:term":[{"taxonomy":"product_brand","embeddable":true,"href":"https:\/\/topholds.com\/fr\/wp-json\/wp\/v2\/product_brand?post=16362"},{"taxonomy":"product_cat","embeddable":true,"href":"https:\/\/topholds.com\/fr\/wp-json\/wp\/v2\/product_cat?post=16362"},{"taxonomy":"product_tag","embeddable":true,"href":"https:\/\/topholds.com\/fr\/wp-json\/wp\/v2\/product_tag?post=16362"}],"curies":[{"name":"wp","href":"https:\/\/api.w.org\/{rel}","templated":true}]}}