{"id":16367,"date":"2016-03-22T16:25:09","date_gmt":"2016-03-22T16:25:09","guid":{"rendered":"http:\/\/topholds.com\/ancrage-chimique-300ml\/"},"modified":"2024-08-26T02:33:27","modified_gmt":"2024-08-26T02:33:27","slug":"ancrage-chimique-300ml","status":"publish","type":"product","link":"https:\/\/topholds.com\/fr\/offre\/ancrages\/ancrages-mur\/ancrage-chimique-300ml\/","title":{"rendered":"Ancrage Chimique 300ml"},"content":{"rendered":"<p>*<strong>Ancrage chimique haute performance et tamis \u00e0 filetage int\u00e9rieur<\/strong>, id\u00e9aux pour les murs en b\u00e9ton, en pierre ou en brique pleine.<\/p>\n<p>*<strong>Ancrage chimique combin\u00e9 avec tamis \u00e0 filetage int\u00e9rieur et tamis en nylon<\/strong> pour une installation s\u00e9curis\u00e9e sur des murs en brique creuse.<\/p>\n<p>Ces deux solutions polyvalentes permettent de <strong>installer tes prises sur tout type de mur<\/strong> en toute confiance et s\u00e9curit\u00e9 (consulte notre tutoriel graphique sur <a href=\"https:\/\/topholds.com\/blog\/\">notre blog<\/a>).<\/p>\n<p>Le tamis \u00e0 filetage int\u00e9rieur adh\u00e8re fermement \u00e0 la surface, permettant de <a href=\"https:\/\/topholds.com\/colocar-presas-de-escalada-en-una-pared-de-hormigon\/\">d\u00e9monter et de r\u00e9installer les prises<\/a> pour modifier les circuits ou effectuer un nettoyage sans craindre d&rsquo;endommager le mur, contrairement \u00e0 d&rsquo;autres syst\u00e8mes de fixation.<\/p>\n<p>Ce cartouche de 300 ml est compatible avec n&rsquo;importe quel pistolet \u00e0 silicones. Lors de l&rsquo;ouverture d&rsquo;un nouveau cartouche, il est recommand\u00e9 de jeter un peu de produit jusqu&rsquo;\u00e0 ce que la r\u00e9sine sorte de mani\u00e8re homog\u00e8ne.<\/p>\n","protected":false},"excerpt":{"rendered":"<ul>\n<li>Taco chimique haute performance de 300 ml.<\/li>\n<li>Installez vos prises dans des murs creux ou pleins avec un maximum de garanties.<\/li>\n<li>Le cartouche inclut une canule m\u00e9langeuse.<\/li>\n<\/ul>\n<p>&nbsp;<\/p>\n","protected":false},"featured_media":6905,"comment_status":"open","ping_status":"closed","template":"","meta":[],"product_brand":[],"product_cat":[430,434],"product_tag":[],"class_list":{"0":"post-16367","1":"product","2":"type-product","3":"status-publish","4":"has-post-thumbnail","6":"product_cat-ancrages","7":"product_cat-ancrages-mur","9":"first","10":"instock","11":"taxable","12":"shipping-taxable","13":"purchasable","14":"product-type-simple"},"_links":{"self":[{"href":"https:\/\/topholds.com\/fr\/wp-json\/wp\/v2\/product\/16367","targetHints":{"allow":["GET"]}}],"collection":[{"href":"https:\/\/topholds.com\/fr\/wp-json\/wp\/v2\/product"}],"about":[{"href":"https:\/\/topholds.com\/fr\/wp-json\/wp\/v2\/types\/product"}],"replies":[{"embeddable":true,"href":"https:\/\/topholds.com\/fr\/wp-json\/wp\/v2\/comments?post=16367"}],"wp:featuredmedia":[{"embeddable":true,"href":"https:\/\/topholds.com\/fr\/wp-json\/wp\/v2\/media\/6905"}],"wp:attachment":[{"href":"https:\/\/topholds.com\/fr\/wp-json\/wp\/v2\/media?parent=16367"}],"wp:term":[{"taxonomy":"product_brand","embeddable":true,"href":"https:\/\/topholds.com\/fr\/wp-json\/wp\/v2\/product_brand?post=16367"},{"taxonomy":"product_cat","embeddable":true,"href":"https:\/\/topholds.com\/fr\/wp-json\/wp\/v2\/product_cat?post=16367"},{"taxonomy":"product_tag","embeddable":true,"href":"https:\/\/topholds.com\/fr\/wp-json\/wp\/v2\/product_tag?post=16367"}],"curies":[{"name":"wp","href":"https:\/\/api.w.org\/{rel}","templated":true}]}}