{"id":16377,"date":"2016-03-22T17:54:43","date_gmt":"2016-03-22T17:54:43","guid":{"rendered":"http:\/\/topholds.com\/tamis-metallique-filetage-interne-m8\/"},"modified":"2024-08-26T02:34:47","modified_gmt":"2024-08-26T02:34:47","slug":"tamis-metallique-filetage-interne-m8","status":"publish","type":"product","link":"https:\/\/topholds.com\/fr\/offre\/ancrages\/ancrages-mur\/tamis-metallique-filetage-interne-m8\/","title":{"rendered":"Tamis M\u00e9tallique avec Filetage Interne M8"},"content":{"rendered":"<p>*<strong>Ancrage chimique haute r\u00e9sistance et tamis \u00e0 filetage interne M8<\/strong> pour murs en b\u00e9ton, pierre ou brique pleine.<\/p>\n<p>*<strong>Ancrage chimique et tamis \u00e0 filetage interne M8<\/strong> avec un tamis suppl\u00e9mentaire en nylon pour murs en brique creuse.<\/p>\n<p>Ces deux solutions polyvalentes vous permettent d&rsquo;installer vos prises d&rsquo;escalade sur n&rsquo;importe quel type de mur en toute s\u00e9curit\u00e9 et confiance.<\/p>\n<p>Le tamis \u00e0 filetage int\u00e9rieur s&rsquo;adh\u00e8re fermement \u00e0 la surface, vous permettant de <a href=\"https:\/\/topholds.com\/colocar-presas-de-escalada-en-una-pared-de-hormigon\/\">d\u00e9monter et de r\u00e9installer les prises<\/a> pour modifier les circuits ou effectuer un nettoyage sans craindre d&rsquo;endommager le mur, contrairement \u00e0 d&rsquo;autres syst\u00e8mes de fixation.<\/p>\n<p>Si vous avez besoin de conseils, consultez notre tutoriel graphique sur <a href=\"https:\/\/topholds.com\/blog\/\">notre blog<\/a> ou contactez-nous pour obtenir des conseils personnalis\u00e9s.<\/p>\n","protected":false},"excerpt":{"rendered":"<ul>\n<li>Tamise m\u00e9tallique avec filetage interne M8<\/li>\n<li>Pour ancrages avec bouchon chimique.<\/li>\n<li>Installez vos prises sur des murs creux ou pleins avec les meilleures garanties.<\/li>\n<\/ul>\n","protected":false},"featured_media":4414,"comment_status":"open","ping_status":"closed","template":"","meta":[],"product_brand":[],"product_cat":[430,434],"product_tag":[],"class_list":{"0":"post-16377","1":"product","2":"type-product","3":"status-publish","4":"has-post-thumbnail","6":"product_cat-ancrages","7":"product_cat-ancrages-mur","9":"first","10":"instock","11":"taxable","12":"shipping-taxable","13":"purchasable","14":"product-type-simple"},"_links":{"self":[{"href":"https:\/\/topholds.com\/fr\/wp-json\/wp\/v2\/product\/16377","targetHints":{"allow":["GET"]}}],"collection":[{"href":"https:\/\/topholds.com\/fr\/wp-json\/wp\/v2\/product"}],"about":[{"href":"https:\/\/topholds.com\/fr\/wp-json\/wp\/v2\/types\/product"}],"replies":[{"embeddable":true,"href":"https:\/\/topholds.com\/fr\/wp-json\/wp\/v2\/comments?post=16377"}],"wp:featuredmedia":[{"embeddable":true,"href":"https:\/\/topholds.com\/fr\/wp-json\/wp\/v2\/media\/4414"}],"wp:attachment":[{"href":"https:\/\/topholds.com\/fr\/wp-json\/wp\/v2\/media?parent=16377"}],"wp:term":[{"taxonomy":"product_brand","embeddable":true,"href":"https:\/\/topholds.com\/fr\/wp-json\/wp\/v2\/product_brand?post=16377"},{"taxonomy":"product_cat","embeddable":true,"href":"https:\/\/topholds.com\/fr\/wp-json\/wp\/v2\/product_cat?post=16377"},{"taxonomy":"product_tag","embeddable":true,"href":"https:\/\/topholds.com\/fr\/wp-json\/wp\/v2\/product_tag?post=16377"}],"curies":[{"name":"wp","href":"https:\/\/api.w.org\/{rel}","templated":true}]}}