{"id":16382,"date":"2016-03-22T17:59:34","date_gmt":"2016-03-22T17:59:34","guid":{"rendered":"http:\/\/topholds.com\/tamis-metallique-filetage-interne-m10\/"},"modified":"2025-04-07T11:36:03","modified_gmt":"2025-04-07T11:36:03","slug":"tamis-metallique-filetage-interne-m10","status":"publish","type":"product","link":"https:\/\/topholds.com\/fr\/offre\/ancrages\/ancrages-mur\/tamis-metallique-filetage-interne-m10\/","title":{"rendered":"Tamis M\u00e9tallique avec Filetage Interne M10"},"content":{"rendered":"<p>*<strong>Taco chimique de haute r\u00e9sistance et tamis \u00e0 filetage interne M10<\/strong> pour murs en b\u00e9ton, pierre ou brique pleine.<\/p>\n<p>*<strong>Taco chimique et tamis \u00e0 filetage interne M10<\/strong> avec tamis en nylon suppl\u00e9mentaire pour murs en brique creuse.<\/p>\n<p>Ces deux combinaisons polyvalentes te permettront <strong>d&rsquo;installer tes prises d&rsquo;escalade sur tout type de mur<\/strong> en toute s\u00e9curit\u00e9 et confiance.<\/p>\n<p>Gr\u00e2ce au tamis \u00e0 filetage int\u00e9rieur, l&rsquo;ancrage restera fermement adh\u00e9r\u00e9 \u00e0 la surface, te permettant de <a href=\"https:\/\/topholds.com\/colocar-presas-de-escalada-en-una-pared-de-hormigon\/\">d\u00e9monter et de r\u00e9installer les prises<\/a> pour changer les circuits ou effectuer un entretien sans craindre d&rsquo;endommager le mur, contrairement \u00e0 d&rsquo;autres syst\u00e8mes de fixation.<\/p>\n<p>Si tu as besoin de conseils personnalis\u00e9s, n&rsquo;h\u00e9site pas \u00e0 nous consulter.<\/p>\n<p>Consulte notre tutoriel graphique sur notre blog pour obtenir des instructions d\u00e9taill\u00e9es d&rsquo;installation.<\/p>\n","protected":false},"excerpt":{"rendered":"<ul>\n<li>Filtre m\u00e9tallique avec filetage interne M10.<\/li>\n<li>Pour ancrages avec chevilles chimiques.<\/li>\n<li>Id\u00e9al pour installer des prises d&rsquo;escalade sur des murs creux ou massifs.<\/li>\n<\/ul>\n<p>&nbsp;<\/p>\n<p>&nbsp;<\/p>\n<p>&nbsp;<\/p>\n","protected":false},"featured_media":4414,"comment_status":"open","ping_status":"closed","template":"","meta":[],"product_brand":[],"product_cat":[430,434],"product_tag":[],"class_list":{"0":"post-16382","1":"product","2":"type-product","3":"status-publish","4":"has-post-thumbnail","6":"product_cat-ancrages","7":"product_cat-ancrages-mur","9":"first","10":"instock","11":"taxable","12":"shipping-taxable","13":"purchasable","14":"product-type-simple"},"_links":{"self":[{"href":"https:\/\/topholds.com\/fr\/wp-json\/wp\/v2\/product\/16382","targetHints":{"allow":["GET"]}}],"collection":[{"href":"https:\/\/topholds.com\/fr\/wp-json\/wp\/v2\/product"}],"about":[{"href":"https:\/\/topholds.com\/fr\/wp-json\/wp\/v2\/types\/product"}],"replies":[{"embeddable":true,"href":"https:\/\/topholds.com\/fr\/wp-json\/wp\/v2\/comments?post=16382"}],"wp:featuredmedia":[{"embeddable":true,"href":"https:\/\/topholds.com\/fr\/wp-json\/wp\/v2\/media\/4414"}],"wp:attachment":[{"href":"https:\/\/topholds.com\/fr\/wp-json\/wp\/v2\/media?parent=16382"}],"wp:term":[{"taxonomy":"product_brand","embeddable":true,"href":"https:\/\/topholds.com\/fr\/wp-json\/wp\/v2\/product_brand?post=16382"},{"taxonomy":"product_cat","embeddable":true,"href":"https:\/\/topholds.com\/fr\/wp-json\/wp\/v2\/product_cat?post=16382"},{"taxonomy":"product_tag","embeddable":true,"href":"https:\/\/topholds.com\/fr\/wp-json\/wp\/v2\/product_tag?post=16382"}],"curies":[{"name":"wp","href":"https:\/\/api.w.org\/{rel}","templated":true}]}}