{"id":16387,"date":"2016-03-25T19:54:54","date_gmt":"2016-03-25T19:54:54","guid":{"rendered":"http:\/\/topholds.com\/cle-allen-vis-m10\/"},"modified":"2024-09-16T21:14:36","modified_gmt":"2024-09-16T21:14:36","slug":"cle-allen-vis-m10","status":"publish","type":"product","link":"https:\/\/topholds.com\/fr\/offre\/accessoires-escalade\/cle-allen\/cle-allen-vis-m10\/","title":{"rendered":"Cl\u00e9 Allen pour Vis M10"},"content":{"rendered":"<p><strong>Cl\u00e9 Allen ergonomique en forme de T<\/strong>, id\u00e9ale pour serrer les prises avec des vis M10 de mani\u00e8re confortable et efficace.<\/p>\n<p>La poign\u00e9e en T <strong>offre une prise optimale<\/strong>, permettant d&rsquo;appliquer une plus grande force lors du serrage des vis des prises.<\/p>\n<p>Elle comprend un trou pratique dans la poign\u00e9e, <strong>parfait pour l&rsquo;accrocher \u00e0 votre harnais et la garder \u00e0 port\u00e9e de main<\/strong> pendant vos s\u00e9ances d&rsquo;escalade.<\/p>\n","protected":false},"excerpt":{"rendered":"<ul>\n<li>Cl\u00e9 Allen avec manche ergonomique en T.<\/li>\n<li>Pour serrer des prises avec des vis M10.<\/li>\n<li>Orifice dans le manche id\u00e9al pour la suspendre \u00e0 notre harnais.<\/li>\n<\/ul>\n","protected":false},"featured_media":18416,"comment_status":"open","ping_status":"closed","template":"","meta":[],"product_brand":[],"product_cat":[426,430,439,435],"product_tag":[],"class_list":{"0":"post-16387","1":"product","2":"type-product","3":"status-publish","4":"has-post-thumbnail","6":"product_cat-accessoires-escalade","7":"product_cat-ancrages","8":"product_cat-cle-allen","9":"product_cat-vis-allen","10":"product_shipping_class-livraison-economique","12":"first","13":"instock","14":"taxable","15":"shipping-taxable","16":"purchasable","17":"product-type-simple"},"_links":{"self":[{"href":"https:\/\/topholds.com\/fr\/wp-json\/wp\/v2\/product\/16387","targetHints":{"allow":["GET"]}}],"collection":[{"href":"https:\/\/topholds.com\/fr\/wp-json\/wp\/v2\/product"}],"about":[{"href":"https:\/\/topholds.com\/fr\/wp-json\/wp\/v2\/types\/product"}],"replies":[{"embeddable":true,"href":"https:\/\/topholds.com\/fr\/wp-json\/wp\/v2\/comments?post=16387"}],"wp:featuredmedia":[{"embeddable":true,"href":"https:\/\/topholds.com\/fr\/wp-json\/wp\/v2\/media\/18416"}],"wp:attachment":[{"href":"https:\/\/topholds.com\/fr\/wp-json\/wp\/v2\/media?parent=16387"}],"wp:term":[{"taxonomy":"product_brand","embeddable":true,"href":"https:\/\/topholds.com\/fr\/wp-json\/wp\/v2\/product_brand?post=16387"},{"taxonomy":"product_cat","embeddable":true,"href":"https:\/\/topholds.com\/fr\/wp-json\/wp\/v2\/product_cat?post=16387"},{"taxonomy":"product_tag","embeddable":true,"href":"https:\/\/topholds.com\/fr\/wp-json\/wp\/v2\/product_tag?post=16387"}],"curies":[{"name":"wp","href":"https:\/\/api.w.org\/{rel}","templated":true}]}}