{"id":16397,"date":"2016-05-16T18:57:57","date_gmt":"2016-05-16T18:57:57","guid":{"rendered":"https:\/\/topholds.com\/happy\/"},"modified":"2024-08-26T02:37:13","modified_gmt":"2024-08-26T02:37:13","slug":"happy","status":"publish","type":"product","link":"https:\/\/topholds.com\/fr\/offre\/prises-escalade\/enfants\/happy\/","title":{"rendered":"Pack Prises d&rsquo;escalade pour Enfants Happy"},"content":{"rendered":"<p><strong>Happy est un pack de 3 prises d&rsquo;escalade pour enfants<\/strong> avec une texture sablonneuse douce, con\u00e7ues pour offrir des prises extr\u00eamement confortables aux petits grimpeurs.<\/p>\n<p>Ces prises amusantes et color\u00e9es ajouteront une <strong>touche de joie et de divertissement \u00e0 votre mur d&rsquo;escalade<\/strong>, le rendant encore plus attrayant pour les enfants.<\/p>\n<p>Veuillez noter que les couleurs du produit peuvent varier par rapport \u00e0 l&rsquo;image affich\u00e9e mais seront toujours diverses. Si vous d\u00e9sirez une couleur sp\u00e9cifique, n&rsquo;h\u00e9sitez pas \u00e0 nous contacter.<\/p>\n","protected":false},"excerpt":{"rendered":"<ul>\n<li>Happy est un lot de 3 prises d&rsquo;escalade pour enfants.<\/li>\n<li>Texture sablonneuse douce.<\/li>\n<li>Prises tr\u00e8s confortables.<\/li>\n<\/ul>\n","protected":false},"featured_media":18431,"comment_status":"open","ping_status":"closed","template":"","meta":[],"product_brand":[],"product_cat":[431],"product_tag":[],"class_list":{"0":"post-16397","1":"product","2":"type-product","3":"status-publish","4":"has-post-thumbnail","6":"product_cat-enfants","8":"first","9":"instock","10":"sale","11":"taxable","12":"shipping-taxable","13":"purchasable","14":"product-type-simple"},"_links":{"self":[{"href":"https:\/\/topholds.com\/fr\/wp-json\/wp\/v2\/product\/16397","targetHints":{"allow":["GET"]}}],"collection":[{"href":"https:\/\/topholds.com\/fr\/wp-json\/wp\/v2\/product"}],"about":[{"href":"https:\/\/topholds.com\/fr\/wp-json\/wp\/v2\/types\/product"}],"replies":[{"embeddable":true,"href":"https:\/\/topholds.com\/fr\/wp-json\/wp\/v2\/comments?post=16397"}],"wp:featuredmedia":[{"embeddable":true,"href":"https:\/\/topholds.com\/fr\/wp-json\/wp\/v2\/media\/18431"}],"wp:attachment":[{"href":"https:\/\/topholds.com\/fr\/wp-json\/wp\/v2\/media?parent=16397"}],"wp:term":[{"taxonomy":"product_brand","embeddable":true,"href":"https:\/\/topholds.com\/fr\/wp-json\/wp\/v2\/product_brand?post=16397"},{"taxonomy":"product_cat","embeddable":true,"href":"https:\/\/topholds.com\/fr\/wp-json\/wp\/v2\/product_cat?post=16397"},{"taxonomy":"product_tag","embeddable":true,"href":"https:\/\/topholds.com\/fr\/wp-json\/wp\/v2\/product_tag?post=16397"}],"curies":[{"name":"wp","href":"https:\/\/api.w.org\/{rel}","templated":true}]}}