{"id":16402,"date":"2016-05-16T19:13:52","date_gmt":"2016-05-16T19:13:52","guid":{"rendered":"https:\/\/topholds.com\/lot-prises-enfants\/"},"modified":"2025-01-22T08:15:55","modified_gmt":"2025-01-22T08:15:55","slug":"lot-prises-enfants","status":"publish","type":"product","link":"https:\/\/topholds.com\/fr\/offre\/prises-escalade\/enfants\/lot-prises-enfants\/","title":{"rendered":"Lot Prises pour Enfants"},"content":{"rendered":"<p>Ce <strong>lot de 41 prises<\/strong> est sp\u00e9cialement <strong>con\u00e7u pour les jeunes grimpeurs<\/strong>, offrant des prises nettes et positives qui s&rsquo;adaptent parfaitement \u00e0 leurs petites mains et fournissent un soutien optimal pour les pieds, m\u00eame avec des chaussures.<\/p>\n<p>Les prises disposent d&rsquo;une <strong>texture douce et agr\u00e9able au toucher<\/strong>, garantissant une exp\u00e9rience d&rsquo;escalade s\u00fbre et confortable pour les enfants.<\/p>\n<p>Remplissez votre mur d&rsquo;escalade de couleurs et de fun avec ces prises vibrantes, qui rendront l&rsquo;espace encore plus <strong>attrayant et stimulant pour les petits aventuriers<\/strong>.<\/p>\n<p>Pour installer les prises sur un panneau d&rsquo;une \u00e9paisseur allant jusqu&rsquo;\u00e0 19 mm, nous vous recommandons <strong>d&rsquo;utiliser 41 vis Allen M10x40 et 41 \u00e9crous en \u00e9toile M10<\/strong> (il est \u00e9galement possible d&rsquo;utiliser des vis et \u00e9crous M8).<\/p>\n<p>Si vous souhaitez placer les prises sur un autre type de surface (brique, b\u00e9ton, pierre, etc.), n&rsquo;h\u00e9sitez pas \u00e0 nous consulter pour obtenir des conseils appropri\u00e9s.<\/p>\n<p>Si vous avez besoin d&rsquo;un lot plus grand ou plus petit qui s&rsquo;adapte mieux \u00e0 vos besoins.<\/p>\n<p>Veuillez noter que les couleurs du produit peuvent varier par rapport \u00e0 l&rsquo;image affich\u00e9e, mais elles seront toujours vari\u00e9es. Si vous souhaitez une couleur sp\u00e9cifique, n&rsquo;h\u00e9sitez pas \u00e0 nous contacter.<\/p>\n","protected":false},"excerpt":{"rendered":"<ul>\n<li>Lot de 41 prises d&rsquo;escalade pour enfants.<\/li>\n<li>Texture douce.<\/li>\n<li>Prises nettes et positives, id\u00e9ales pour les petites mains et les pieds.<\/li>\n<li>Apporte couleur et plaisir au mur d&rsquo;escalade.<\/li>\n<li>Installation facile sur des panneaux jusqu&rsquo;\u00e0 19 mm d&rsquo;\u00e9paisseur.<\/li>\n<\/ul>\n","protected":false},"featured_media":5336,"comment_status":"open","ping_status":"closed","template":"","meta":[],"product_brand":[],"product_cat":[431],"product_tag":[],"class_list":{"0":"post-16402","1":"product","2":"type-product","3":"status-publish","4":"has-post-thumbnail","6":"product_cat-enfants","8":"first","9":"instock","10":"sale","11":"featured","12":"taxable","13":"shipping-taxable","14":"purchasable","15":"product-type-simple"},"_links":{"self":[{"href":"https:\/\/topholds.com\/fr\/wp-json\/wp\/v2\/product\/16402","targetHints":{"allow":["GET"]}}],"collection":[{"href":"https:\/\/topholds.com\/fr\/wp-json\/wp\/v2\/product"}],"about":[{"href":"https:\/\/topholds.com\/fr\/wp-json\/wp\/v2\/types\/product"}],"replies":[{"embeddable":true,"href":"https:\/\/topholds.com\/fr\/wp-json\/wp\/v2\/comments?post=16402"}],"wp:featuredmedia":[{"embeddable":true,"href":"https:\/\/topholds.com\/fr\/wp-json\/wp\/v2\/media\/5336"}],"wp:attachment":[{"href":"https:\/\/topholds.com\/fr\/wp-json\/wp\/v2\/media?parent=16402"}],"wp:term":[{"taxonomy":"product_brand","embeddable":true,"href":"https:\/\/topholds.com\/fr\/wp-json\/wp\/v2\/product_brand?post=16402"},{"taxonomy":"product_cat","embeddable":true,"href":"https:\/\/topholds.com\/fr\/wp-json\/wp\/v2\/product_cat?post=16402"},{"taxonomy":"product_tag","embeddable":true,"href":"https:\/\/topholds.com\/fr\/wp-json\/wp\/v2\/product_tag?post=16402"}],"curies":[{"name":"wp","href":"https:\/\/api.w.org\/{rel}","templated":true}]}}