{"id":16407,"date":"2016-05-25T20:48:16","date_gmt":"2016-05-25T20:48:16","guid":{"rendered":"https:\/\/topholds.com\/iris\/"},"modified":"2026-03-29T10:48:27","modified_gmt":"2026-03-29T10:48:27","slug":"iris","status":"publish","type":"product","link":"https:\/\/topholds.com\/fr\/offre\/prises-escalade\/enfants\/iris\/","title":{"rendered":"Pack Prises d&rsquo;escalade Iris"},"content":{"rendered":"<p><strong>Iris est un pack de 6 prises d&rsquo;escalade<\/strong> avec une agr\u00e9able texture de gr\u00e8s, con\u00e7ues sp\u00e9cialement pour offrir une exp\u00e9rience d&rsquo;escalade confortable.<\/p>\n<p>Ces prises disposent de <strong>superbes grips, comme des r\u00e9glettes tr\u00e8s positives et des prises sp\u00e9cialement adapt\u00e9es pour les petites mains<\/strong>, ce qui les rend id\u00e9ales pour les enfants ou ceux qui commencent tout juste \u00e0 escalader.<\/p>\n<p>Pour garantir une installation s\u00e9curis\u00e9e et durable sur votre mur d&rsquo;escalade, nous recommandons <strong>d&rsquo;utiliser des vis M10x40 (de pr\u00e9f\u00e9rence) ou M8x40<\/strong> lors du montage des prises.<\/p>\n<p>Il est important de mentionner que les couleurs des prises que vous recevrez peuvent diff\u00e9rer de celles affich\u00e9es sur la photo. Cependant, cette variation n&rsquo;affectera ni la qualit\u00e9 ni les performances des prises, garantissant ainsi une exp\u00e9rience d&rsquo;escalade immersive et stimulante avec la collection IRIS.<\/p>\n","protected":false},"excerpt":{"rendered":"<ul>\n<li>Iris est un lot de 6 prises d&rsquo;escalade.<\/li>\n<li>Texture gr\u00e9seuse.<\/li>\n<li>Reglettes tr\u00e8s positives et contenants pour petites mains.<\/li>\n<\/ul>\n","protected":false},"featured_media":18496,"comment_status":"open","ping_status":"closed","template":"","meta":[],"product_brand":[],"product_cat":[429,431],"product_tag":[],"class_list":{"0":"post-16407","1":"product","2":"type-product","3":"status-publish","4":"has-post-thumbnail","6":"product_cat-prises-escalade","7":"product_cat-enfants","9":"first","10":"instock","11":"taxable","12":"shipping-taxable","13":"purchasable","14":"product-type-simple"},"_links":{"self":[{"href":"https:\/\/topholds.com\/fr\/wp-json\/wp\/v2\/product\/16407","targetHints":{"allow":["GET"]}}],"collection":[{"href":"https:\/\/topholds.com\/fr\/wp-json\/wp\/v2\/product"}],"about":[{"href":"https:\/\/topholds.com\/fr\/wp-json\/wp\/v2\/types\/product"}],"replies":[{"embeddable":true,"href":"https:\/\/topholds.com\/fr\/wp-json\/wp\/v2\/comments?post=16407"}],"wp:featuredmedia":[{"embeddable":true,"href":"https:\/\/topholds.com\/fr\/wp-json\/wp\/v2\/media\/18496"}],"wp:attachment":[{"href":"https:\/\/topholds.com\/fr\/wp-json\/wp\/v2\/media?parent=16407"}],"wp:term":[{"taxonomy":"product_brand","embeddable":true,"href":"https:\/\/topholds.com\/fr\/wp-json\/wp\/v2\/product_brand?post=16407"},{"taxonomy":"product_cat","embeddable":true,"href":"https:\/\/topholds.com\/fr\/wp-json\/wp\/v2\/product_cat?post=16407"},{"taxonomy":"product_tag","embeddable":true,"href":"https:\/\/topholds.com\/fr\/wp-json\/wp\/v2\/product_tag?post=16407"}],"curies":[{"name":"wp","href":"https:\/\/api.w.org\/{rel}","templated":true}]}}