{"id":16412,"date":"2016-05-25T20:55:26","date_gmt":"2016-05-25T20:55:26","guid":{"rendered":"https:\/\/topholds.com\/zinia\/"},"modified":"2025-03-19T08:57:12","modified_gmt":"2025-03-19T08:57:12","slug":"zinia","status":"publish","type":"product","link":"https:\/\/topholds.com\/fr\/offre\/prises-escalade\/zinia\/","title":{"rendered":"Pack Prises d&rsquo;escalade Zinia"},"content":{"rendered":"<p><strong>Zinia est un pack de 8 prises d&rsquo;escalade<\/strong> avec une douce texture sablonneuse, con\u00e7ues pour r\u00e9pondre aux besoins des enfants ainsi que des d\u00e9butants en escalade.<\/p>\n<p>Ces prises sont dot\u00e9es de prises en cuvette, <strong>id\u00e9ales pour ceux qui commencent en escalade<\/strong>. Mais si vous les inversez, vous trouverez des roms d\u00e9fiants avec des ar\u00eates de diff\u00e9rentes hauteurs, parfaits pour les grimpeurs plus exp\u00e9riment\u00e9s.<\/p>\n<p>Zinia est un lot polyvalent, <strong>adapt\u00e9 \u00e0 tout type de d\u00e9vers<\/strong>, s&rsquo;adaptant \u00e0 une large gamme de comp\u00e9tences et de pr\u00e9f\u00e9rences.<\/p>\n<p>Pour une installation s\u00e9curis\u00e9e et durable, il est recommand\u00e9 <strong>d&rsquo;utiliser des vis M10x40 (de pr\u00e9f\u00e9rence) ou M8x40<\/strong>. De plus, chaque prise est \u00e9quip\u00e9e d&rsquo;un <strong>trou pour vis anti-rotation<\/strong>, ce qui garantit une plus grande stabilit\u00e9 et \u00e9vite les mouvements ind\u00e9sirables pendant son utilisation.<\/p>\n<p>Veuillez noter que les couleurs du produit peuvent varier par rapport \u00e0 l&rsquo;image affich\u00e9e. Si vous souhaitez une couleur sp\u00e9cifique, n&rsquo;h\u00e9sitez pas \u00e0 nous contacter.<\/p>\n","protected":false},"excerpt":{"rendered":"<ul>\n<li>Zinia est un lot de 8 prises d&rsquo;escalade.<\/li>\n<li>Texture sablonneuse douce.<\/li>\n<li>Tr\u00e8s bonnes prises en cuvette.<\/li>\n<li>Id\u00e9ales pour les enfants ou les d\u00e9butants.<\/li>\n<li>Toutes avec un trou pour vis anti-rotation.<\/li>\n<\/ul>\n","protected":false},"featured_media":18516,"comment_status":"open","ping_status":"closed","template":"","meta":[],"product_brand":[],"product_cat":[429],"product_tag":[],"class_list":{"0":"post-16412","1":"product","2":"type-product","3":"status-publish","4":"has-post-thumbnail","6":"product_cat-prises-escalade","8":"first","9":"instock","10":"sale","11":"taxable","12":"shipping-taxable","13":"purchasable","14":"product-type-simple"},"_links":{"self":[{"href":"https:\/\/topholds.com\/fr\/wp-json\/wp\/v2\/product\/16412","targetHints":{"allow":["GET"]}}],"collection":[{"href":"https:\/\/topholds.com\/fr\/wp-json\/wp\/v2\/product"}],"about":[{"href":"https:\/\/topholds.com\/fr\/wp-json\/wp\/v2\/types\/product"}],"replies":[{"embeddable":true,"href":"https:\/\/topholds.com\/fr\/wp-json\/wp\/v2\/comments?post=16412"}],"wp:featuredmedia":[{"embeddable":true,"href":"https:\/\/topholds.com\/fr\/wp-json\/wp\/v2\/media\/18516"}],"wp:attachment":[{"href":"https:\/\/topholds.com\/fr\/wp-json\/wp\/v2\/media?parent=16412"}],"wp:term":[{"taxonomy":"product_brand","embeddable":true,"href":"https:\/\/topholds.com\/fr\/wp-json\/wp\/v2\/product_brand?post=16412"},{"taxonomy":"product_cat","embeddable":true,"href":"https:\/\/topholds.com\/fr\/wp-json\/wp\/v2\/product_cat?post=16412"},{"taxonomy":"product_tag","embeddable":true,"href":"https:\/\/topholds.com\/fr\/wp-json\/wp\/v2\/product_tag?post=16412"}],"curies":[{"name":"wp","href":"https:\/\/api.w.org\/{rel}","templated":true}]}}