{"id":16427,"date":"2016-06-05T13:25:08","date_gmt":"2016-06-05T13:25:08","guid":{"rendered":"https:\/\/topholds.com\/adara\/"},"modified":"2024-08-26T02:41:00","modified_gmt":"2024-08-26T02:41:00","slug":"adara","status":"publish","type":"product","link":"https:\/\/topholds.com\/fr\/offre\/prises-escalade\/adara\/","title":{"rendered":"Pack Prises d&rsquo;escalade Adara"},"content":{"rendered":"<p><strong>Adara est un pack de 8 prises d&rsquo;escalade<\/strong> avec une texture de gr\u00e8s tr\u00e8s douce.<\/p>\n<p>Pour un bon montage sur votre mur d&rsquo;escalade, il est recommand\u00e9 d&rsquo;utiliser <strong>des vis M10x40 (de pr\u00e9f\u00e9rence) ou M8x40<\/strong> lors de l&rsquo;installation des prises.<\/p>\n<p>Chacune des prises est dot\u00e9e d&rsquo;un <strong>trou pour vis anti-rotation<\/strong>, offrant une plus grande stabilit\u00e9 et \u00e9vitant les mouvements ind\u00e9sirables pendant son utilisation, garantissant ainsi des performances optimales \u00e0 chaque escalade.<\/p>\n<p>Veuillez noter que les couleurs du produit peuvent varier par rapport \u00e0 l&rsquo;image affich\u00e9e. Si vous souhaitez une couleur sp\u00e9cifique, n&rsquo;h\u00e9sitez pas \u00e0 nous contacter.<\/p>\n","protected":false},"excerpt":{"rendered":"<ul>\n<li>Adara est un lot de 8 prises d&rsquo;escalade.<\/li>\n<li>Texture granuleuse tr\u00e8s douce.<\/li>\n<li>Toutes les prises avec un trou pour vis anti-rotation.<\/li>\n<\/ul>\n","protected":false},"featured_media":18551,"comment_status":"open","ping_status":"closed","template":"","meta":[],"product_brand":[],"product_cat":[429],"product_tag":[],"class_list":{"0":"post-16427","1":"product","2":"type-product","3":"status-publish","4":"has-post-thumbnail","6":"product_cat-prises-escalade","8":"first","9":"instock","10":"taxable","11":"shipping-taxable","12":"purchasable","13":"product-type-simple"},"_links":{"self":[{"href":"https:\/\/topholds.com\/fr\/wp-json\/wp\/v2\/product\/16427","targetHints":{"allow":["GET"]}}],"collection":[{"href":"https:\/\/topholds.com\/fr\/wp-json\/wp\/v2\/product"}],"about":[{"href":"https:\/\/topholds.com\/fr\/wp-json\/wp\/v2\/types\/product"}],"replies":[{"embeddable":true,"href":"https:\/\/topholds.com\/fr\/wp-json\/wp\/v2\/comments?post=16427"}],"wp:featuredmedia":[{"embeddable":true,"href":"https:\/\/topholds.com\/fr\/wp-json\/wp\/v2\/media\/18551"}],"wp:attachment":[{"href":"https:\/\/topholds.com\/fr\/wp-json\/wp\/v2\/media?parent=16427"}],"wp:term":[{"taxonomy":"product_brand","embeddable":true,"href":"https:\/\/topholds.com\/fr\/wp-json\/wp\/v2\/product_brand?post=16427"},{"taxonomy":"product_cat","embeddable":true,"href":"https:\/\/topholds.com\/fr\/wp-json\/wp\/v2\/product_cat?post=16427"},{"taxonomy":"product_tag","embeddable":true,"href":"https:\/\/topholds.com\/fr\/wp-json\/wp\/v2\/product_tag?post=16427"}],"curies":[{"name":"wp","href":"https:\/\/api.w.org\/{rel}","templated":true}]}}