{"id":16432,"date":"2016-06-05T13:34:07","date_gmt":"2016-06-05T13:34:07","guid":{"rendered":"https:\/\/topholds.com\/aurea\/"},"modified":"2024-09-25T14:05:46","modified_gmt":"2024-09-25T14:05:46","slug":"aurea","status":"publish","type":"product","link":"https:\/\/topholds.com\/fr\/offre\/prises-escalade\/enfants\/aurea\/","title":{"rendered":"Pack Prises d&rsquo;escalade Aurea"},"content":{"rendered":"<p><strong>Aurea est un pack de 12 prises d&rsquo;escalade<\/strong> avec une d\u00e9licate texture de gr\u00e8s, qui offre un toucher extr\u00eamement doux et agr\u00e9able.<\/p>\n<p>Pour assurer une installation solide et durable sur votre mur d&rsquo;escalade, <strong>nous recommandons l&rsquo;utilisation de vis M10x40 (de pr\u00e9f\u00e9rence) ou M8x40<\/strong> pour le montage des prises.<\/p>\n<p>Veuillez noter que les couleurs du produit peuvent varier par rapport \u00e0 l&rsquo;image affich\u00e9e. Si vous souhaitez une couleur sp\u00e9cifique, n&rsquo;h\u00e9sitez pas \u00e0 nous contacter.<\/p>\n","protected":false},"excerpt":{"rendered":"<ul>\n<li>Aurea est un lot de 12 prises d&rsquo;escalade.<\/li>\n<li>Texture de gr\u00e8s tr\u00e8s douce.<\/li>\n<\/ul>\n","protected":false},"featured_media":4836,"comment_status":"open","ping_status":"closed","template":"","meta":[],"product_brand":[],"product_cat":[429,431],"product_tag":[],"class_list":{"0":"post-16432","1":"product","2":"type-product","3":"status-publish","4":"has-post-thumbnail","6":"product_cat-prises-escalade","7":"product_cat-enfants","9":"first","10":"instock","11":"taxable","12":"shipping-taxable","13":"purchasable","14":"product-type-simple"},"_links":{"self":[{"href":"https:\/\/topholds.com\/fr\/wp-json\/wp\/v2\/product\/16432","targetHints":{"allow":["GET"]}}],"collection":[{"href":"https:\/\/topholds.com\/fr\/wp-json\/wp\/v2\/product"}],"about":[{"href":"https:\/\/topholds.com\/fr\/wp-json\/wp\/v2\/types\/product"}],"replies":[{"embeddable":true,"href":"https:\/\/topholds.com\/fr\/wp-json\/wp\/v2\/comments?post=16432"}],"wp:featuredmedia":[{"embeddable":true,"href":"https:\/\/topholds.com\/fr\/wp-json\/wp\/v2\/media\/4836"}],"wp:attachment":[{"href":"https:\/\/topholds.com\/fr\/wp-json\/wp\/v2\/media?parent=16432"}],"wp:term":[{"taxonomy":"product_brand","embeddable":true,"href":"https:\/\/topholds.com\/fr\/wp-json\/wp\/v2\/product_brand?post=16432"},{"taxonomy":"product_cat","embeddable":true,"href":"https:\/\/topholds.com\/fr\/wp-json\/wp\/v2\/product_cat?post=16432"},{"taxonomy":"product_tag","embeddable":true,"href":"https:\/\/topholds.com\/fr\/wp-json\/wp\/v2\/product_tag?post=16432"}],"curies":[{"name":"wp","href":"https:\/\/api.w.org\/{rel}","templated":true}]}}