{"id":16437,"date":"2016-06-05T16:00:11","date_gmt":"2016-06-05T16:00:11","guid":{"rendered":"https:\/\/topholds.com\/lot-prises-enfants-2\/"},"modified":"2025-12-02T08:39:53","modified_gmt":"2025-12-02T08:39:53","slug":"lot-prises-enfants-2","status":"publish","type":"product","link":"https:\/\/topholds.com\/fr\/offre\/prises-escalade\/enfants\/lot-prises-enfants-2\/","title":{"rendered":"Lot Prises pour Enfants 2"},"content":{"rendered":"<p>Le <strong>lot de prises d&rsquo;escalade pour enfants 2 est compos\u00e9 de 58 prises d&rsquo;escalade<\/strong>, sp\u00e9cialement s\u00e9lectionn\u00e9es pour les enfants et les d\u00e9butants dans le monde de l&rsquo;escalade.<\/p>\n<p>Chacune de ces prises a \u00e9t\u00e9 soigneusement choisie pour sa <strong>texture douce et sa facilit\u00e9 de prise<\/strong>, m\u00eame pour les petites mains. De plus, toutes les prises ont une hauteur adapt\u00e9e pour faciliter le soutien du pied, en tenant compte du fait que la plupart des enfants grimpent avec des baskets.<\/p>\n<p>Ces <strong>prises color\u00e9es et amusantes rempliront votre mur d&rsquo;escalade de joie et d&rsquo;excitation<\/strong>, le rendant plus attrayant pour les petits grimpeurs en herbe. Bien que les couleurs puissent varier par rapport \u00e0 celles montr\u00e9es sur l&rsquo;image, nous nous assurons que les teintes soient les plus vari\u00e9es possibles.<\/p>\n<p>Pour l&rsquo;installation des prises sur un plateau jusqu&rsquo;\u00e0 19 mm, nous vous recommandons le \u00ab\u00a0set d&rsquo;ancrages pour le lot de prises d&rsquo;escalade pour enfants 2\u00a0\u00bb, qui comprend :<\/p>\n<ul>\n<li>58 vis Allen M10x40<\/li>\n<li>58 \u00e9crous en \u00e9toile M10 (il est \u00e9galement possible d&rsquo;utiliser des vis et des \u00e9crous M8)<\/li>\n<\/ul>\n<p>Si vous souhaitez un lot de taille sup\u00e9rieure ou inf\u00e9rieure, adapt\u00e9 \u00e0 vos besoins sp\u00e9cifiques, n&rsquo;h\u00e9sitez pas \u00e0 nous contacter.<\/p>\n<p>Si vous souhaitez installer les prises sur une autre surface, comme de la brique, du b\u00e9ton ou de la pierre, veuillez nous consulter et nous vous fournirons les informations n\u00e9cessaires pour une installation s\u00e9curis\u00e9e et efficace.<\/p>\n","protected":false},"excerpt":{"rendered":"<ul>\n<li>Lot de 58 prises d&rsquo;escalade.<\/li>\n<li>Id\u00e9al pour les enfants et les d\u00e9butants.<\/li>\n<li>Douceur de la texture ainsi que facilit\u00e9 de prise pour les enfants.<\/li>\n<\/ul>\n","protected":false},"featured_media":5329,"comment_status":"open","ping_status":"closed","template":"","meta":[],"product_brand":[],"product_cat":[431],"product_tag":[],"class_list":{"0":"post-16437","1":"product","2":"type-product","3":"status-publish","4":"has-post-thumbnail","6":"product_cat-enfants","8":"first","9":"instock","10":"sale","11":"taxable","12":"shipping-taxable","13":"purchasable","14":"product-type-simple"},"_links":{"self":[{"href":"https:\/\/topholds.com\/fr\/wp-json\/wp\/v2\/product\/16437","targetHints":{"allow":["GET"]}}],"collection":[{"href":"https:\/\/topholds.com\/fr\/wp-json\/wp\/v2\/product"}],"about":[{"href":"https:\/\/topholds.com\/fr\/wp-json\/wp\/v2\/types\/product"}],"replies":[{"embeddable":true,"href":"https:\/\/topholds.com\/fr\/wp-json\/wp\/v2\/comments?post=16437"}],"wp:featuredmedia":[{"embeddable":true,"href":"https:\/\/topholds.com\/fr\/wp-json\/wp\/v2\/media\/5329"}],"wp:attachment":[{"href":"https:\/\/topholds.com\/fr\/wp-json\/wp\/v2\/media?parent=16437"}],"wp:term":[{"taxonomy":"product_brand","embeddable":true,"href":"https:\/\/topholds.com\/fr\/wp-json\/wp\/v2\/product_brand?post=16437"},{"taxonomy":"product_cat","embeddable":true,"href":"https:\/\/topholds.com\/fr\/wp-json\/wp\/v2\/product_cat?post=16437"},{"taxonomy":"product_tag","embeddable":true,"href":"https:\/\/topholds.com\/fr\/wp-json\/wp\/v2\/product_tag?post=16437"}],"curies":[{"name":"wp","href":"https:\/\/api.w.org\/{rel}","templated":true}]}}