{"id":16442,"date":"2016-07-05T18:32:13","date_gmt":"2016-07-05T18:32:13","guid":{"rendered":"https:\/\/topholds.com\/ecrou-insertion-visser-m10\/"},"modified":"2024-08-26T02:42:43","modified_gmt":"2024-08-26T02:42:43","slug":"ecrou-insertion-visser-m10","status":"publish","type":"product","link":"https:\/\/topholds.com\/fr\/offre\/ancrages\/ecrous\/ecrou-insertion-visser-m10\/","title":{"rendered":"\u00c9crou d&rsquo;Insertion pour Visser M10"},"content":{"rendered":"<p>La <strong>\u00e9crou d&rsquo;insertion pour visser M10<\/strong> est un composant essentiel pour vos projets de montage, qui dispose de 3 trous sp\u00e9cialement con\u00e7us pour faciliter la fixation avec des vis \u00e0 bois.<\/p>\n<p>Gr\u00e2ce \u00e0 son rev\u00eatement galva, cet \u00e9crou d&rsquo;insertion offre une meilleure protection contre la corrosion et l&rsquo;usure, prolongeant sa dur\u00e9e de vie et maintenant son apparence et sa fonctionnalit\u00e9 intactes.<\/p>\n","protected":false},"excerpt":{"rendered":"<ul>\n<li>\u00c9crou en acier zingu\u00e9 M10 avec 3 trous pour visser avec des vis \u00e0 bois.<\/li>\n<li>Disponible en grandes quantit\u00e9s.<\/li>\n<\/ul>\n","protected":false},"featured_media":4872,"comment_status":"open","ping_status":"closed","template":"","meta":[],"product_brand":[],"product_cat":[430,433],"product_tag":[],"class_list":{"0":"post-16442","1":"product","2":"type-product","3":"status-publish","4":"has-post-thumbnail","6":"product_cat-ancrages","7":"product_cat-ecrous","9":"first","10":"instock","11":"taxable","12":"shipping-taxable","13":"purchasable","14":"product-type-simple"},"_links":{"self":[{"href":"https:\/\/topholds.com\/fr\/wp-json\/wp\/v2\/product\/16442","targetHints":{"allow":["GET"]}}],"collection":[{"href":"https:\/\/topholds.com\/fr\/wp-json\/wp\/v2\/product"}],"about":[{"href":"https:\/\/topholds.com\/fr\/wp-json\/wp\/v2\/types\/product"}],"replies":[{"embeddable":true,"href":"https:\/\/topholds.com\/fr\/wp-json\/wp\/v2\/comments?post=16442"}],"wp:featuredmedia":[{"embeddable":true,"href":"https:\/\/topholds.com\/fr\/wp-json\/wp\/v2\/media\/4872"}],"wp:attachment":[{"href":"https:\/\/topholds.com\/fr\/wp-json\/wp\/v2\/media?parent=16442"}],"wp:term":[{"taxonomy":"product_brand","embeddable":true,"href":"https:\/\/topholds.com\/fr\/wp-json\/wp\/v2\/product_brand?post=16442"},{"taxonomy":"product_cat","embeddable":true,"href":"https:\/\/topholds.com\/fr\/wp-json\/wp\/v2\/product_cat?post=16442"},{"taxonomy":"product_tag","embeddable":true,"href":"https:\/\/topholds.com\/fr\/wp-json\/wp\/v2\/product_tag?post=16442"}],"curies":[{"name":"wp","href":"https:\/\/api.w.org\/{rel}","templated":true}]}}