{"id":16447,"date":"2016-07-23T19:40:59","date_gmt":"2016-07-23T19:40:59","guid":{"rendered":"https:\/\/topholds.com\/the-game\/"},"modified":"2024-08-26T02:43:20","modified_gmt":"2024-08-26T02:43:20","slug":"the-game","status":"publish","type":"product","link":"https:\/\/topholds.com\/fr\/offre\/prises-escalade\/enfants\/the-game\/","title":{"rendered":"Pack Prises d&rsquo;escalade The Game"},"content":{"rendered":"<p><strong>The Game est un pack de 5 prises d&rsquo;escalade<\/strong> avec une texture sableuse douce qui offre une prise confortable et s\u00fbre.<\/p>\n<p>Gr\u00e2ce \u00e0 sa texture douce et \u00e0 sa facilit\u00e9 de prise, qui <strong>inclut des r\u00e9glettes positives, neutres et des pinces<\/strong>, ces <em>prises sont id\u00e9ales pour que les plus petits s&rsquo;amusent<\/em> et profitent au maximum dans le mur d&rsquo;escalade.<\/p>\n<p>Pour un montage s\u00fbr et stable, nous recommandons <strong>d&rsquo;utiliser des vis M10x40 (de pr\u00e9f\u00e9rence) ou M8x40<\/strong> pour l&rsquo;installation des prises sur votre mur d&rsquo;escalade.<\/p>\n<p>Chaque prise est <strong>\u00e9quip\u00e9e d&rsquo;un trou pour vis anti-rotation<\/strong>, garantissant une meilleure stabilit\u00e9 et pr\u00e9venant les mouvements ind\u00e9sirables pendant son utilisation.<\/p>\n<p>Veuillez noter que les couleurs du produit peuvent varier par rapport \u00e0 l&rsquo;image affich\u00e9e. Si vous souhaitez une couleur sp\u00e9cifique, n&rsquo;h\u00e9sitez pas \u00e0 nous contacter.<\/p>\n","protected":false},"excerpt":{"rendered":"<ul>\n<li>The Game est un pack de 5 prises d&rsquo;escalade.<\/li>\n<li>Texture sableuse douce.<\/li>\n<li>Toutes les prises sont \u00e9quip\u00e9es d&rsquo;un trou pour vis anti-rotation.<\/li>\n<li>Id\u00e9ales pour que les petits s&rsquo;amusent dans la salle d&rsquo;escalade.<\/li>\n<\/ul>\n<p>&nbsp;<\/p>\n","protected":false},"featured_media":18576,"comment_status":"open","ping_status":"closed","template":"","meta":[],"product_brand":[],"product_cat":[429,431],"product_tag":[],"class_list":{"0":"post-16447","1":"product","2":"type-product","3":"status-publish","4":"has-post-thumbnail","6":"product_cat-prises-escalade","7":"product_cat-enfants","9":"first","10":"instock","11":"sale","12":"taxable","13":"shipping-taxable","14":"purchasable","15":"product-type-simple"},"_links":{"self":[{"href":"https:\/\/topholds.com\/fr\/wp-json\/wp\/v2\/product\/16447","targetHints":{"allow":["GET"]}}],"collection":[{"href":"https:\/\/topholds.com\/fr\/wp-json\/wp\/v2\/product"}],"about":[{"href":"https:\/\/topholds.com\/fr\/wp-json\/wp\/v2\/types\/product"}],"replies":[{"embeddable":true,"href":"https:\/\/topholds.com\/fr\/wp-json\/wp\/v2\/comments?post=16447"}],"wp:featuredmedia":[{"embeddable":true,"href":"https:\/\/topholds.com\/fr\/wp-json\/wp\/v2\/media\/18576"}],"wp:attachment":[{"href":"https:\/\/topholds.com\/fr\/wp-json\/wp\/v2\/media?parent=16447"}],"wp:term":[{"taxonomy":"product_brand","embeddable":true,"href":"https:\/\/topholds.com\/fr\/wp-json\/wp\/v2\/product_brand?post=16447"},{"taxonomy":"product_cat","embeddable":true,"href":"https:\/\/topholds.com\/fr\/wp-json\/wp\/v2\/product_cat?post=16447"},{"taxonomy":"product_tag","embeddable":true,"href":"https:\/\/topholds.com\/fr\/wp-json\/wp\/v2\/product_tag?post=16447"}],"curies":[{"name":"wp","href":"https:\/\/api.w.org\/{rel}","templated":true}]}}