{"id":16467,"date":"2016-09-08T19:20:00","date_gmt":"2016-09-08T19:20:00","guid":{"rendered":"https:\/\/topholds.com\/acuario\/"},"modified":"2025-06-23T11:02:02","modified_gmt":"2025-06-23T11:02:02","slug":"acuario","status":"publish","type":"product","link":"https:\/\/topholds.com\/fr\/offre\/prises-escalade\/enfants\/acuario\/","title":{"rendered":"Pack Prises d&rsquo;escalade Acuario"},"content":{"rendered":"<p>Acuario est un <strong>pack de 6 prises d&rsquo;escalade<\/strong> avec une texture douce et lisse, con\u00e7ues pour offrir une exp\u00e9rience de prise unique. Cette s\u00e9lection de prises s&rsquo;adapte parfaitement \u00e0 une vari\u00e9t\u00e9 de niveaux de comp\u00e9tence et de styles d&rsquo;escalade.<\/p>\n<p>Pour l&rsquo;installation, nous recommandons l&rsquo;<strong>utilisation de vis M10x40 ou M8x40<\/strong>.<\/p>\n<p>Veuillez noter que les couleurs du produit peuvent varier par rapport \u00e0 l&rsquo;image affich\u00e9e. Si vous souhaitez une couleur sp\u00e9cifique, n&rsquo;h\u00e9sitez pas \u00e0 nous contacter.<\/p>\n","protected":false},"excerpt":{"rendered":"<ul>\n<li>Acuario est un lot de 6 prises d&rsquo;escalade.<\/li>\n<li>Texture lisse.<\/li>\n<\/ul>\n","protected":false},"featured_media":18656,"comment_status":"open","ping_status":"closed","template":"","meta":[],"product_brand":[],"product_cat":[431],"product_tag":[],"class_list":{"0":"post-16467","1":"product","2":"type-product","3":"status-publish","4":"has-post-thumbnail","6":"product_cat-enfants","8":"first","9":"instock","10":"sale","11":"taxable","12":"shipping-taxable","13":"purchasable","14":"product-type-simple"},"_links":{"self":[{"href":"https:\/\/topholds.com\/fr\/wp-json\/wp\/v2\/product\/16467","targetHints":{"allow":["GET"]}}],"collection":[{"href":"https:\/\/topholds.com\/fr\/wp-json\/wp\/v2\/product"}],"about":[{"href":"https:\/\/topholds.com\/fr\/wp-json\/wp\/v2\/types\/product"}],"replies":[{"embeddable":true,"href":"https:\/\/topholds.com\/fr\/wp-json\/wp\/v2\/comments?post=16467"}],"wp:featuredmedia":[{"embeddable":true,"href":"https:\/\/topholds.com\/fr\/wp-json\/wp\/v2\/media\/18656"}],"wp:attachment":[{"href":"https:\/\/topholds.com\/fr\/wp-json\/wp\/v2\/media?parent=16467"}],"wp:term":[{"taxonomy":"product_brand","embeddable":true,"href":"https:\/\/topholds.com\/fr\/wp-json\/wp\/v2\/product_brand?post=16467"},{"taxonomy":"product_cat","embeddable":true,"href":"https:\/\/topholds.com\/fr\/wp-json\/wp\/v2\/product_cat?post=16467"},{"taxonomy":"product_tag","embeddable":true,"href":"https:\/\/topholds.com\/fr\/wp-json\/wp\/v2\/product_tag?post=16467"}],"curies":[{"name":"wp","href":"https:\/\/api.w.org\/{rel}","templated":true}]}}