{"id":16472,"date":"2016-09-08T19:33:50","date_gmt":"2016-09-08T19:33:50","guid":{"rendered":"https:\/\/topholds.com\/vis-inviolable-10x60\/"},"modified":"2024-08-26T02:46:43","modified_gmt":"2024-08-26T02:46:43","slug":"vis-inviolable-10x60","status":"publish","type":"product","link":"https:\/\/topholds.com\/fr\/offre\/ancrages\/ancrages-mur\/vis-inviolable-10x60\/","title":{"rendered":"Vis Inviolable 10\u00d760"},"content":{"rendered":"<p>Le <strong>vis inviolable 10&#215;60<\/strong> est con\u00e7u avec un m\u00e9canisme pour le rendre inviolable une fois serr\u00e9, simplement en pla\u00e7ant une \u00e9toile sur la t\u00eate de la vis.<\/p>\n<p>Consulter le prix pour les grandes quantit\u00e9s.<\/p>\n","protected":false},"excerpt":{"rendered":"<ul>\n<li>Ancrage m\u00e9tallique<\/li>\n<li>Possibilit\u00e9 de le rendre inviolable une fois serr\u00e9.<\/li>\n<li>Disponible en grandes quantit\u00e9s.<\/li>\n<\/ul>\n","protected":false},"featured_media":4952,"comment_status":"open","ping_status":"closed","template":"","meta":[],"product_brand":[],"product_cat":[430,434],"product_tag":[],"class_list":{"0":"post-16472","1":"product","2":"type-product","3":"status-publish","4":"has-post-thumbnail","6":"product_cat-ancrages","7":"product_cat-ancrages-mur","9":"first","10":"instock","11":"taxable","12":"shipping-taxable","13":"purchasable","14":"product-type-simple"},"_links":{"self":[{"href":"https:\/\/topholds.com\/fr\/wp-json\/wp\/v2\/product\/16472","targetHints":{"allow":["GET"]}}],"collection":[{"href":"https:\/\/topholds.com\/fr\/wp-json\/wp\/v2\/product"}],"about":[{"href":"https:\/\/topholds.com\/fr\/wp-json\/wp\/v2\/types\/product"}],"replies":[{"embeddable":true,"href":"https:\/\/topholds.com\/fr\/wp-json\/wp\/v2\/comments?post=16472"}],"wp:featuredmedia":[{"embeddable":true,"href":"https:\/\/topholds.com\/fr\/wp-json\/wp\/v2\/media\/4952"}],"wp:attachment":[{"href":"https:\/\/topholds.com\/fr\/wp-json\/wp\/v2\/media?parent=16472"}],"wp:term":[{"taxonomy":"product_brand","embeddable":true,"href":"https:\/\/topholds.com\/fr\/wp-json\/wp\/v2\/product_brand?post=16472"},{"taxonomy":"product_cat","embeddable":true,"href":"https:\/\/topholds.com\/fr\/wp-json\/wp\/v2\/product_cat?post=16472"},{"taxonomy":"product_tag","embeddable":true,"href":"https:\/\/topholds.com\/fr\/wp-json\/wp\/v2\/product_tag?post=16472"}],"curies":[{"name":"wp","href":"https:\/\/api.w.org\/{rel}","templated":true}]}}