{"id":16477,"date":"2016-09-08T19:47:22","date_gmt":"2016-09-08T19:47:22","guid":{"rendered":"https:\/\/topholds.com\/porte-cles-prises-escalade-bulder\/"},"modified":"2024-08-26T02:47:53","modified_gmt":"2024-08-26T02:47:53","slug":"porte-cles-prises-escalade-bulder","status":"publish","type":"product","link":"https:\/\/topholds.com\/fr\/offre\/accessoires-escalade\/porte-cles\/porte-cles-prises-escalade-bulder\/","title":{"rendered":"Porte-cl\u00e9s Prises d&rsquo;escalade Bulder"},"content":{"rendered":"<p>Le <strong>portefeuille en forme de prise d&rsquo;escalade Bulder<\/strong> a \u00e9t\u00e9 con\u00e7u sp\u00e9cialement pour les passionn\u00e9s d&rsquo;escalade et d&rsquo;aventure.<\/p>\n<p>Cet accessoire n&rsquo;est pas seulement fonctionnel, mais il <strong>\u00e9voque des \u00e9motions positives chaque fois que vous prenez vos cl\u00e9s<\/strong>. Le porte-cl\u00e9s parfait pour ceux qui cherchent \u00e0 garder vivante la flamme de l&rsquo;aventure \u00e0 tout moment.<\/p>\n<p>Veuillez noter que les couleurs du produit peuvent varier par rapport \u00e0 l&rsquo;image affich\u00e9e. Si vous souhaitez une couleur sp\u00e9cifique, n&rsquo;h\u00e9sitez pas \u00e0 nous contacter.<\/p>\n","protected":false},"excerpt":{"rendered":"<ul>\n<li>Porte-cl\u00e9s en forme de prise d&rsquo;escalade.<\/li>\n<\/ul>\n","protected":false},"featured_media":18666,"comment_status":"open","ping_status":"closed","template":"","meta":[],"product_brand":[],"product_cat":[426,438],"product_tag":[],"class_list":{"0":"post-16477","1":"product","2":"type-product","3":"status-publish","4":"has-post-thumbnail","6":"product_cat-accessoires-escalade","7":"product_cat-porte-cles","9":"first","10":"outofstock","11":"taxable","12":"shipping-taxable","13":"purchasable","14":"product-type-simple"},"_links":{"self":[{"href":"https:\/\/topholds.com\/fr\/wp-json\/wp\/v2\/product\/16477","targetHints":{"allow":["GET"]}}],"collection":[{"href":"https:\/\/topholds.com\/fr\/wp-json\/wp\/v2\/product"}],"about":[{"href":"https:\/\/topholds.com\/fr\/wp-json\/wp\/v2\/types\/product"}],"replies":[{"embeddable":true,"href":"https:\/\/topholds.com\/fr\/wp-json\/wp\/v2\/comments?post=16477"}],"wp:featuredmedia":[{"embeddable":true,"href":"https:\/\/topholds.com\/fr\/wp-json\/wp\/v2\/media\/18666"}],"wp:attachment":[{"href":"https:\/\/topholds.com\/fr\/wp-json\/wp\/v2\/media?parent=16477"}],"wp:term":[{"taxonomy":"product_brand","embeddable":true,"href":"https:\/\/topholds.com\/fr\/wp-json\/wp\/v2\/product_brand?post=16477"},{"taxonomy":"product_cat","embeddable":true,"href":"https:\/\/topholds.com\/fr\/wp-json\/wp\/v2\/product_cat?post=16477"},{"taxonomy":"product_tag","embeddable":true,"href":"https:\/\/topholds.com\/fr\/wp-json\/wp\/v2\/product_tag?post=16477"}],"curies":[{"name":"wp","href":"https:\/\/api.w.org\/{rel}","templated":true}]}}