{"id":16482,"date":"2016-10-09T16:58:07","date_gmt":"2016-10-09T16:58:07","guid":{"rendered":"https:\/\/topholds.com\/ancre-beton-m10\/"},"modified":"2024-08-26T02:49:22","modified_gmt":"2024-08-26T02:49:22","slug":"ancre-beton-m10","status":"publish","type":"product","link":"https:\/\/topholds.com\/fr\/offre\/ancrages\/ancrages-mur\/ancre-beton-m10\/","title":{"rendered":"Ancre pour B\u00e9ton M10"},"content":{"rendered":"<p>Le <strong>taco de golpe pour b\u00e9ton M10<\/strong> est con\u00e7u pour supporter de lourdes charges. Cet ancrage est id\u00e9al pour assurer vos prises d&rsquo;escalade en toute s\u00e9curit\u00e9.<\/p>\n<p>Instructions d&rsquo;installation (visitez notre blog pour un tutoriel illustr\u00e9) :<\/p>\n<ol>\n<li>R\u00e9alis\u00e9 un per\u00e7age dans le b\u00e9ton \u00e0 l&rsquo;aide d&rsquo;une m\u00e8che de 12 mm.<\/li>\n<li>Ins\u00e9rez le taco dans le trou cr\u00e9\u00e9.<\/li>\n<li>Frappez doucement le c\u00f4ne int\u00e9rieur avec un maillet pour que l&rsquo;ancrage se fixe solidement en place.<\/li>\n<li>Enfin, installez la prise \u00e0 l&rsquo;aide d&rsquo;une vis Allen M10.<\/li>\n<\/ol>\n<p>Cet ancrage dispose de <strong>l&rsquo;homologation europ\u00e9enne pour des applications non structurelles dans le b\u00e9ton fissur\u00e9 et non fissur\u00e9<\/strong>, garantissant sa qualit\u00e9 et sa r\u00e9sistance.<\/p>\n<p>Pour des informations sur des prix sp\u00e9ciaux pour les grandes quantit\u00e9s, n&rsquo;h\u00e9sitez pas \u00e0 nous consulter.<\/p>\n","protected":false},"excerpt":{"rendered":"<ul>\n<li>Ancres femelles avec c\u00f4ne int\u00e9rieur pour charges lourdes.<\/li>\n<li>Homologation europ\u00e9enne.<\/li>\n<li>Disponible en grandes quantit\u00e9s.<\/li>\n<\/ul>\n","protected":false},"featured_media":18671,"comment_status":"open","ping_status":"closed","template":"","meta":[],"product_brand":[],"product_cat":[430,434],"product_tag":[],"class_list":{"0":"post-16482","1":"product","2":"type-product","3":"status-publish","4":"has-post-thumbnail","6":"product_cat-ancrages","7":"product_cat-ancrages-mur","9":"first","10":"instock","11":"taxable","12":"shipping-taxable","13":"purchasable","14":"product-type-simple"},"_links":{"self":[{"href":"https:\/\/topholds.com\/fr\/wp-json\/wp\/v2\/product\/16482","targetHints":{"allow":["GET"]}}],"collection":[{"href":"https:\/\/topholds.com\/fr\/wp-json\/wp\/v2\/product"}],"about":[{"href":"https:\/\/topholds.com\/fr\/wp-json\/wp\/v2\/types\/product"}],"replies":[{"embeddable":true,"href":"https:\/\/topholds.com\/fr\/wp-json\/wp\/v2\/comments?post=16482"}],"wp:featuredmedia":[{"embeddable":true,"href":"https:\/\/topholds.com\/fr\/wp-json\/wp\/v2\/media\/18671"}],"wp:attachment":[{"href":"https:\/\/topholds.com\/fr\/wp-json\/wp\/v2\/media?parent=16482"}],"wp:term":[{"taxonomy":"product_brand","embeddable":true,"href":"https:\/\/topholds.com\/fr\/wp-json\/wp\/v2\/product_brand?post=16482"},{"taxonomy":"product_cat","embeddable":true,"href":"https:\/\/topholds.com\/fr\/wp-json\/wp\/v2\/product_cat?post=16482"},{"taxonomy":"product_tag","embeddable":true,"href":"https:\/\/topholds.com\/fr\/wp-json\/wp\/v2\/product_tag?post=16482"}],"curies":[{"name":"wp","href":"https:\/\/api.w.org\/{rel}","templated":true}]}}