{"id":16492,"date":"2016-10-15T22:31:21","date_gmt":"2016-10-15T22:31:21","guid":{"rendered":"https:\/\/topholds.com\/oferta\/presas-escalada\/lote-presas-bebe\/lot-prises-bebe\/"},"modified":"2026-03-29T10:47:31","modified_gmt":"2026-03-29T10:47:31","slug":"lot-prises-bebe","status":"publish","type":"product","link":"https:\/\/topholds.com\/fr\/offre\/prises-escalade\/enfants\/lot-prises-bebe\/","title":{"rendered":"Lot Prises B\u00e9b\u00e9"},"content":{"rendered":"<p>Le <strong>lot de prises pour b\u00e9b\u00e9 comprend 19 prises d&rsquo;escalade<\/strong> avec une texture douce, sp\u00e9cialement s\u00e9lectionn\u00e9es pour leur <strong>facilit\u00e9 de prise en main pour les petites mains des b\u00e9b\u00e9s<\/strong>.<\/p>\n<p>Ajoutez de la couleur et du plaisir \u00e0 votre mur d&rsquo;escalade, cr\u00e9ant ainsi un environnement attrayant et stimulant pour les jeunes grimpeurs.<\/p>\n<p>Pour <strong>installer les prises sur un plateau de jusqu&rsquo;\u00e0 19 mm<\/strong>, le kit d&rsquo;ancrages suivant est recommand\u00e9 (voir \u00ab\u00a0ensemble d&rsquo;ancrages pour lot de prises b\u00e9b\u00e9\u00a0\u00bb) :<\/p>\n<ul>\n<li>19 vis allen M10x40<\/li>\n<li>19 \u00e9crous araign\u00e9e M10 (des vis et \u00e9crous M8 peuvent \u00e9galement \u00eatre utilis\u00e9s)<\/li>\n<\/ul>\n<p>Si vous souhaitez installer les prises sur d&rsquo;autres surfaces, comme la brique, le b\u00e9ton ou la pierre, n&rsquo;h\u00e9sitez pas \u00e0 nous consulter pour obtenir la meilleure solution de montage.<\/p>\n<p>Si vous avez besoin d&rsquo;un lot de taille diff\u00e9rente, contactez-nous et nous serons ravis de vous conseiller pour en cr\u00e9er un personnalis\u00e9 selon vos besoins.<\/p>\n<p>Veuillez noter que les couleurs du produit peuvent varier par rapport \u00e0 l&rsquo;image montr\u00e9e, mais elles seront toujours vari\u00e9es. Si vous souhaitez une couleur sp\u00e9cifique, n&rsquo;h\u00e9sitez pas \u00e0 nous contacter.<\/p>\n","protected":false},"excerpt":{"rendered":"<ul>\n<li>Stimule l&rsquo;int\u00e9r\u00eat et le plaisir des b\u00e9b\u00e9s pour l&rsquo;escalade.<\/li>\n<li>Con\u00e7u sp\u00e9cifiquement pour les petites mains.<\/li>\n<li>Texture douce et agr\u00e9able.<\/li>\n<li>Installation facile.<\/li>\n<\/ul>\n","protected":false},"featured_media":18696,"comment_status":"open","ping_status":"closed","template":"","meta":[],"product_brand":[],"product_cat":[431],"product_tag":[],"class_list":{"0":"post-16492","1":"product","2":"type-product","3":"status-publish","4":"has-post-thumbnail","6":"product_cat-enfants","8":"first","9":"instock","10":"taxable","11":"shipping-taxable","12":"purchasable","13":"product-type-simple"},"_links":{"self":[{"href":"https:\/\/topholds.com\/fr\/wp-json\/wp\/v2\/product\/16492","targetHints":{"allow":["GET"]}}],"collection":[{"href":"https:\/\/topholds.com\/fr\/wp-json\/wp\/v2\/product"}],"about":[{"href":"https:\/\/topholds.com\/fr\/wp-json\/wp\/v2\/types\/product"}],"replies":[{"embeddable":true,"href":"https:\/\/topholds.com\/fr\/wp-json\/wp\/v2\/comments?post=16492"}],"wp:featuredmedia":[{"embeddable":true,"href":"https:\/\/topholds.com\/fr\/wp-json\/wp\/v2\/media\/18696"}],"wp:attachment":[{"href":"https:\/\/topholds.com\/fr\/wp-json\/wp\/v2\/media?parent=16492"}],"wp:term":[{"taxonomy":"product_brand","embeddable":true,"href":"https:\/\/topholds.com\/fr\/wp-json\/wp\/v2\/product_brand?post=16492"},{"taxonomy":"product_cat","embeddable":true,"href":"https:\/\/topholds.com\/fr\/wp-json\/wp\/v2\/product_cat?post=16492"},{"taxonomy":"product_tag","embeddable":true,"href":"https:\/\/topholds.com\/fr\/wp-json\/wp\/v2\/product_tag?post=16492"}],"curies":[{"name":"wp","href":"https:\/\/api.w.org\/{rel}","templated":true}]}}