{"id":16497,"date":"2016-11-01T14:35:17","date_gmt":"2016-11-01T14:35:17","guid":{"rendered":"https:\/\/topholds.com\/oferta\/presas-escalada\/crono\/crono\/"},"modified":"2024-08-26T02:52:42","modified_gmt":"2024-08-26T02:52:42","slug":"crono","status":"publish","type":"product","link":"https:\/\/topholds.com\/fr\/offre\/prises-escalade\/crono\/","title":{"rendered":"Pack Prises d&rsquo;escalade Crono"},"content":{"rendered":"<p><strong>Crono est un pack de 6 prises d&rsquo;escalade<\/strong> avec une texture sableuse, con\u00e7ues pour s&rsquo;adapter \u00e0 divers styles et niveaux de comp\u00e9tence.<\/p>\n<p>Il est recommand\u00e9 d&rsquo;<strong>utiliser des vis M10x40 ou M8x40<\/strong> pour garantir une installation s\u00fbre et durable sur votre mur d&rsquo;escalade.<\/p>\n<p>Chaque prise dispose d&rsquo;un <strong>trou pour vis anti-rotation<\/strong>, offrant une plus grande stabilit\u00e9 et \u00e9vitant tout mouvement ind\u00e9sirable pendant l&rsquo;utilisation.<\/p>\n<p>Veuillez noter que les couleurs du produit peuvent varier par rapport \u00e0 l&rsquo;image affich\u00e9e. Si vous souhaitez une couleur sp\u00e9cifique, n&rsquo;h\u00e9sitez pas \u00e0 nous contacter.<\/p>\n","protected":false},"excerpt":{"rendered":"<ul>\n<li>Crono est un ensemble de 6 prises d&rsquo;escalade.<\/li>\n<li>Texture gr\u00e9s.<\/li>\n<li>Toutes les prises sont dot\u00e9es d&rsquo;un trou pour vis anti-rotation.<\/li>\n<\/ul>\n<p>&nbsp;<\/p>\n<p>&nbsp;<\/p>\n","protected":false},"featured_media":18561,"comment_status":"open","ping_status":"closed","template":"","meta":[],"product_brand":[],"product_cat":[429],"product_tag":[],"class_list":{"0":"post-16497","1":"product","2":"type-product","3":"status-publish","4":"has-post-thumbnail","6":"product_cat-prises-escalade","8":"first","9":"instock","10":"sale","11":"taxable","12":"shipping-taxable","13":"purchasable","14":"product-type-simple"},"_links":{"self":[{"href":"https:\/\/topholds.com\/fr\/wp-json\/wp\/v2\/product\/16497","targetHints":{"allow":["GET"]}}],"collection":[{"href":"https:\/\/topholds.com\/fr\/wp-json\/wp\/v2\/product"}],"about":[{"href":"https:\/\/topholds.com\/fr\/wp-json\/wp\/v2\/types\/product"}],"replies":[{"embeddable":true,"href":"https:\/\/topholds.com\/fr\/wp-json\/wp\/v2\/comments?post=16497"}],"wp:featuredmedia":[{"embeddable":true,"href":"https:\/\/topholds.com\/fr\/wp-json\/wp\/v2\/media\/18561"}],"wp:attachment":[{"href":"https:\/\/topholds.com\/fr\/wp-json\/wp\/v2\/media?parent=16497"}],"wp:term":[{"taxonomy":"product_brand","embeddable":true,"href":"https:\/\/topholds.com\/fr\/wp-json\/wp\/v2\/product_brand?post=16497"},{"taxonomy":"product_cat","embeddable":true,"href":"https:\/\/topholds.com\/fr\/wp-json\/wp\/v2\/product_cat?post=16497"},{"taxonomy":"product_tag","embeddable":true,"href":"https:\/\/topholds.com\/fr\/wp-json\/wp\/v2\/product_tag?post=16497"}],"curies":[{"name":"wp","href":"https:\/\/api.w.org\/{rel}","templated":true}]}}