{"id":16507,"date":"2016-11-01T17:01:32","date_gmt":"2016-11-01T17:01:32","guid":{"rendered":"https:\/\/topholds.com\/oferta\/presas-escalada\/keops\/keops\/"},"modified":"2024-08-26T02:54:53","modified_gmt":"2024-08-26T02:54:53","slug":"keops","status":"publish","type":"product","link":"https:\/\/topholds.com\/fr\/offre\/prises-escalade\/keops\/","title":{"rendered":"Pack Prises d&rsquo;escalade Keops"},"content":{"rendered":"<p><strong>Keops est un pack de 3 prises de grimpe poly\u00e9driques<\/strong>, se distinguant par ses angles vari\u00e9s et sa texture granuleuse, con\u00e7ues pour enrichir et d\u00e9fier vos entra\u00eenements d&rsquo;escalade.<\/p>\n<p>La texture granuleuse des <strong>prises Keops offre une excellente prise et une sensation authentique<\/strong> pendant l&rsquo;escalade.<\/p>\n<p>Il est recommand\u00e9 <strong>d&rsquo;utiliser des vis M10x40 ou M8x40<\/strong> pour garantir une fixation solide et durable. De plus, chaque prise est \u00e9quip\u00e9e d&rsquo;un trou pour vis anti-rotation, offrant une plus grande stabilit\u00e9 et s\u00e9curit\u00e9 lors de son utilisation.<\/p>\n<p>Veuillez noter que les couleurs du produit peuvent varier par rapport \u00e0 l&rsquo;image affich\u00e9e. Si vous souhaitez une couleur sp\u00e9cifique, n&rsquo;h\u00e9sitez pas \u00e0 nous contacter.<\/p>\n","protected":false},"excerpt":{"rendered":"<ul>\n<li>Keops est un lot de 3 prises d&rsquo;escalade poly\u00e9driques avec diff\u00e9rents angles.<\/li>\n<li>Texture sablonneuse.<\/li>\n<li>Toutes les prises sont \u00e9quip\u00e9es d&rsquo;un trou pour vis anti-rotation.<\/li>\n<\/ul>\n<p>&nbsp;<\/p>\n","protected":false},"featured_media":5050,"comment_status":"open","ping_status":"closed","template":"","meta":[],"product_brand":[],"product_cat":[429],"product_tag":[],"class_list":{"0":"post-16507","1":"product","2":"type-product","3":"status-publish","4":"has-post-thumbnail","6":"product_cat-prises-escalade","8":"first","9":"instock","10":"taxable","11":"shipping-taxable","12":"purchasable","13":"product-type-simple"},"_links":{"self":[{"href":"https:\/\/topholds.com\/fr\/wp-json\/wp\/v2\/product\/16507","targetHints":{"allow":["GET"]}}],"collection":[{"href":"https:\/\/topholds.com\/fr\/wp-json\/wp\/v2\/product"}],"about":[{"href":"https:\/\/topholds.com\/fr\/wp-json\/wp\/v2\/types\/product"}],"replies":[{"embeddable":true,"href":"https:\/\/topholds.com\/fr\/wp-json\/wp\/v2\/comments?post=16507"}],"wp:featuredmedia":[{"embeddable":true,"href":"https:\/\/topholds.com\/fr\/wp-json\/wp\/v2\/media\/5050"}],"wp:attachment":[{"href":"https:\/\/topholds.com\/fr\/wp-json\/wp\/v2\/media?parent=16507"}],"wp:term":[{"taxonomy":"product_brand","embeddable":true,"href":"https:\/\/topholds.com\/fr\/wp-json\/wp\/v2\/product_brand?post=16507"},{"taxonomy":"product_cat","embeddable":true,"href":"https:\/\/topholds.com\/fr\/wp-json\/wp\/v2\/product_cat?post=16507"},{"taxonomy":"product_tag","embeddable":true,"href":"https:\/\/topholds.com\/fr\/wp-json\/wp\/v2\/product_tag?post=16507"}],"curies":[{"name":"wp","href":"https:\/\/api.w.org\/{rel}","templated":true}]}}