{"id":16512,"date":"2016-11-01T17:11:24","date_gmt":"2016-11-01T17:11:24","guid":{"rendered":"https:\/\/topholds.com\/oferta\/presas-escalada\/kefren\/kefren\/"},"modified":"2024-08-26T02:55:42","modified_gmt":"2024-08-26T02:55:42","slug":"kefren","status":"publish","type":"product","link":"https:\/\/topholds.com\/fr\/offre\/prises-escalade\/kefren\/","title":{"rendered":"Pack Prises d&rsquo;escalade Kefren"},"content":{"rendered":"<p><strong>Kefren est un pack de 3 prises de grimpe poly\u00e9driques<\/strong>, caract\u00e9ris\u00e9es par leurs diff\u00e9rents angles et texture granuleuse, con\u00e7ues pour apporter polyvalence et d\u00e9fi \u00e0 vos entra\u00eenements d&rsquo;escalade.<\/p>\n<p>La texture granuleuse des <em>prises Kefren<\/em> offre un <strong>grip optimal et une sensation r\u00e9aliste<\/strong> lors de l&rsquo;escalade.<\/p>\n<p>Pour son installation, il est recommand\u00e9 d&rsquo;<strong>utiliser des vis M10x40 ou M8x40<\/strong>. De plus, chaque prise est \u00e9quip\u00e9e d&rsquo;un trou pour vis anti-rotation, garantissant une plus grande stabilit\u00e9 et s\u00e9curit\u00e9 lors de son utilisation.<\/p>\n<p>Veuillez noter que les couleurs du produit peuvent varier par rapport \u00e0 l&rsquo;image affich\u00e9e. Si vous souhaitez une couleur sp\u00e9cifique, n&rsquo;h\u00e9sitez pas \u00e0 nous contacter.<\/p>\n","protected":false},"excerpt":{"rendered":"<ul>\n<li>Kefren est un lot de 3 prises d&rsquo;escalade poly\u00e9driques avec diff\u00e9rents angles.<\/li>\n<li>Texture gr\u00e9seuse.<\/li>\n<li>Toutes les prises sont fournies avec un trou pour vis anti-rotation.<\/li>\n<\/ul>\n<p>&nbsp;<\/p>\n","protected":false},"featured_media":18741,"comment_status":"open","ping_status":"closed","template":"","meta":[],"product_brand":[],"product_cat":[429],"product_tag":[],"class_list":{"0":"post-16512","1":"product","2":"type-product","3":"status-publish","4":"has-post-thumbnail","6":"product_cat-prises-escalade","8":"first","9":"instock","10":"taxable","11":"shipping-taxable","12":"purchasable","13":"product-type-simple"},"_links":{"self":[{"href":"https:\/\/topholds.com\/fr\/wp-json\/wp\/v2\/product\/16512","targetHints":{"allow":["GET"]}}],"collection":[{"href":"https:\/\/topholds.com\/fr\/wp-json\/wp\/v2\/product"}],"about":[{"href":"https:\/\/topholds.com\/fr\/wp-json\/wp\/v2\/types\/product"}],"replies":[{"embeddable":true,"href":"https:\/\/topholds.com\/fr\/wp-json\/wp\/v2\/comments?post=16512"}],"wp:featuredmedia":[{"embeddable":true,"href":"https:\/\/topholds.com\/fr\/wp-json\/wp\/v2\/media\/18741"}],"wp:attachment":[{"href":"https:\/\/topholds.com\/fr\/wp-json\/wp\/v2\/media?parent=16512"}],"wp:term":[{"taxonomy":"product_brand","embeddable":true,"href":"https:\/\/topholds.com\/fr\/wp-json\/wp\/v2\/product_brand?post=16512"},{"taxonomy":"product_cat","embeddable":true,"href":"https:\/\/topholds.com\/fr\/wp-json\/wp\/v2\/product_cat?post=16512"},{"taxonomy":"product_tag","embeddable":true,"href":"https:\/\/topholds.com\/fr\/wp-json\/wp\/v2\/product_tag?post=16512"}],"curies":[{"name":"wp","href":"https:\/\/api.w.org\/{rel}","templated":true}]}}