{"id":16517,"date":"2016-11-01T17:18:18","date_gmt":"2016-11-01T17:18:18","guid":{"rendered":"https:\/\/topholds.com\/oferta\/presas-escalada\/hiperion\/hiperion\/"},"modified":"2024-11-19T09:51:35","modified_gmt":"2024-11-19T09:51:35","slug":"hiperion","status":"publish","type":"product","link":"https:\/\/topholds.com\/fr\/offre\/prises-escalade\/hiperion\/","title":{"rendered":"Prises d&rsquo;escalade Hiperion"},"content":{"rendered":"<p><strong>Hiperion est une prise d&rsquo;escalade<\/strong> tr\u00e8s polyvalente, avec <strong>de multiples prises pour une ou deux mains<\/strong>, adaptable \u00e0 n&rsquo;importe quel d\u00e9vers et con\u00e7ue pour enrichir vos entra\u00eenements d&rsquo;escalade.<\/p>\n<p>Il vous suffit de faire pivoter la <em>prise Hiperion<\/em> pour obtenir une <strong>exp\u00e9rience de prise compl\u00e8tement diff\u00e9rente<\/strong>, vous permettant d&rsquo;explorer de nouvelles possibilit\u00e9s et d\u00e9fis lors de vos sessions d&rsquo;escalade.<\/p>\n<p>La texture sablonneuse de Hiperion <strong>offre une prise optimale et une sensation r\u00e9aliste<\/strong> pendant l&rsquo;escalade.<\/p>\n<p>Avec des dimensions de 300 x 100 x 105 mm, la prise Hiperion propose une taille appropri\u00e9e pour s&rsquo;adapter \u00e0 diff\u00e9rents styles et techniques d&rsquo;escalade.<\/p>\n<p>Pour l&rsquo;installation, il est recommand\u00e9 d&rsquo;<strong>utiliser des vis M10x50 ou M8x50<\/strong>. De plus, la prise dispose de deux trous suppl\u00e9mentaires pour des tirefonds.<\/p>\n<p>Veuillez noter que les couleurs du produit peuvent varier par rapport \u00e0 l&rsquo;image affich\u00e9e. Si vous souhaitez une couleur sp\u00e9cifique, n&rsquo;h\u00e9sitez pas \u00e0 nous contacter.<\/p>\n","protected":false},"excerpt":{"rendered":"<ul>\n<li>Prise tr\u00e8s polyvalente avec plusieurs options de prise \u00e0 une ou deux mains.<\/li>\n<li>Convient \u00e0 tout surplomb.<\/li>\n<li>Nous obtiendrons une prise compl\u00e8tement diff\u00e9rente rien qu&rsquo;en la faisant tourner.<\/li>\n<li>Texture sablonneuse.<\/li>\n<li>\u00c9quip\u00e9e de deux trous suppl\u00e9mentaires pour vis autoforeuses.<\/li>\n<\/ul>\n<p>&nbsp;<\/p>\n<p>&nbsp;<\/p>\n","protected":false},"featured_media":18761,"comment_status":"open","ping_status":"closed","template":"","meta":[],"product_brand":[],"product_cat":[429],"product_tag":[],"class_list":{"0":"post-16517","1":"product","2":"type-product","3":"status-publish","4":"has-post-thumbnail","6":"product_cat-prises-escalade","8":"first","9":"instock","10":"sale","11":"taxable","12":"shipping-taxable","13":"purchasable","14":"product-type-simple"},"_links":{"self":[{"href":"https:\/\/topholds.com\/fr\/wp-json\/wp\/v2\/product\/16517","targetHints":{"allow":["GET"]}}],"collection":[{"href":"https:\/\/topholds.com\/fr\/wp-json\/wp\/v2\/product"}],"about":[{"href":"https:\/\/topholds.com\/fr\/wp-json\/wp\/v2\/types\/product"}],"replies":[{"embeddable":true,"href":"https:\/\/topholds.com\/fr\/wp-json\/wp\/v2\/comments?post=16517"}],"wp:featuredmedia":[{"embeddable":true,"href":"https:\/\/topholds.com\/fr\/wp-json\/wp\/v2\/media\/18761"}],"wp:attachment":[{"href":"https:\/\/topholds.com\/fr\/wp-json\/wp\/v2\/media?parent=16517"}],"wp:term":[{"taxonomy":"product_brand","embeddable":true,"href":"https:\/\/topholds.com\/fr\/wp-json\/wp\/v2\/product_brand?post=16517"},{"taxonomy":"product_cat","embeddable":true,"href":"https:\/\/topholds.com\/fr\/wp-json\/wp\/v2\/product_cat?post=16517"},{"taxonomy":"product_tag","embeddable":true,"href":"https:\/\/topholds.com\/fr\/wp-json\/wp\/v2\/product_tag?post=16517"}],"curies":[{"name":"wp","href":"https:\/\/api.w.org\/{rel}","templated":true}]}}