{"id":16522,"date":"2016-11-13T20:37:17","date_gmt":"2016-11-13T20:37:17","guid":{"rendered":"https:\/\/topholds.com\/oferta\/presas-escalada\/oceano\/oceano\/"},"modified":"2024-08-26T02:57:39","modified_gmt":"2024-08-26T02:57:39","slug":"oceano","status":"publish","type":"product","link":"https:\/\/topholds.com\/fr\/offre\/prises-escalade\/oceano\/","title":{"rendered":"Prises d&rsquo;escalade Oc\u00e9ano"},"content":{"rendered":"<p><strong>Oc\u00e9ano est une prise d&rsquo;escalade<\/strong> tr\u00e8s polyvalente, avec de multiples prises pour une ou deux mains, adaptable \u00e0 tout surplomb et parfaite pour enrichir vos entra\u00eenements.<\/p>\n<p>Il vous suffit de faire pivoter la <em>prise Oc\u00e9ano<\/em> pour obtenir <strong>une exp\u00e9rience de prise compl\u00e8tement diff\u00e9rente<\/strong>, vous permettant d&rsquo;explorer de nouvelles possibilit\u00e9s et d\u00e9fis lors de vos s\u00e9ances d&rsquo;escalade.<\/p>\n<p>La <strong>texture granuleuse<\/strong> de la prise Oc\u00e9ano offre une <strong>adh\u00e9rence optimale et une sensation r\u00e9aliste<\/strong> pendant l&rsquo;escalade.<\/p>\n<p>Avec des <strong>dimensions de 295 x 110 x 100 mm<\/strong>, la prise Oc\u00e9ano propose une taille appropri\u00e9e pour s&rsquo;adapter \u00e0 diff\u00e9rents styles et techniques d&rsquo;escalade.<\/p>\n<p>Pour son installation, il est recommand\u00e9 d&rsquo;<strong>utiliser des vis M10x50 ou M8x50<\/strong>. De plus, la prise dispose de deux trous suppl\u00e9mentaires pour vis \u00e0 bois.<\/p>\n<p>Veuillez noter que les couleurs du produit peuvent varier par rapport \u00e0 l&rsquo;image affich\u00e9e. Si vous souhaitez une couleur sp\u00e9cifique, n&rsquo;h\u00e9sitez pas \u00e0 nous contacter.<\/p>\n","protected":false},"excerpt":{"rendered":"<ul>\n<li>Prise tr\u00e8s polyvalente avec diff\u00e9rentes prises pour une ou deux mains.<\/li>\n<li>Convient \u00e0 tout type de d\u00e9vers.<\/li>\n<li>Nous obtiendrons une prise compl\u00e8tement diff\u00e9rente en la faisant simplement tourner.<\/li>\n<li>Texture sablonneuse.<\/li>\n<li>Dot\u00e9e de deux trous suppl\u00e9mentaires pour vis autotaraudeuses.<\/li>\n<\/ul>\n","protected":false},"featured_media":18766,"comment_status":"open","ping_status":"closed","template":"","meta":[],"product_brand":[],"product_cat":[429],"product_tag":[],"class_list":{"0":"post-16522","1":"product","2":"type-product","3":"status-publish","4":"has-post-thumbnail","6":"product_cat-prises-escalade","8":"first","9":"instock","10":"taxable","11":"shipping-taxable","12":"purchasable","13":"product-type-simple"},"_links":{"self":[{"href":"https:\/\/topholds.com\/fr\/wp-json\/wp\/v2\/product\/16522","targetHints":{"allow":["GET"]}}],"collection":[{"href":"https:\/\/topholds.com\/fr\/wp-json\/wp\/v2\/product"}],"about":[{"href":"https:\/\/topholds.com\/fr\/wp-json\/wp\/v2\/types\/product"}],"replies":[{"embeddable":true,"href":"https:\/\/topholds.com\/fr\/wp-json\/wp\/v2\/comments?post=16522"}],"wp:featuredmedia":[{"embeddable":true,"href":"https:\/\/topholds.com\/fr\/wp-json\/wp\/v2\/media\/18766"}],"wp:attachment":[{"href":"https:\/\/topholds.com\/fr\/wp-json\/wp\/v2\/media?parent=16522"}],"wp:term":[{"taxonomy":"product_brand","embeddable":true,"href":"https:\/\/topholds.com\/fr\/wp-json\/wp\/v2\/product_brand?post=16522"},{"taxonomy":"product_cat","embeddable":true,"href":"https:\/\/topholds.com\/fr\/wp-json\/wp\/v2\/product_cat?post=16522"},{"taxonomy":"product_tag","embeddable":true,"href":"https:\/\/topholds.com\/fr\/wp-json\/wp\/v2\/product_tag?post=16522"}],"curies":[{"name":"wp","href":"https:\/\/api.w.org\/{rel}","templated":true}]}}