{"id":16527,"date":"2016-11-13T20:53:39","date_gmt":"2016-11-13T20:53:39","guid":{"rendered":"https:\/\/topholds.com\/oferta\/presas-escalada\/minta\/minta\/"},"modified":"2024-08-26T02:58:36","modified_gmt":"2024-08-26T02:58:36","slug":"minta","status":"publish","type":"product","link":"https:\/\/topholds.com\/fr\/offre\/prises-escalade\/minta\/","title":{"rendered":"Pack Prises d&rsquo;escalade Minta"},"content":{"rendered":"<p><strong>Minta est un pack de 4 prises d&rsquo;escalade<\/strong> avec une texture sableuse, se distinguant par sa polyvalence et sa capacit\u00e9 \u00e0 offrir plusieurs types de prises.<\/p>\n<p>En tournant ces prises, vous pourrez <strong>obtenir diff\u00e9rents types de pr\u00e9hension sur le p\u00e9rim\u00e8tre, ainsi que des mono-doigts et des bi-doigts au centre<\/strong>, permettant de les adapter \u00e0 divers niveaux de difficult\u00e9 et d\u00e9fis.<\/p>\n<p>Pour garantir une installation solide et durable, il est recommand\u00e9 <strong>d&rsquo;utiliser des vis M10x40 ou M8x40<\/strong>.<\/p>\n<p>Chaque <em>prise du lot Minta<\/em> dispose d&rsquo;un <strong>trou suppl\u00e9mentaire pour une vis anti-rotation<\/strong>, assurant une plus grande stabilit\u00e9 et s\u00e9curit\u00e9 pendant son utilisation.<\/p>\n<p>Veuillez noter que les couleurs du produit peuvent varier par rapport \u00e0 l&rsquo;image affich\u00e9e. Si vous souhaitez une couleur sp\u00e9cifique, n&rsquo;h\u00e9sitez pas \u00e0 nous contacter.<\/p>\n","protected":false},"excerpt":{"rendered":"<ul>\n<li>Minta est une collection de 4 prises d&rsquo;escalade.<\/li>\n<li>Texture gr\u00e9seuse.<\/li>\n<li>Prises tr\u00e8s polyvalentes, en les tournant nous obtenons diff\u00e9rentes prises.<\/li>\n<li>Toutes avec un trou pour vis anti-rotation.<\/li>\n<\/ul>\n","protected":false},"featured_media":18786,"comment_status":"open","ping_status":"closed","template":"","meta":[],"product_brand":[],"product_cat":[429],"product_tag":[],"class_list":{"0":"post-16527","1":"product","2":"type-product","3":"status-publish","4":"has-post-thumbnail","6":"product_cat-prises-escalade","8":"first","9":"instock","10":"taxable","11":"shipping-taxable","12":"purchasable","13":"product-type-simple"},"_links":{"self":[{"href":"https:\/\/topholds.com\/fr\/wp-json\/wp\/v2\/product\/16527","targetHints":{"allow":["GET"]}}],"collection":[{"href":"https:\/\/topholds.com\/fr\/wp-json\/wp\/v2\/product"}],"about":[{"href":"https:\/\/topholds.com\/fr\/wp-json\/wp\/v2\/types\/product"}],"replies":[{"embeddable":true,"href":"https:\/\/topholds.com\/fr\/wp-json\/wp\/v2\/comments?post=16527"}],"wp:featuredmedia":[{"embeddable":true,"href":"https:\/\/topholds.com\/fr\/wp-json\/wp\/v2\/media\/18786"}],"wp:attachment":[{"href":"https:\/\/topholds.com\/fr\/wp-json\/wp\/v2\/media?parent=16527"}],"wp:term":[{"taxonomy":"product_brand","embeddable":true,"href":"https:\/\/topholds.com\/fr\/wp-json\/wp\/v2\/product_brand?post=16527"},{"taxonomy":"product_cat","embeddable":true,"href":"https:\/\/topholds.com\/fr\/wp-json\/wp\/v2\/product_cat?post=16527"},{"taxonomy":"product_tag","embeddable":true,"href":"https:\/\/topholds.com\/fr\/wp-json\/wp\/v2\/product_tag?post=16527"}],"curies":[{"name":"wp","href":"https:\/\/api.w.org\/{rel}","templated":true}]}}