{"id":16532,"date":"2016-11-13T21:07:10","date_gmt":"2016-11-13T21:07:10","guid":{"rendered":"https:\/\/topholds.com\/oferta\/presas-escalada\/loto\/loto\/"},"modified":"2024-08-26T03:00:53","modified_gmt":"2024-08-26T03:00:53","slug":"loto","status":"publish","type":"product","link":"https:\/\/topholds.com\/fr\/offre\/prises-escalade\/loto\/","title":{"rendered":"Pack Prises d&rsquo;escalade Loto"},"content":{"rendered":"<p><strong>Loto est un pack de 5 prises d&rsquo;escalade<\/strong> avec une texture de gr\u00e8s, se distinguant par sa polyvalence et sa capacit\u00e9 \u00e0 offrir de multiples prises.<\/p>\n<p>En faisant tourner ces prises, vous pourrez<strong> obtenir diff\u00e9rentes prises, y compris 2 mono-doigts en soutien<\/strong>, ce qui permet de les adapter \u00e0 diff\u00e9rents niveaux de difficult\u00e9 et d\u00e9fis.<\/p>\n<p>Pour garantir une installation solide et durable, il est recommand\u00e9 <strong>d&rsquo;utiliser des vis M10x40 ou M8x40<\/strong>.<\/p>\n<p>Chaque prise du <em>pack de prises Loto<\/em> dispose d&rsquo;un trou suppl\u00e9mentaire pour une vis anti-rotation, assurant une plus grande stabilit\u00e9 et s\u00e9curit\u00e9 pendant son utilisation.<\/p>\n<p>Veuillez noter que les couleurs du produit peuvent varier par rapport \u00e0 l&rsquo;image affich\u00e9e. Si vous d\u00e9sirez une couleur sp\u00e9cifique, n&rsquo;h\u00e9sitez pas \u00e0 nous contacter.<\/p>\n","protected":false},"excerpt":{"rendered":"<ul>\n<li>Loto est un lot de 5 prises d&rsquo;escalade.<\/li>\n<li>Texture gr\u00e9seuse.<\/li>\n<li>Prises tr\u00e8s polyvalentes, en les tournant nous obtenons diff\u00e9rentes prises, y compris 2 mono-doigts en appui.<\/li>\n<li>Toutes avec un trou pour vis anti-rotation.<\/li>\n<\/ul>\n","protected":false},"featured_media":18464,"comment_status":"open","ping_status":"closed","template":"","meta":[],"product_brand":[],"product_cat":[429],"product_tag":[],"class_list":{"0":"post-16532","1":"product","2":"type-product","3":"status-publish","4":"has-post-thumbnail","6":"product_cat-prises-escalade","8":"first","9":"instock","10":"taxable","11":"shipping-taxable","12":"purchasable","13":"product-type-simple"},"_links":{"self":[{"href":"https:\/\/topholds.com\/fr\/wp-json\/wp\/v2\/product\/16532","targetHints":{"allow":["GET"]}}],"collection":[{"href":"https:\/\/topholds.com\/fr\/wp-json\/wp\/v2\/product"}],"about":[{"href":"https:\/\/topholds.com\/fr\/wp-json\/wp\/v2\/types\/product"}],"replies":[{"embeddable":true,"href":"https:\/\/topholds.com\/fr\/wp-json\/wp\/v2\/comments?post=16532"}],"wp:featuredmedia":[{"embeddable":true,"href":"https:\/\/topholds.com\/fr\/wp-json\/wp\/v2\/media\/18464"}],"wp:attachment":[{"href":"https:\/\/topholds.com\/fr\/wp-json\/wp\/v2\/media?parent=16532"}],"wp:term":[{"taxonomy":"product_brand","embeddable":true,"href":"https:\/\/topholds.com\/fr\/wp-json\/wp\/v2\/product_brand?post=16532"},{"taxonomy":"product_cat","embeddable":true,"href":"https:\/\/topholds.com\/fr\/wp-json\/wp\/v2\/product_cat?post=16532"},{"taxonomy":"product_tag","embeddable":true,"href":"https:\/\/topholds.com\/fr\/wp-json\/wp\/v2\/product_tag?post=16532"}],"curies":[{"name":"wp","href":"https:\/\/api.w.org\/{rel}","templated":true}]}}