{"id":16537,"date":"2016-11-20T12:23:35","date_gmt":"2016-11-20T12:23:35","guid":{"rendered":"https:\/\/topholds.com\/oferta\/presas-escalada\/cielo\/cielo\/"},"modified":"2024-08-26T03:02:31","modified_gmt":"2024-08-26T03:02:31","slug":"cielo","status":"publish","type":"product","link":"https:\/\/topholds.com\/fr\/offre\/prises-escalade\/cielo\/","title":{"rendered":"Pack Prises d&rsquo;escalade Cielo"},"content":{"rendered":"<p><strong>Cielo est un pack de 4 prises d&rsquo;escalade<\/strong> avec une texture en gr\u00e8s, id\u00e9ales pour d\u00e9fier vos comp\u00e9tences sur n&rsquo;importe quelle inclinaison, m\u00eame sur des toits.<\/p>\n<p>Les <em>prises Cielo<\/em> disposent d&rsquo;une <strong>texture en gr\u00e8s<\/strong> qui offre une sensation authentique et une prise optimale lors de vos sessions d&rsquo;escalade.<\/p>\n<p>Ces prises sont <strong>con\u00e7ues pour s&rsquo;adapter \u00e0 n&rsquo;importe quelle inclinaison<\/strong>, y compris les toits, offrant des d\u00e9fis et de la vari\u00e9t\u00e9 dans vos entra\u00eenements.<\/p>\n<p>Pour garantir une installation solide et durable, il est recommand\u00e9 <strong>d&rsquo;utiliser des vis M10x40 ou M8x40<\/strong>.<\/p>\n<p>Chaque prise du lot Cielo est dot\u00e9e d&rsquo;un <strong>trou suppl\u00e9mentaire pour une vis anti-rotation<\/strong>, assurant une plus grande stabilit\u00e9 et s\u00e9curit\u00e9 lors de son utilisation.<\/p>\n<p>Veuillez noter que les couleurs du produit peuvent varier par rapport \u00e0 l&rsquo;image affich\u00e9e. Si vous souhaitez une couleur sp\u00e9cifique, n&rsquo;h\u00e9sitez pas \u00e0 nous contacter.<\/p>\n","protected":false},"excerpt":{"rendered":"<ul>\n<li>Cielo est un lot de 4 prises d&rsquo;escalade.<\/li>\n<li>Texture gr\u00e9seuse.<\/li>\n<li>Prises pour tout surplomb, y compris au plafond.<\/li>\n<li>Toutes avec un trou pour vis anti-rotation.<\/li>\n<\/ul>\n","protected":false},"featured_media":18821,"comment_status":"open","ping_status":"closed","template":"","meta":[],"product_brand":[],"product_cat":[429],"product_tag":[],"class_list":{"0":"post-16537","1":"product","2":"type-product","3":"status-publish","4":"has-post-thumbnail","6":"product_cat-prises-escalade","8":"first","9":"outofstock","10":"taxable","11":"shipping-taxable","12":"purchasable","13":"product-type-simple"},"_links":{"self":[{"href":"https:\/\/topholds.com\/fr\/wp-json\/wp\/v2\/product\/16537","targetHints":{"allow":["GET"]}}],"collection":[{"href":"https:\/\/topholds.com\/fr\/wp-json\/wp\/v2\/product"}],"about":[{"href":"https:\/\/topholds.com\/fr\/wp-json\/wp\/v2\/types\/product"}],"replies":[{"embeddable":true,"href":"https:\/\/topholds.com\/fr\/wp-json\/wp\/v2\/comments?post=16537"}],"wp:featuredmedia":[{"embeddable":true,"href":"https:\/\/topholds.com\/fr\/wp-json\/wp\/v2\/media\/18821"}],"wp:attachment":[{"href":"https:\/\/topholds.com\/fr\/wp-json\/wp\/v2\/media?parent=16537"}],"wp:term":[{"taxonomy":"product_brand","embeddable":true,"href":"https:\/\/topholds.com\/fr\/wp-json\/wp\/v2\/product_brand?post=16537"},{"taxonomy":"product_cat","embeddable":true,"href":"https:\/\/topholds.com\/fr\/wp-json\/wp\/v2\/product_cat?post=16537"},{"taxonomy":"product_tag","embeddable":true,"href":"https:\/\/topholds.com\/fr\/wp-json\/wp\/v2\/product_tag?post=16537"}],"curies":[{"name":"wp","href":"https:\/\/api.w.org\/{rel}","templated":true}]}}