{"id":16542,"date":"2016-11-20T17:48:38","date_gmt":"2016-11-20T17:48:38","guid":{"rendered":"https:\/\/topholds.com\/oferta\/presas-escalada\/tiky\/tiky\/"},"modified":"2024-08-26T03:04:27","modified_gmt":"2024-08-26T03:04:27","slug":"tiky","status":"publish","type":"product","link":"https:\/\/topholds.com\/fr\/offre\/prises-escalade\/enfants\/tiky\/","title":{"rendered":"Prises d&rsquo;escalade pour Enfants Tiky"},"content":{"rendered":"<p><strong>Tiky est une prise d&rsquo;escalade pour enfants<\/strong> con\u00e7ue pour enrichir les circuits de psychomotricit\u00e9 et favoriser le jeu actif ainsi que le d\u00e9veloppement physique des plus petits.<\/p>\n<p>La prise Tiky est <strong>compatible avec des piquets, des tubes de 25 mm de diam\u00e8tre et des tubes flottants<\/strong> de 60 mm de diam\u00e8tre, offrant une grande vari\u00e9t\u00e9 d&rsquo;options pour cr\u00e9er des circuits et des activit\u00e9s.<\/p>\n<p>Avec ces prises, <strong>con\u00e7ois et construis des obstacles et des arcs d\u00e9fiants<\/strong> que les enfants devront \u00e9viter et franchir, stimulant leur coordination et leurs comp\u00e9tences motrices.<\/p>\n<p>Gr\u00e2ce \u00e0 son poids et sa stabilit\u00e9, <strong>la prise Tiky est id\u00e9ale pour \u00eatre plac\u00e9e aussi bien au sol que sur un mur<\/strong>, permettant de cr\u00e9er des arcs entre le mur et le sol ou des circuits au sol avec des piquets.<\/p>\n<p>Transforme ton espace de jeu en un environnement rempli de joie et de divertissement pour les plus petits, offrant d&rsquo;innombrables activit\u00e9s et d\u00e9fis pour les garder actifs et motiv\u00e9s.<\/p>\n<p>La prise Tiky peut \u00eatre <strong>facilement viss\u00e9e au mur en utilisant des vis M10, M8 ou des tire-fonds<\/strong>, assurant une installation solide et durable.<\/p>\n<p>Note que les couleurs du produit peuvent varier par rapport \u00e0 l&rsquo;image affich\u00e9e. Si tu souhaites une couleur sp\u00e9cifique, n&rsquo;h\u00e9site pas \u00e0 nous contacter.<\/p>\n","protected":false},"excerpt":{"rendered":"<ul>\n<li>Tiky est un dispositif d&rsquo;escalade pour enfants destin\u00e9 \u00e0 r\u00e9aliser des circuits de psychomotricit\u00e9.<\/li>\n<li>Il stimule la psychomotricit\u00e9 et le d\u00e9veloppement physique chez les enfants.<\/li>\n<li>Compatible avec des piques, des tubes de 25 mm et des tubes flottants de 60 mm.<\/li>\n<li>Il facilite la cr\u00e9ation d&rsquo;obstacles et d&rsquo;arcs dans les circuits.<\/li>\n<li>Il favorise le plaisir et le jeu chez les plus jeunes.<\/li>\n<\/ul>\n","protected":false},"featured_media":18846,"comment_status":"open","ping_status":"closed","template":"","meta":[],"product_brand":[],"product_cat":[431],"product_tag":[],"class_list":{"0":"post-16542","1":"product","2":"type-product","3":"status-publish","4":"has-post-thumbnail","6":"product_cat-enfants","8":"first","9":"instock","10":"sale","11":"taxable","12":"shipping-taxable","13":"purchasable","14":"product-type-simple"},"_links":{"self":[{"href":"https:\/\/topholds.com\/fr\/wp-json\/wp\/v2\/product\/16542","targetHints":{"allow":["GET"]}}],"collection":[{"href":"https:\/\/topholds.com\/fr\/wp-json\/wp\/v2\/product"}],"about":[{"href":"https:\/\/topholds.com\/fr\/wp-json\/wp\/v2\/types\/product"}],"replies":[{"embeddable":true,"href":"https:\/\/topholds.com\/fr\/wp-json\/wp\/v2\/comments?post=16542"}],"wp:featuredmedia":[{"embeddable":true,"href":"https:\/\/topholds.com\/fr\/wp-json\/wp\/v2\/media\/18846"}],"wp:attachment":[{"href":"https:\/\/topholds.com\/fr\/wp-json\/wp\/v2\/media?parent=16542"}],"wp:term":[{"taxonomy":"product_brand","embeddable":true,"href":"https:\/\/topholds.com\/fr\/wp-json\/wp\/v2\/product_brand?post=16542"},{"taxonomy":"product_cat","embeddable":true,"href":"https:\/\/topholds.com\/fr\/wp-json\/wp\/v2\/product_cat?post=16542"},{"taxonomy":"product_tag","embeddable":true,"href":"https:\/\/topholds.com\/fr\/wp-json\/wp\/v2\/product_tag?post=16542"}],"curies":[{"name":"wp","href":"https:\/\/api.w.org\/{rel}","templated":true}]}}