{"id":16547,"date":"2016-11-20T18:37:54","date_gmt":"2016-11-20T18:37:54","guid":{"rendered":"https:\/\/topholds.com\/oferta\/presas-escalada\/haku\/haku\/"},"modified":"2024-08-26T03:05:57","modified_gmt":"2024-08-26T03:05:57","slug":"haku","status":"publish","type":"product","link":"https:\/\/topholds.com\/fr\/offre\/prises-escalade\/enfants\/haku\/","title":{"rendered":"Prises d&rsquo;escalade pour Enfants Haku"},"content":{"rendered":"<p><strong>Haku une prise d&rsquo;escalade pour enfants<\/strong> con\u00e7ue pour cr\u00e9er des <strong>circuits de psychomotricit\u00e9<\/strong>, stimulant le jeu et l&rsquo;activit\u00e9 physique chez les plus petits.<\/p>\n<p>Haku est adapt\u00e9e pour <strong>\u00eatre utilis\u00e9e avec des tubes flottants de 60 mm de diam\u00e8tre<\/strong>, ce qui facilite une int\u00e9gration ais\u00e9e dans vos circuits et activit\u00e9s.<\/p>\n<p>Avec cette <em>prise d&rsquo;escalade<\/em>, vous pouvez <strong>cr\u00e9er des obstacles et des arcs d\u00e9fiants<\/strong> que les enfants devront contourner et traverser, favorisant leur coordination et leurs comp\u00e9tences motrices.<\/p>\n<p>Haku transforme votre mur d&rsquo;escalade en un espace plein de joie et de <strong>divertissement pour les plus jeunes<\/strong>, permettant la cr\u00e9ation de nombreuses jeux et activit\u00e9s pour les garder actifs et motiv\u00e9s.<\/p>\n<p>La prise Haku se <strong>fixe \u00e0 l&rsquo;aide de vis \u00e0 bois<\/strong>, garantissant une installation solide et durable.<\/p>\n<p>Veuillez noter que les couleurs du produit peuvent varier par rapport \u00e0 l&rsquo;image affich\u00e9e. Si vous souhaitez une couleur sp\u00e9cifique, n&rsquo;h\u00e9sitez pas \u00e0 nous contacter.<\/p>\n","protected":false},"excerpt":{"rendered":"<ul>\n<li>Haku est un dispositif pour r\u00e9aliser des circuits de psychomotricit\u00e9.<\/li>\n<li>Il stimule la psychomotricit\u00e9 et la coordination chez les enfants.<\/li>\n<li>Compatible avec des tubes flottants de 60 mm de diam\u00e8tre.<\/li>\n<li>Facilite la cr\u00e9ation d&rsquo;obstacles et d&rsquo;arcs dans les circuits.<\/li>\n<li>Offre d&rsquo;innombrables possibilit\u00e9s d&rsquo;activit\u00e9s et de jeux.<\/li>\n<\/ul>\n<p>&nbsp;<\/p>\n","protected":false},"featured_media":18851,"comment_status":"open","ping_status":"closed","template":"","meta":[],"product_brand":[],"product_cat":[431],"product_tag":[],"class_list":{"0":"post-16547","1":"product","2":"type-product","3":"status-publish","4":"has-post-thumbnail","6":"product_cat-enfants","8":"first","9":"instock","10":"taxable","11":"shipping-taxable","12":"purchasable","13":"product-type-simple"},"_links":{"self":[{"href":"https:\/\/topholds.com\/fr\/wp-json\/wp\/v2\/product\/16547","targetHints":{"allow":["GET"]}}],"collection":[{"href":"https:\/\/topholds.com\/fr\/wp-json\/wp\/v2\/product"}],"about":[{"href":"https:\/\/topholds.com\/fr\/wp-json\/wp\/v2\/types\/product"}],"replies":[{"embeddable":true,"href":"https:\/\/topholds.com\/fr\/wp-json\/wp\/v2\/comments?post=16547"}],"wp:featuredmedia":[{"embeddable":true,"href":"https:\/\/topholds.com\/fr\/wp-json\/wp\/v2\/media\/18851"}],"wp:attachment":[{"href":"https:\/\/topholds.com\/fr\/wp-json\/wp\/v2\/media?parent=16547"}],"wp:term":[{"taxonomy":"product_brand","embeddable":true,"href":"https:\/\/topholds.com\/fr\/wp-json\/wp\/v2\/product_brand?post=16547"},{"taxonomy":"product_cat","embeddable":true,"href":"https:\/\/topholds.com\/fr\/wp-json\/wp\/v2\/product_cat?post=16547"},{"taxonomy":"product_tag","embeddable":true,"href":"https:\/\/topholds.com\/fr\/wp-json\/wp\/v2\/product_tag?post=16547"}],"curies":[{"name":"wp","href":"https:\/\/api.w.org\/{rel}","templated":true}]}}