{"id":16562,"date":"2017-01-04T14:57:53","date_gmt":"2017-01-04T14:57:53","guid":{"rendered":"https:\/\/topholds.com\/oferta\/accesorios\/bola-de-magnesio-recargable\/balle-magnesie-rechargeable\/"},"modified":"2024-08-26T03:09:58","modified_gmt":"2024-08-26T03:09:58","slug":"balle-magnesie-rechargeable","status":"publish","type":"product","link":"https:\/\/topholds.com\/fr\/offre\/accessoires-escalade\/magnesie\/balle-magnesie-rechargeable\/","title":{"rendered":"Balle de Magn\u00e9sie Rechargeable"},"content":{"rendered":"<p>La <strong>bola de magn\u00e9sium rechargeable<\/strong> est une solution pratique pour garder vos mains s\u00e8ches et avoir une prise optimale pendant vos activit\u00e9s sportives.<\/p>\n<p>Avec une capacit\u00e9 de 56g de magn\u00e9sium, il suffit de remplir la balle avec du magn\u00e9sium lorsque cela est n\u00e9cessaire pour maintenir une performance optimale.<\/p>\n","protected":false},"excerpt":{"rendered":"<ul>\n<li>Boule de magn\u00e9sium rechargeable 56g.<\/li>\n<li>Obtient de l&rsquo;adh\u00e9rence et s\u00e8che tes mains sans tout salir.<\/li>\n<li>Fermeture confortable et s\u00fbre.<\/li>\n<\/ul>\n","protected":false},"featured_media":18871,"comment_status":"open","ping_status":"closed","template":"","meta":[],"product_brand":[],"product_cat":[426,440],"product_tag":[],"class_list":{"0":"post-16562","1":"product","2":"type-product","3":"status-publish","4":"has-post-thumbnail","6":"product_cat-accessoires-escalade","7":"product_cat-magnesie","8":"product_shipping_class-livraison-economique","10":"first","11":"instock","12":"taxable","13":"shipping-taxable","14":"purchasable","15":"product-type-simple"},"_links":{"self":[{"href":"https:\/\/topholds.com\/fr\/wp-json\/wp\/v2\/product\/16562","targetHints":{"allow":["GET"]}}],"collection":[{"href":"https:\/\/topholds.com\/fr\/wp-json\/wp\/v2\/product"}],"about":[{"href":"https:\/\/topholds.com\/fr\/wp-json\/wp\/v2\/types\/product"}],"replies":[{"embeddable":true,"href":"https:\/\/topholds.com\/fr\/wp-json\/wp\/v2\/comments?post=16562"}],"wp:featuredmedia":[{"embeddable":true,"href":"https:\/\/topholds.com\/fr\/wp-json\/wp\/v2\/media\/18871"}],"wp:attachment":[{"href":"https:\/\/topholds.com\/fr\/wp-json\/wp\/v2\/media?parent=16562"}],"wp:term":[{"taxonomy":"product_brand","embeddable":true,"href":"https:\/\/topholds.com\/fr\/wp-json\/wp\/v2\/product_brand?post=16562"},{"taxonomy":"product_cat","embeddable":true,"href":"https:\/\/topholds.com\/fr\/wp-json\/wp\/v2\/product_cat?post=16562"},{"taxonomy":"product_tag","embeddable":true,"href":"https:\/\/topholds.com\/fr\/wp-json\/wp\/v2\/product_tag?post=16562"}],"curies":[{"name":"wp","href":"https:\/\/api.w.org\/{rel}","templated":true}]}}