{"id":16567,"date":"2017-01-08T17:36:44","date_gmt":"2017-01-08T17:36:44","guid":{"rendered":"https:\/\/topholds.com\/oferta\/presas-escalada\/grand-canyon\/grand-canyon\/"},"modified":"2024-08-26T03:11:43","modified_gmt":"2024-08-26T03:11:43","slug":"grand-canyon","status":"publish","type":"product","link":"https:\/\/topholds.com\/fr\/offre\/prises-escalade\/grand-canyon\/","title":{"rendered":"Prises d&rsquo;escalade Grand Canyon"},"content":{"rendered":"<p><strong>Grand Canyon est une prise d&rsquo;escalade<\/strong> exceptionnellement polyvalente qui offre une large gamme de prises pour une ou deux mains r\u00e9parties sur tout son p\u00e9rim\u00e8tre. Con\u00e7ue avec une <strong>texture de gr\u00e8s douce<\/strong>, cette prise garantit une bonne adh\u00e9rence et une exp\u00e9rience d&rsquo;escalade authentique.<\/p>\n<p>Avec ses g\u00e9n\u00e9reuses <strong>dimensions de 200 mm de long, 160 mm de large et 100 mm de haut<\/strong>, la prise Grand Canyon offre une grande surface de prise pour s&rsquo;adapter \u00e0 divers styles d&rsquo;escalade.<\/p>\n<p>Pour son installation, il est recommand\u00e9 <strong>d&rsquo;utiliser des vis M10x50 ou M8x50<\/strong>. De plus, elle dispose de deux trous suppl\u00e9mentaires con\u00e7us pour vis \u00e0 bois, offrant une plus grande stabilit\u00e9 et s\u00e9curit\u00e9.<\/p>\n<p>Veuillez noter que les couleurs du produit peuvent varier par rapport \u00e0 l&rsquo;image affich\u00e9e. Si vous souhaitez une couleur sp\u00e9cifique, n&rsquo;h\u00e9sitez pas \u00e0 nous contacter.<\/p>\n","protected":false},"excerpt":{"rendered":"<ul>\n<li>Vari\u00e9s poign\u00e9es pour une ou deux mains r\u00e9parties sur tout le p\u00e9rim\u00e8tre.<\/li>\n<li>Texture sablonneuse.<\/li>\n<li\u00c9quip\u00e9e de deux trous suppl\u00e9mentaires pour vis \u00e0 bois.<\/li>\n<\/ul>\n<p>&nbsp;<\/p>\n<p>&nbsp;<\/p>\n<p>&nbsp;<\/p>\n","protected":false},"featured_media":18926,"comment_status":"open","ping_status":"closed","template":"","meta":[],"product_brand":[],"product_cat":[429],"product_tag":[],"class_list":{"0":"post-16567","1":"product","2":"type-product","3":"status-publish","4":"has-post-thumbnail","6":"product_cat-prises-escalade","8":"first","9":"instock","10":"taxable","11":"shipping-taxable","12":"purchasable","13":"product-type-simple"},"_links":{"self":[{"href":"https:\/\/topholds.com\/fr\/wp-json\/wp\/v2\/product\/16567","targetHints":{"allow":["GET"]}}],"collection":[{"href":"https:\/\/topholds.com\/fr\/wp-json\/wp\/v2\/product"}],"about":[{"href":"https:\/\/topholds.com\/fr\/wp-json\/wp\/v2\/types\/product"}],"replies":[{"embeddable":true,"href":"https:\/\/topholds.com\/fr\/wp-json\/wp\/v2\/comments?post=16567"}],"wp:featuredmedia":[{"embeddable":true,"href":"https:\/\/topholds.com\/fr\/wp-json\/wp\/v2\/media\/18926"}],"wp:attachment":[{"href":"https:\/\/topholds.com\/fr\/wp-json\/wp\/v2\/media?parent=16567"}],"wp:term":[{"taxonomy":"product_brand","embeddable":true,"href":"https:\/\/topholds.com\/fr\/wp-json\/wp\/v2\/product_brand?post=16567"},{"taxonomy":"product_cat","embeddable":true,"href":"https:\/\/topholds.com\/fr\/wp-json\/wp\/v2\/product_cat?post=16567"},{"taxonomy":"product_tag","embeddable":true,"href":"https:\/\/topholds.com\/fr\/wp-json\/wp\/v2\/product_tag?post=16567"}],"curies":[{"name":"wp","href":"https:\/\/api.w.org\/{rel}","templated":true}]}}